{"id":749990,"date":"2025-08-28T04:09:24","date_gmt":"2025-08-28T01:09:24","guid":{"rendered":"https:\/\/roveyayinevi.com.tr\/index.php\/urun\/marxin-hareketi\/"},"modified":"2026-04-16T03:03:30","modified_gmt":"2026-04-16T00:03:30","slug":"marxin-hareketi","status":"publish","type":"product","link":"https:\/\/roveyayinevi.com.tr\/index.php\/urun\/marxin-hareketi\/","title":{"rendered":"Marx\u2019\u0131n Hareketi"},"content":{"rendered":"<p>M\u00fccadelesinin her s\u0131\u00e7rama an\u0131nda Marx\u2019\u0131 kendine yolda\u015f bilen \u0130talyan Operaismo (\u0130\u015f\u00e7icilik) hareketi \u00fczerine bir d\u00fc\u015f\u00fcnme \u00e7abas\u0131 bu kitap. Bu hareket, hem nesnelci ve erekselci Marksist gelene\u011fin bak\u0131\u015f a\u00e7\u0131s\u0131ndan hem de sermayenin diyalektik ili\u015fkisinden kopu\u015fuyla kendi ontolojik fark\u0131n\u0131 yarat\u0131r. Negri\u2019ye g\u00f6re bu ontolojik fark birbiriyle ili\u015fkili \u00fc\u00e7 temel eksende kurulur. \u0130lki canl\u0131 eme\u011fin \u00fcretken arzusu ve kudretinin i\u015f\u00e7i s\u0131n\u0131f\u0131n\u0131n bak\u0131\u015f a\u00e7\u0131s\u0131ndan politikle\u015ftirilmesi. \u0130kincisi, sermayenin teknik ve organik bile\u015fiminin i\u015f\u00e7i s\u0131n\u0131f\u0131n\u0131n politik bile\u015fimi olarak g\u00f6r\u00fcl\u00fcp yeni m\u00fccadele ve \u00f6rg\u00fctlenme bi\u00e7imlerinin ke\u015ffedilmesi. \u00dc\u00e7\u00fcnc\u00fcs\u00fc eme\u011fin, sermaye ve devleti krize sokup yeniden yap\u0131lanmaya zorlayan g\u00fcc\u00fcn\u00fcn olumlanmas\u0131. Harekete \u00f6zg\u00fcnl\u00fc\u011f\u00fcn\u00fc veren ise, i\u015f\u00e7ilerle entelekt\u00fcellerin \u201cbirlikte ara\u015ft\u0131rma\u201d denen ve m\u00fccadele halindeki i\u015f\u00e7i s\u0131n\u0131f\u0131 \u00f6znesini ve \u00f6znelli\u011fini bir \u201claboratuvara\u201d d\u00f6n\u00fc\u015ft\u00fcren metodolojiyle bu \u00fc\u00e7 ekseni s\u00fcrekli geli\u015ftirmesi. \u0130talyan Operaismo hareketini bug\u00fcn h\u00e2l\u00e2 g\u00fcncel ve etkili k\u0131lan i\u015fte bu metodoloji. Bu hareketin \u00f6zg\u00fcnl\u00fc\u011f\u00fc ve g\u00fcncelli\u011fi \u00fczerine d\u00fc\u015f\u00fcnen bu kitap, neoliberal yeniden yap\u0131lanmaya kar\u015f\u0131 verilen t\u00fcm toplumsal m\u00fccadeleleri okurken yararlanabilece\u011fimiz kavramsal bir harita sunuyor. Bug\u00fcn canl\u0131 eme\u011fin fig\u00fcr\u00fc haline \u201c\u00e7okluk\u201dun, onun \u00fcretken ve yarat\u0131c\u0131 g\u00fcc\u00fcn\u00fcn, dolay\u0131s\u0131yla ontolojik fark\u0131n\u0131n politikle\u015fmesinin imk\u00e2nlar\u0131n\u0131 ara\u015ft\u0131r\u0131yor. <\/p>\n","protected":false},"excerpt":{"rendered":"<p>M\u00fccadelesinin her s\u0131\u00e7rama an\u0131nda Marx\u2019\u0131 kendine yolda\u015f bilen \u0130talyan Operaismo (\u0130\u015f\u00e7icilik) hareketi \u00fczerine bir d\u00fc\u015f\u00fcnme \u00e7abas\u0131 bu kitap. Bu hareket, hem nesnelci ve erekselci Marksist gelene\u011fin<span class=\"excerpt-hellip\"> [\u2026]<\/span><\/p>\n","protected":false},"featured_media":0,"template":"","meta":{"_monsterinsights_skip_tracking":false,"_monsterinsights_sitenote_active":false,"_monsterinsights_sitenote_note":"","_monsterinsights_sitenote_category":0},"product_brand":[],"product_cat":[12337],"product_tag":[],"class_list":{"0":"post-749990","1":"product","2":"type-product","3":"status-publish","5":"product_cat-politika-siyaset","6":"pa_cilt-ciltsiz","7":"pa_tur-kitap","8":"pa_yayinevi-otonom-yayincilik","9":"pa_yazar-antonio-negri","11":"first","12":"instock","13":"sale","14":"shipping-taxable","15":"purchasable","16":"product-type-simple"},"_links":{"self":[{"href":"https:\/\/roveyayinevi.com.tr\/index.php\/wp-json\/wp\/v2\/product\/749990","targetHints":{"allow":["GET"]}}],"collection":[{"href":"https:\/\/roveyayinevi.com.tr\/index.php\/wp-json\/wp\/v2\/product"}],"about":[{"href":"https:\/\/roveyayinevi.com.tr\/index.php\/wp-json\/wp\/v2\/types\/product"}],"wp:attachment":[{"href":"https:\/\/roveyayinevi.com.tr\/index.php\/wp-json\/wp\/v2\/media?parent=749990"}],"wp:term":[{"taxonomy":"product_brand","embeddable":true,"href":"https:\/\/roveyayinevi.com.tr\/index.php\/wp-json\/wp\/v2\/product_brand?post=749990"},{"taxonomy":"product_cat","embeddable":true,"href":"https:\/\/roveyayinevi.com.tr\/index.php\/wp-json\/wp\/v2\/product_cat?post=749990"},{"taxonomy":"product_tag","embeddable":true,"href":"https:\/\/roveyayinevi.com.tr\/index.php\/wp-json\/wp\/v2\/product_tag?post=749990"}],"curies":[{"name":"wp","href":"https:\/\/api.w.org\/{rel}","templated":true}]}}