{"id":749989,"date":"2025-08-28T04:09:23","date_gmt":"2025-08-28T01:09:23","guid":{"rendered":"https:\/\/roveyayinevi.com.tr\/index.php\/urun\/cogito-109-sesli-dusunmek\/"},"modified":"2026-04-16T03:03:30","modified_gmt":"2026-04-16T00:03:30","slug":"cogito-109-sesli-dusunmek","status":"publish","type":"product","link":"https:\/\/roveyayinevi.com.tr\/index.php\/urun\/cogito-109-sesli-dusunmek\/","title":{"rendered":"Cogito 109 : Sesli D\u00fc\u015f\u00fcnmek"},"content":{"rendered":"<p>3 ayl\u0131k d\u00fc\u015f\u00fcnce dergisi Cogito\u2019nun bahar say\u0131s\u0131nda \u201cSesli D\u00fc\u015f\u00fcnmek\u201d dosyas\u0131 var. Beg\u00fcm \u00d6zden F\u0131rat, Ceren Lordo\u011flu, Evrim Hikmet \u00d6\u011f\u00fct\u2019\u00fcn edit\u00f6rl\u00fc\u011f\u00fcnde haz\u0131rlanan dosya, sese geni\u015f bir \u00e7er\u00e7eveden kulak veren, farkl\u0131 disiplinlerden ve farkl\u0131 ku\u015faklardan ara\u015ft\u0131rmac\u0131lar\u0131n yaz\u0131lar\u0131ndan olu\u015fuyor ve duyman\u0131n ve sesin farkl\u0131 kiplerinin tarihsel ve toplumsal in\u015fas\u0131n\u0131 ve sesin sosyo-k\u00fclt\u00fcrel olarak anlamland\u0131r\u0131lma ve deneyimlenme bi\u00e7imlerinin d\u00f6\u00fcn\u00fc\u015f\u00fcm\u00fcn\u00fc tart\u0131\u015fmaya a\u00e7\u0131yor.   Dosyadaki yaz\u0131lar sesin, toplumsal olan\u0131 \u00e7ok y\u00f6nl\u00fc olarak kavramada hem bir vas\u0131ta hem bir ortam hem de bizzat kendisi anlam \u00fcreten bir ara\u00e7 olarak de\u011ferlendirilmesine odaklan\u0131yor. Sesi, g\u00fcr\u00fclt\u00fc, kahkaha ve sessizlik gibi farkl\u0131 bi\u00e7imleriyle hem bir anlam vas\u0131tas\u0131 hem toplumsal hiyerar\u015filer ve e\u015fitsizlikleri yeniden \u00fcreten ya da d\u00f6n\u00fc\u015ft\u00fcren ili\u015fkisel bir ara\u00e7 hem de \u00e7a\u011fda\u015f sanattan g\u00fcndelik hayata kadar toplumsal deneyimin nesnesi olarak geni\u015f bir yelpazede tart\u0131\u015fan yaz\u0131lar, sesin izini mahalle, ev, meyhane gibi belirli mek\u00e2nsal ba\u011flamlarda ya da insan ve insan olmayan canl\u0131lar\u0131n sesleri aras\u0131ndaki farkl\u0131l\u0131\u011f\u0131n kurulu\u015funda takip ediyor. <\/p>\n","protected":false},"excerpt":{"rendered":"<p>3 ayl\u0131k d\u00fc\u015f\u00fcnce dergisi Cogito\u2019nun bahar say\u0131s\u0131nda \u201cSesli D\u00fc\u015f\u00fcnmek\u201d dosyas\u0131 var. Beg\u00fcm \u00d6zden F\u0131rat, Ceren Lordo\u011flu, Evrim Hikmet \u00d6\u011f\u00fct\u2019\u00fcn edit\u00f6rl\u00fc\u011f\u00fcnde haz\u0131rlanan dosya, sese geni\u015f bir \u00e7er\u00e7eveden<span class=\"excerpt-hellip\"> [\u2026]<\/span><\/p>\n","protected":false},"featured_media":0,"template":"","meta":{"_monsterinsights_skip_tracking":false,"_monsterinsights_sitenote_active":false,"_monsterinsights_sitenote_note":"","_monsterinsights_sitenote_category":0},"product_brand":[],"product_cat":[19460,13527],"product_tag":[],"class_list":{"0":"post-749989","1":"product","2":"type-product","3":"status-publish","5":"product_cat-felsefe-sureli-yayinlar","6":"product_cat-sureli-yayinlar","7":"pa_cilt-ciltsiz","8":"pa_tur-dergi","9":"pa_yayinevi-yapi-kredi-yayinlari-dergi","10":"pa_yazar-kolektif","12":"first","13":"instock","14":"sale","15":"shipping-taxable","16":"purchasable","17":"product-type-simple"},"_links":{"self":[{"href":"https:\/\/roveyayinevi.com.tr\/index.php\/wp-json\/wp\/v2\/product\/749989","targetHints":{"allow":["GET"]}}],"collection":[{"href":"https:\/\/roveyayinevi.com.tr\/index.php\/wp-json\/wp\/v2\/product"}],"about":[{"href":"https:\/\/roveyayinevi.com.tr\/index.php\/wp-json\/wp\/v2\/types\/product"}],"wp:attachment":[{"href":"https:\/\/roveyayinevi.com.tr\/index.php\/wp-json\/wp\/v2\/media?parent=749989"}],"wp:term":[{"taxonomy":"product_brand","embeddable":true,"href":"https:\/\/roveyayinevi.com.tr\/index.php\/wp-json\/wp\/v2\/product_brand?post=749989"},{"taxonomy":"product_cat","embeddable":true,"href":"https:\/\/roveyayinevi.com.tr\/index.php\/wp-json\/wp\/v2\/product_cat?post=749989"},{"taxonomy":"product_tag","embeddable":true,"href":"https:\/\/roveyayinevi.com.tr\/index.php\/wp-json\/wp\/v2\/product_tag?post=749989"}],"curies":[{"name":"wp","href":"https:\/\/api.w.org\/{rel}","templated":true}]}}