{"id":749987,"date":"2025-08-28T04:09:20","date_gmt":"2025-08-28T01:09:20","guid":{"rendered":"https:\/\/roveyayinevi.com.tr\/index.php\/urun\/surgunler-kuresel-ekonominin-acimasiz-ve-karmasik-yapisi\/"},"modified":"2026-04-16T03:03:30","modified_gmt":"2026-04-16T00:03:30","slug":"surgunler-kuresel-ekonominin-acimasiz-ve-karmasik-yapisi","status":"publish","type":"product","link":"https:\/\/roveyayinevi.com.tr\/index.php\/urun\/surgunler-kuresel-ekonominin-acimasiz-ve-karmasik-yapisi\/","title":{"rendered":"S\u00fcrg\u00fcnler: K\u00fcresel Ekonominin Ac\u0131mas\u0131z ve Karma\u015f\u0131k Yap\u0131s\u0131"},"content":{"rendered":"<p>Gelir e\u015fitsizli\u011finin artmas\u0131n\u0131, i\u015fsizlik rakamlar\u0131n\u0131, toprak ve su gibi kaynaklar\u0131n tahrip edilmesini ve sosyo-ekonomik temelli saiklere ba\u011fl\u0131 olarak yerinden edilen insanlar\u0131n durumunu y\u00fczeysel d\u00fc\u015f\u00fcncelerle kavramak pek m\u00fcmk\u00fcn g\u00f6z\u00fckmemektedir. Nitekim bu meselelerin t\u00fcm\u00fc; ya\u015fam alanlar\u0131ndan, hatta ya\u015fam\u0131 m\u00fcmk\u00fcn k\u0131lan biyosferden bir t\u00fcr kovulma olarak g\u00f6r\u00fclmeli ve bu ba\u011flamda de\u011ferlendirilmelidir.   Finanstan madencili\u011fe kadar \u00e7e\u015fitli alanlarda sahip olunan bilgi birikimi ve teknolojik vas\u0131talar, g\u00fcn\u00fcm\u00fcz\u00fcn ac\u0131mas\u0131z d\u00fcnyas\u0131nda, insanlar aras\u0131nda e\u015fitsizli\u011fe sebep olacak \u015fekillerde kullan\u0131lmaktad\u0131r. B\u00f6yle bir g\u00fc\u00e7 \u015firketlerin, h\u00fck\u00fbmetlerin veya bireylerin tekeline ge\u00e7mekten ziyade giderek sistemle\u015fmekte ve bir d\u00fczen h\u00e2lini almaktad\u0131r. Saskia Sassen, bu eserde, s\u00f6z konusu bu sistemle\u015fmenin ve neden oldu\u011fu s\u00fcrg\u00fcnlerin ard\u0131nda yatan sebepleri ayd\u0131nlatmak i\u00e7in ekonomiden finansa, bilgi teknolojilerinden \u015fehircili\u011fe kadar farkl\u0131 disiplinlere ba\u015fvurarak \u00e7e\u015fitli \u00f6ng\u00f6r\u00fcler sunmaktad\u0131r.  <\/p>\n","protected":false},"excerpt":{"rendered":"<p>Gelir e\u015fitsizli\u011finin artmas\u0131n\u0131, i\u015fsizlik rakamlar\u0131n\u0131, toprak ve su gibi kaynaklar\u0131n tahrip edilmesini ve sosyo-ekonomik temelli saiklere ba\u011fl\u0131 olarak yerinden edilen insanlar\u0131n durumunu y\u00fczeysel d\u00fc\u015f\u00fcncelerle kavramak pek<span class=\"excerpt-hellip\"> [\u2026]<\/span><\/p>\n","protected":false},"featured_media":0,"template":"","meta":{"_monsterinsights_skip_tracking":false,"_monsterinsights_sitenote_active":false,"_monsterinsights_sitenote_note":"","_monsterinsights_sitenote_category":0},"product_brand":[],"product_cat":[12324],"product_tag":[],"class_list":{"0":"post-749987","1":"product","2":"type-product","3":"status-publish","5":"product_cat-sosyoloji","6":"pa_cilt-ciltsiz","7":"pa_tur-kitap","8":"pa_yayinevi-albaraka-yayinlari","9":"pa_yazar-saskia-sassen","11":"first","12":"instock","13":"sale","14":"shipping-taxable","15":"purchasable","16":"product-type-simple"},"_links":{"self":[{"href":"https:\/\/roveyayinevi.com.tr\/index.php\/wp-json\/wp\/v2\/product\/749987","targetHints":{"allow":["GET"]}}],"collection":[{"href":"https:\/\/roveyayinevi.com.tr\/index.php\/wp-json\/wp\/v2\/product"}],"about":[{"href":"https:\/\/roveyayinevi.com.tr\/index.php\/wp-json\/wp\/v2\/types\/product"}],"wp:attachment":[{"href":"https:\/\/roveyayinevi.com.tr\/index.php\/wp-json\/wp\/v2\/media?parent=749987"}],"wp:term":[{"taxonomy":"product_brand","embeddable":true,"href":"https:\/\/roveyayinevi.com.tr\/index.php\/wp-json\/wp\/v2\/product_brand?post=749987"},{"taxonomy":"product_cat","embeddable":true,"href":"https:\/\/roveyayinevi.com.tr\/index.php\/wp-json\/wp\/v2\/product_cat?post=749987"},{"taxonomy":"product_tag","embeddable":true,"href":"https:\/\/roveyayinevi.com.tr\/index.php\/wp-json\/wp\/v2\/product_tag?post=749987"}],"curies":[{"name":"wp","href":"https:\/\/api.w.org\/{rel}","templated":true}]}}