{"id":749986,"date":"2025-08-28T04:09:19","date_gmt":"2025-08-28T01:09:19","guid":{"rendered":"https:\/\/roveyayinevi.com.tr\/index.php\/urun\/arkadaslar\/"},"modified":"2026-04-16T03:03:30","modified_gmt":"2026-04-16T00:03:30","slug":"arkadaslar","status":"publish","type":"product","link":"https:\/\/roveyayinevi.com.tr\/index.php\/urun\/arkadaslar\/","title":{"rendered":"Arkada\u015flar"},"content":{"rendered":"<p>Bu kitapta bir s\u00fcr\u00fc arkada\u015f var. Arkada\u015flarla vakit ge\u00e7irmek \u00e7ok e\u011flenceli olsa da zaman zaman en iyi arkada\u015flar bile kavga edebilir. Neyse ki \u00e7ok ge\u00e7meden bar\u0131\u015f\u0131p kucakla\u015f\u0131r ve g\u00fcl\u00fcp oynamaya devam ederler.   Mies Van Hout\u2019un yaz\u0131p resimledi\u011fi bu \u00e7ok \u00f6zel kitap arkada\u015fl\u0131k kavram\u0131n\u0131 miniklere anlatmak i\u00e7in ebeveynlere ve e\u011fitimcilere \u00e7ok faydal\u0131 olacak. <\/p>\n","protected":false},"excerpt":{"rendered":"<p>Bu kitapta bir s\u00fcr\u00fc arkada\u015f var. Arkada\u015flarla vakit ge\u00e7irmek \u00e7ok e\u011flenceli olsa da zaman zaman en iyi arkada\u015flar bile kavga edebilir. Neyse ki \u00e7ok ge\u00e7meden bar\u0131\u015f\u0131p<span class=\"excerpt-hellip\"> [\u2026]<\/span><\/p>\n","protected":false},"featured_media":0,"template":"","meta":{"_monsterinsights_skip_tracking":false,"_monsterinsights_sitenote_active":false,"_monsterinsights_sitenote_note":"","_monsterinsights_sitenote_category":0},"product_brand":[],"product_cat":[12274,12284],"product_tag":[],"class_list":{"0":"post-749986","1":"product","2":"type-product","3":"status-publish","5":"product_cat-cocuk-ve-genclik-kitaplari","6":"product_cat-hikayeler","7":"pa_cilt-ciltsiz","8":"pa_tur-kitap","9":"pa_yayinevi-yapi-kredi-yayinlari","10":"pa_yazar-mies-van-hout","12":"first","13":"instock","14":"sale","15":"shipping-taxable","16":"purchasable","17":"product-type-simple"},"_links":{"self":[{"href":"https:\/\/roveyayinevi.com.tr\/index.php\/wp-json\/wp\/v2\/product\/749986","targetHints":{"allow":["GET"]}}],"collection":[{"href":"https:\/\/roveyayinevi.com.tr\/index.php\/wp-json\/wp\/v2\/product"}],"about":[{"href":"https:\/\/roveyayinevi.com.tr\/index.php\/wp-json\/wp\/v2\/types\/product"}],"wp:attachment":[{"href":"https:\/\/roveyayinevi.com.tr\/index.php\/wp-json\/wp\/v2\/media?parent=749986"}],"wp:term":[{"taxonomy":"product_brand","embeddable":true,"href":"https:\/\/roveyayinevi.com.tr\/index.php\/wp-json\/wp\/v2\/product_brand?post=749986"},{"taxonomy":"product_cat","embeddable":true,"href":"https:\/\/roveyayinevi.com.tr\/index.php\/wp-json\/wp\/v2\/product_cat?post=749986"},{"taxonomy":"product_tag","embeddable":true,"href":"https:\/\/roveyayinevi.com.tr\/index.php\/wp-json\/wp\/v2\/product_tag?post=749986"}],"curies":[{"name":"wp","href":"https:\/\/api.w.org\/{rel}","templated":true}]}}