{"id":749985,"date":"2025-08-28T04:09:18","date_gmt":"2025-08-28T01:09:18","guid":{"rendered":"https:\/\/roveyayinevi.com.tr\/index.php\/urun\/islam-dunyasinda-heidegger\/"},"modified":"2026-04-16T03:03:30","modified_gmt":"2026-04-16T00:03:30","slug":"islam-dunyasinda-heidegger","status":"publish","type":"product","link":"https:\/\/roveyayinevi.com.tr\/index.php\/urun\/islam-dunyasinda-heidegger\/","title":{"rendered":"\u0130slam D\u00fcnyas\u0131nda Heidegger"},"content":{"rendered":"<p>Bat\u0131\u2019da ortaya \u00e7\u0131kan \u00e7a\u011fda\u015f ve modern tart\u0131\u015fma ve \u00f6\u011fretiler sadece Bat\u0131l\u0131 d\u00fc\u015f\u00fcnce d\u00fcnyas\u0131n\u0131, gelene\u011fini ve k\u00fclt\u00fcr\u00fcn\u00fc \u015fekillendirmekle kalmam\u0131\u015f, ayn\u0131 zamanda \u0130slam d\u00fcnyas\u0131ndaki entelekt\u00fcellerin de d\u00fc\u015f\u00fcncelerini g\u00f6zden ge\u00e7irmelerini sa\u011flayarak b\u00fcy\u00fck \u00f6l\u00e7\u00fcde de\u011fi\u015ftirmi\u015f, d\u00f6n\u00fc\u015ft\u00fcrm\u00fc\u015ft\u00fcr. Son d\u00f6nem Bat\u0131l\u0131 \u00f6\u011fretilerin en \u00f6nemli mimarlar\u0131ndan biri kabul edilen Martin Heidegger, 20. y\u00fczy\u0131l\u0131n \u00f6zellikle ilk yar\u0131s\u0131nda \u00e7ok etkili olmu\u015f bir d\u00fc\u015f\u00fcn\u00fcrd\u00fcr ve \u0130slam d\u00fcnyas\u0131nda h\u00e2l\u00e2 etkin bir fig\u00fcr olmaya devam etmektedir.   Bu eser, T\u00fcrkiye, \u0130ran, Arap \u00fclkeleri ve G\u00fcney Asya\u2019n\u0131n entelekt\u00fcel \u00e7evrelerinde Heidegger\u2019in d\u00fc\u015f\u00fcncelerinin nas\u0131l al\u0131mland\u0131\u011f\u0131na odaklanmaktad\u0131r. \u0130slam d\u00fcnyas\u0131ndaki Heidegger uzmanlar\u0131, kendi \u00fclkelerinde Heidegger\u2019in d\u00fc\u015f\u00fcncelerinin nas\u0131l ele al\u0131nd\u0131\u011f\u0131n\u0131, neden yeni bir ba\u011flam kazand\u0131\u011f\u0131n\u0131 ve hangi a\u00e7\u0131lardan ele\u015ftirildi\u011fini, \u0130slami d\u00fc\u015f\u00fcnce ve gelenekler \u00e7er\u00e7evesinde ortaya koymaktad\u0131r. \u015eimdiye kadar yay\u0131nlanm\u0131\u015f T\u00fcrk\u00e7e, Arap\u00e7a ve Fars\u00e7a Heidegger \u00e7evirilerinin en g\u00fcncel listesini de sunan eser, bu co\u011frafyalardaki Heidegger \u00e7al\u0131\u015fmalar\u0131n\u0131n gelece\u011fi i\u00e7in de bir rehber niteli\u011fi ta\u015f\u0131maktad\u0131r.  <\/p>\n","protected":false},"excerpt":{"rendered":"<p>Bat\u0131\u2019da ortaya \u00e7\u0131kan \u00e7a\u011fda\u015f ve modern tart\u0131\u015fma ve \u00f6\u011fretiler sadece Bat\u0131l\u0131 d\u00fc\u015f\u00fcnce d\u00fcnyas\u0131n\u0131, gelene\u011fini ve k\u00fclt\u00fcr\u00fcn\u00fc \u015fekillendirmekle kalmam\u0131\u015f, ayn\u0131 zamanda \u0130slam d\u00fcnyas\u0131ndaki entelekt\u00fcellerin de d\u00fc\u015f\u00fcncelerini g\u00f6zden<span class=\"excerpt-hellip\"> [\u2026]<\/span><\/p>\n","protected":false},"featured_media":0,"template":"","meta":{"_monsterinsights_skip_tracking":false,"_monsterinsights_sitenote_active":false,"_monsterinsights_sitenote_note":"","_monsterinsights_sitenote_category":0},"product_brand":[],"product_cat":[12718,12719],"product_tag":[],"class_list":{"0":"post-749985","1":"product","2":"type-product","3":"status-publish","5":"product_cat-din","6":"product_cat-islam","7":"pa_cilt-ciltsiz","8":"pa_tur-kitap","9":"pa_yayinevi-albaraka-yayinlari","10":"pa_yazar-kata-moser-urs-gosken-josh-michael-hayes","12":"first","13":"instock","14":"sale","15":"shipping-taxable","16":"purchasable","17":"product-type-simple"},"_links":{"self":[{"href":"https:\/\/roveyayinevi.com.tr\/index.php\/wp-json\/wp\/v2\/product\/749985","targetHints":{"allow":["GET"]}}],"collection":[{"href":"https:\/\/roveyayinevi.com.tr\/index.php\/wp-json\/wp\/v2\/product"}],"about":[{"href":"https:\/\/roveyayinevi.com.tr\/index.php\/wp-json\/wp\/v2\/types\/product"}],"wp:attachment":[{"href":"https:\/\/roveyayinevi.com.tr\/index.php\/wp-json\/wp\/v2\/media?parent=749985"}],"wp:term":[{"taxonomy":"product_brand","embeddable":true,"href":"https:\/\/roveyayinevi.com.tr\/index.php\/wp-json\/wp\/v2\/product_brand?post=749985"},{"taxonomy":"product_cat","embeddable":true,"href":"https:\/\/roveyayinevi.com.tr\/index.php\/wp-json\/wp\/v2\/product_cat?post=749985"},{"taxonomy":"product_tag","embeddable":true,"href":"https:\/\/roveyayinevi.com.tr\/index.php\/wp-json\/wp\/v2\/product_tag?post=749985"}],"curies":[{"name":"wp","href":"https:\/\/api.w.org\/{rel}","templated":true}]}}