{"id":749984,"date":"2025-08-28T04:09:17","date_gmt":"2025-08-28T01:09:17","guid":{"rendered":"https:\/\/roveyayinevi.com.tr\/index.php\/urun\/antik-yunanistanda-rasyonel-ve-irrasyonel\/"},"modified":"2026-04-16T03:03:30","modified_gmt":"2026-04-16T00:03:30","slug":"antik-yunanistanda-rasyonel-ve-irrasyonel","status":"publish","type":"product","link":"https:\/\/roveyayinevi.com.tr\/index.php\/urun\/antik-yunanistanda-rasyonel-ve-irrasyonel\/","title":{"rendered":"Antik Yunanistan&#8217;da Rasyonel ve \u0130rrasyonel"},"content":{"rendered":"<p>Birka\u00e7 y\u0131l \u00f6nce British Museum\u2019da Parthenon heykellerine bakarken gen\u00e7 bir adam yan\u0131ma yakla\u015ft\u0131 ve can\u0131 s\u0131kk\u0131n bir tav\u0131rla, \u201citiraf etmesi feci bir \u015fey, biliyorum ama bu Grek z\u0131mb\u0131rt\u0131lar\u0131 beni pek etkilemiyor\u201d dedi. Ona bunun hayli ilgin\u00e7 oldu\u011funu s\u00f6yledim: Bu tepkisizli\u011finin nedenlerini tan\u0131mlayabilir miydi acaba? Bir-iki dakika d\u00fc\u015f\u00fcnd\u00fc. Ard\u0131ndan, \u201c\u015fey, bilmem ifade edebilecek miyim, ama hepsi de korkun\u00e7 derecede rasyonel\u201d dedi. Ben de ifade edebildi\u011fini s\u00f6yledim.  Bu sohbet kafamda yer etti ve beni d\u00fc\u015f\u00fcnmeye sevk etti. Grekler, hem onlar\u0131 savunanlar hem de ele\u015ftirmenleri taraf\u0131ndan m\u00fc\u015fterek olarak varsay\u0131ld\u0131\u011f\u0131 gibi, insan\u0131n tecr\u00fcbesinde ve davran\u0131\u015f\u0131nda rasyonel olmayan etkenlerin \u00f6nemine o kadar k\u00f6r m\u00fcyd\u00fc? Bu kitab\u0131 ortaya \u00e7\u0131karan soru i\u015fte budur. Bu soruyu tamam\u0131yla cevapland\u0131rmak, ku\u015fkusuz antik Yunanistan\u2019\u0131n b\u00fct\u00fcn k\u00fclt\u00fcrel ba\u015far\u0131s\u0131na dair bir incelemeyi i\u00e7erir. Ancak amac\u0131m \u00e7ok daha m\u00fctevaz\u0131 bir \u015fey yapmaya \u00e7al\u0131\u015fmakt\u0131r: Kitap boyunca, yaln\u0131zca Grek din\u00ee tecr\u00fcbesinin belirli ve\u00e7helerini yeni bir g\u00f6zle inceleyerek sorunu baz\u0131 a\u00e7\u0131lardan ayd\u0131nlatmaya gayret edece\u011fim. Umuyorum ki sadece Grekleri \u00e7al\u0131\u015fan bilimadamlar\u0131 i\u00e7in de\u011fil, ayr\u0131ca antropologlar ve sosyal psikologlar i\u00e7in de baz\u0131 ilgin\u00e7 sonu\u00e7lar ortaya \u00e7\u0131kar; dahas\u0131, be\u015fer\u00ee davran\u0131\u015f\u0131n kaynaklar\u0131n\u0131 anlamakla ilgilenen herkes i\u00e7in de. Dolay\u0131s\u0131yla bu kitapta elimden geldi\u011finde uzman olmayanlar\u0131n da anlayabilece\u011fi kan\u0131tlar sunmaya \u00e7al\u0131\u015ft\u0131m.  <\/p>\n","protected":false},"excerpt":{"rendered":"<p>Birka\u00e7 y\u0131l \u00f6nce British Museum\u2019da Parthenon heykellerine bakarken gen\u00e7 bir adam yan\u0131ma yakla\u015ft\u0131 ve can\u0131 s\u0131kk\u0131n bir tav\u0131rla, \u201citiraf etmesi feci bir \u015fey, biliyorum ama bu<span class=\"excerpt-hellip\"> [\u2026]<\/span><\/p>\n","protected":false},"featured_media":0,"template":"","meta":{"_monsterinsights_skip_tracking":false,"_monsterinsights_sitenote_active":false,"_monsterinsights_sitenote_note":"","_monsterinsights_sitenote_category":0},"product_brand":[],"product_cat":[12388],"product_tag":[],"class_list":{"0":"post-749984","1":"product","2":"type-product","3":"status-publish","5":"product_cat-felsefe","6":"pa_cilt-ciltsiz","7":"pa_tur-kitap","8":"pa_yayinevi-albaraka-yayinlari","9":"pa_yazar-e-r-doods","11":"first","12":"instock","13":"sale","14":"shipping-taxable","15":"purchasable","16":"product-type-simple"},"_links":{"self":[{"href":"https:\/\/roveyayinevi.com.tr\/index.php\/wp-json\/wp\/v2\/product\/749984","targetHints":{"allow":["GET"]}}],"collection":[{"href":"https:\/\/roveyayinevi.com.tr\/index.php\/wp-json\/wp\/v2\/product"}],"about":[{"href":"https:\/\/roveyayinevi.com.tr\/index.php\/wp-json\/wp\/v2\/types\/product"}],"wp:attachment":[{"href":"https:\/\/roveyayinevi.com.tr\/index.php\/wp-json\/wp\/v2\/media?parent=749984"}],"wp:term":[{"taxonomy":"product_brand","embeddable":true,"href":"https:\/\/roveyayinevi.com.tr\/index.php\/wp-json\/wp\/v2\/product_brand?post=749984"},{"taxonomy":"product_cat","embeddable":true,"href":"https:\/\/roveyayinevi.com.tr\/index.php\/wp-json\/wp\/v2\/product_cat?post=749984"},{"taxonomy":"product_tag","embeddable":true,"href":"https:\/\/roveyayinevi.com.tr\/index.php\/wp-json\/wp\/v2\/product_tag?post=749984"}],"curies":[{"name":"wp","href":"https:\/\/api.w.org\/{rel}","templated":true}]}}