{"id":749981,"date":"2025-08-28T04:09:12","date_gmt":"2025-08-28T01:09:12","guid":{"rendered":"https:\/\/roveyayinevi.com.tr\/index.php\/urun\/iste-geldik-toplu-siirler-1988-2019\/"},"modified":"2026-04-16T03:03:30","modified_gmt":"2026-04-16T00:03:30","slug":"iste-geldik-toplu-siirler-1988-2019","status":"publish","type":"product","link":"https:\/\/roveyayinevi.com.tr\/index.php\/urun\/iste-geldik-toplu-siirler-1988-2019\/","title":{"rendered":"\u0130\u015fte Geldik \u2013 Toplu \u015eiirler (1988-2019)"},"content":{"rendered":"<p>\u201ci\u015fte geldik\u201d bi kedinin uzan\u0131p su i\u00e7i\u015fine g\u00f6zlerinin dibinden ak\u015famdan kalan i\u00e7ki masalar\u0131na bi vadinin yukars\u0131ndaki k\u00f6ylerden inmesine bacaklar\u0131n\u0131n yanl\u0131\u015f g\u00fcvenlik hislerine a\u011fr\u0131 da\u011f\u0131n\u0131n a\u011f\u0131r a\u011f\u0131r yeti\u015fmeye \u00e7al\u0131\u015fmas\u0131na arkandan geldik ya hakkaten denizin kendisi bi kazaysa bir esnemenin bir enseden \u00f6p\u00fclmenin bir aksili\u011fin tad\u0131na varal\u0131m iyi ki geldik buras\u0131 iyi burda dural\u0131m <\/p>\n","protected":false},"excerpt":{"rendered":"<p>\u201ci\u015fte geldik\u201d bi kedinin uzan\u0131p su i\u00e7i\u015fine g\u00f6zlerinin dibinden ak\u015famdan kalan i\u00e7ki masalar\u0131na bi vadinin yukars\u0131ndaki k\u00f6ylerden inmesine bacaklar\u0131n\u0131n yanl\u0131\u015f g\u00fcvenlik hislerine a\u011fr\u0131 da\u011f\u0131n\u0131n a\u011f\u0131r a\u011f\u0131r<span class=\"excerpt-hellip\"> [\u2026]<\/span><\/p>\n","protected":false},"featured_media":0,"template":"","meta":{"_monsterinsights_skip_tracking":false,"_monsterinsights_sitenote_active":false,"_monsterinsights_sitenote_note":"","_monsterinsights_sitenote_category":0},"product_brand":[],"product_cat":[12291,12509],"product_tag":[],"class_list":{"0":"post-749981","1":"product","2":"type-product","3":"status-publish","5":"product_cat-edebiyat","6":"product_cat-siir","7":"pa_cilt-ciltsiz","8":"pa_tur-kitap","9":"pa_yayinevi-yapi-kredi-yayinlari","10":"pa_yazar-enis-akin","12":"first","13":"instock","14":"sale","15":"shipping-taxable","16":"purchasable","17":"product-type-simple"},"_links":{"self":[{"href":"https:\/\/roveyayinevi.com.tr\/index.php\/wp-json\/wp\/v2\/product\/749981","targetHints":{"allow":["GET"]}}],"collection":[{"href":"https:\/\/roveyayinevi.com.tr\/index.php\/wp-json\/wp\/v2\/product"}],"about":[{"href":"https:\/\/roveyayinevi.com.tr\/index.php\/wp-json\/wp\/v2\/types\/product"}],"wp:attachment":[{"href":"https:\/\/roveyayinevi.com.tr\/index.php\/wp-json\/wp\/v2\/media?parent=749981"}],"wp:term":[{"taxonomy":"product_brand","embeddable":true,"href":"https:\/\/roveyayinevi.com.tr\/index.php\/wp-json\/wp\/v2\/product_brand?post=749981"},{"taxonomy":"product_cat","embeddable":true,"href":"https:\/\/roveyayinevi.com.tr\/index.php\/wp-json\/wp\/v2\/product_cat?post=749981"},{"taxonomy":"product_tag","embeddable":true,"href":"https:\/\/roveyayinevi.com.tr\/index.php\/wp-json\/wp\/v2\/product_tag?post=749981"}],"curies":[{"name":"wp","href":"https:\/\/api.w.org\/{rel}","templated":true}]}}