{"id":749979,"date":"2025-08-28T04:09:09","date_gmt":"2025-08-28T01:09:09","guid":{"rendered":"https:\/\/roveyayinevi.com.tr\/index.php\/urun\/keder-atlisi\/"},"modified":"2026-04-16T03:03:30","modified_gmt":"2026-04-16T00:03:30","slug":"keder-atlisi","status":"publish","type":"product","link":"https:\/\/roveyayinevi.com.tr\/index.php\/urun\/keder-atlisi\/","title":{"rendered":"Keder Atl\u0131s\u0131"},"content":{"rendered":"<p>2004 y\u0131l\u0131nda \u00e7\u0131kan d\u00f6rd\u00fcnc\u00fc \u00f6yk\u00fc kitab\u0131 \u201cKeder Atl\u0131s\u0131\u201dnda \u015fiirsel bir dille b\u00fcy\u00fcl\u00fc masallar kuruyor Faruk Duman. \u0130nsan\u0131n ba\u015f\u0131ndan ge\u00e7enleri, do\u011fan\u0131n mevsimleriymi\u015f gibi, o kendine \u00f6zg\u00fc sadelikle anlat\u0131yor. Perde perde a\u00e7\u0131lan d\u00fc\u015flere sal\u0131yor okuru, Ren\u00e9 Magritte\u2019in resimlerini and\u0131ran ger\u00e7ek\u00fcst\u00fc bir d\u00fcnyan\u0131n i\u00e7ine \u00e7ekiyor.   G\u00f6z, Tar\u00e7\u0131n ve Tespih, Dere, \u00c7ok \u00d6nemli Bir G\u00fcn, Kar Alt\u0131nda, A\u011fa\u00e7, Ormanda Kederle Kay\u0131p, \u00d6mre Zarar Kavil, Elma, T\u00fcfek, Sarma\u015f\u0131k adl\u0131 \u00f6yk\u00fclerden olu\u015fan \u201cKeder Atl\u0131s\u0131\u201d Faruk Duman\u2019a Haldun Taner \u00d6yk\u00fc \u00d6d\u00fcl\u00fc\u2019n\u00fc kazand\u0131rm\u0131\u015ft\u0131.   Ellerim karard\u0131, derlermi\u015f birbirlerine, bah\u00e7ede dola\u015ft\u0131klar\u0131 zaman. Kararan, k\u0131zaran eller bulunurmu\u015f, a\u011fa\u00e7lar\u0131n \u00e7evresinde. Her a\u011fa\u00e7 bir kap\u0131d\u0131r, sonunda her meyve h\u00fcz\u00fcn meyvesidir. Bah\u00e7eye devrilen top at\u0131\u015flar\u0131, kar vakitleri b\u00fct\u00fcn bu a\u011fa\u00e7lar\u0131n i\u00e7inde y\u00fcr\u00fcyen keder atl\u0131s\u0131&#8230; <\/p>\n","protected":false},"excerpt":{"rendered":"<p>2004 y\u0131l\u0131nda \u00e7\u0131kan d\u00f6rd\u00fcnc\u00fc \u00f6yk\u00fc kitab\u0131 \u201cKeder Atl\u0131s\u0131\u201dnda \u015fiirsel bir dille b\u00fcy\u00fcl\u00fc masallar kuruyor Faruk Duman. \u0130nsan\u0131n ba\u015f\u0131ndan ge\u00e7enleri, do\u011fan\u0131n mevsimleriymi\u015f gibi, o kendine \u00f6zg\u00fc sadelikle<span class=\"excerpt-hellip\"> [\u2026]<\/span><\/p>\n","protected":false},"featured_media":0,"template":"","meta":{"_monsterinsights_skip_tracking":false,"_monsterinsights_sitenote_active":false,"_monsterinsights_sitenote_note":"","_monsterinsights_sitenote_category":0},"product_brand":[],"product_cat":[12291,12711],"product_tag":[],"class_list":{"0":"post-749979","1":"product","2":"type-product","3":"status-publish","5":"product_cat-edebiyat","6":"product_cat-roman-oyku","7":"pa_cilt-ciltsiz","8":"pa_tur-kitap","9":"pa_yayinevi-yapi-kredi-yayinlari","10":"pa_yazar-faruk-duman","12":"first","13":"instock","14":"sale","15":"shipping-taxable","16":"purchasable","17":"product-type-simple"},"_links":{"self":[{"href":"https:\/\/roveyayinevi.com.tr\/index.php\/wp-json\/wp\/v2\/product\/749979","targetHints":{"allow":["GET"]}}],"collection":[{"href":"https:\/\/roveyayinevi.com.tr\/index.php\/wp-json\/wp\/v2\/product"}],"about":[{"href":"https:\/\/roveyayinevi.com.tr\/index.php\/wp-json\/wp\/v2\/types\/product"}],"wp:attachment":[{"href":"https:\/\/roveyayinevi.com.tr\/index.php\/wp-json\/wp\/v2\/media?parent=749979"}],"wp:term":[{"taxonomy":"product_brand","embeddable":true,"href":"https:\/\/roveyayinevi.com.tr\/index.php\/wp-json\/wp\/v2\/product_brand?post=749979"},{"taxonomy":"product_cat","embeddable":true,"href":"https:\/\/roveyayinevi.com.tr\/index.php\/wp-json\/wp\/v2\/product_cat?post=749979"},{"taxonomy":"product_tag","embeddable":true,"href":"https:\/\/roveyayinevi.com.tr\/index.php\/wp-json\/wp\/v2\/product_tag?post=749979"}],"curies":[{"name":"wp","href":"https:\/\/api.w.org\/{rel}","templated":true}]}}