{"id":749978,"date":"2025-08-28T04:09:07","date_gmt":"2025-08-28T01:09:07","guid":{"rendered":"https:\/\/roveyayinevi.com.tr\/index.php\/urun\/john-craxton-hayatin-lutuflari\/"},"modified":"2026-04-16T03:03:30","modified_gmt":"2026-04-16T00:03:30","slug":"john-craxton-hayatin-lutuflari","status":"publish","type":"product","link":"https:\/\/roveyayinevi.com.tr\/index.php\/urun\/john-craxton-hayatin-lutuflari\/","title":{"rendered":"John Craxton \u2013 Hayat\u0131n L\u00fctuflar\u0131"},"content":{"rendered":"<p>John Craxton\u2019\u0131n \u0130ngiltere ve Ege k\u0131y\u0131lar\u0131 aras\u0131nda ge\u00e7en hayat\u0131 bir sanat\u00e7\u0131n\u0131n \u00f6nce kendini bulma ve sonra da tekrar tekrar yeniden var etme g\u00fcc\u00fcn\u00fc ispatl\u0131yor. Usta bir kalemden \u00e7\u0131kan, g\u00fcne\u015f \u0131\u015f\u0131\u011f\u0131, deniz tuzu ve ne\u015feyi hissederek okunabilecek zengin bir 20. y\u00fczy\u0131l masal\u0131&#8230; Titiz ayr\u0131nt\u0131lar ve hik\u00e2yelerle dolu bir anlat\u0131m&#8230; Craxton, ya\u015fam\u0131 boyunca sanat ele\u015ftirmenlerinin yorucu, form\u00fclle\u015ftiren yakla\u015f\u0131mlar\u0131ndan nefret etti, dolay\u0131s\u0131yla k\u0131sa ancak anlaml\u0131 a\u00e7\u0131klamalar getirmekte usta olan Collins\u2019in, Craxton\u2019\u0131n neden ideal yazar\u0131 oldu\u011funu anlamak \u00e7ok da g\u00fc\u00e7 de\u011fil. James Cahill, Times Literary Supplement G\u00fczel yaz\u0131lm\u0131\u015f bir kitap&#8230; Craxton hayat\u0131n\u0131n \u00e7o\u011funu Ege k\u0131y\u0131lar\u0131nda ya\u015famak isteyerek ge\u00e7irdi ve sonunda gidebildi\u011finde hayal etti\u011fi her \u015feyi orada buldu. Okurken bile insan g\u00fcne\u015fi hissediyor. Mark Gatiss, The Times 2022 Anglo-Hellenic League Runciman \u00d6d\u00fcl\u00fc 2022 William M. B. Berger \u0130ngiliz Sanat Tarihi \u00d6d\u00fcl\u00fc i\u00e7in uzun listeye al\u0131nd\u0131. <\/p>\n","protected":false},"excerpt":{"rendered":"<p>John Craxton\u2019\u0131n \u0130ngiltere ve Ege k\u0131y\u0131lar\u0131 aras\u0131nda ge\u00e7en hayat\u0131 bir sanat\u00e7\u0131n\u0131n \u00f6nce kendini bulma ve sonra da tekrar tekrar yeniden var etme g\u00fcc\u00fcn\u00fc ispatl\u0131yor. Usta bir<span class=\"excerpt-hellip\"> [\u2026]<\/span><\/p>\n","protected":false},"featured_media":0,"template":"","meta":{"_monsterinsights_skip_tracking":false,"_monsterinsights_sitenote_active":false,"_monsterinsights_sitenote_note":"","_monsterinsights_sitenote_category":0},"product_brand":[],"product_cat":[12291,12711],"product_tag":[],"class_list":{"0":"post-749978","1":"product","2":"type-product","3":"status-publish","5":"product_cat-edebiyat","6":"product_cat-roman-oyku","7":"pa_cilt-ciltsiz","8":"pa_tur-kitap","9":"pa_yayinevi-yapi-kredi-yayinlari","10":"pa_yazar-ian-collins","12":"first","13":"instock","14":"sale","15":"shipping-taxable","16":"purchasable","17":"product-type-simple"},"_links":{"self":[{"href":"https:\/\/roveyayinevi.com.tr\/index.php\/wp-json\/wp\/v2\/product\/749978","targetHints":{"allow":["GET"]}}],"collection":[{"href":"https:\/\/roveyayinevi.com.tr\/index.php\/wp-json\/wp\/v2\/product"}],"about":[{"href":"https:\/\/roveyayinevi.com.tr\/index.php\/wp-json\/wp\/v2\/types\/product"}],"wp:attachment":[{"href":"https:\/\/roveyayinevi.com.tr\/index.php\/wp-json\/wp\/v2\/media?parent=749978"}],"wp:term":[{"taxonomy":"product_brand","embeddable":true,"href":"https:\/\/roveyayinevi.com.tr\/index.php\/wp-json\/wp\/v2\/product_brand?post=749978"},{"taxonomy":"product_cat","embeddable":true,"href":"https:\/\/roveyayinevi.com.tr\/index.php\/wp-json\/wp\/v2\/product_cat?post=749978"},{"taxonomy":"product_tag","embeddable":true,"href":"https:\/\/roveyayinevi.com.tr\/index.php\/wp-json\/wp\/v2\/product_tag?post=749978"}],"curies":[{"name":"wp","href":"https:\/\/api.w.org\/{rel}","templated":true}]}}