{"id":749976,"date":"2025-08-28T04:09:05","date_gmt":"2025-08-28T01:09:05","guid":{"rendered":"https:\/\/roveyayinevi.com.tr\/index.php\/urun\/agacname-sen-ne-guzel-bir-agacsin\/"},"modified":"2026-04-16T03:03:30","modified_gmt":"2026-04-16T00:03:30","slug":"agacname-sen-ne-guzel-bir-agacsin","status":"publish","type":"product","link":"https:\/\/roveyayinevi.com.tr\/index.php\/urun\/agacname-sen-ne-guzel-bir-agacsin\/","title":{"rendered":"A\u011fa\u00e7name \u2013 Sen Ne G\u00fczel Bir A\u011fa\u00e7s\u0131n!"},"content":{"rendered":"<p>\u00c7izgilerini t\u00fcm d\u00fcnya k\u00fclt\u00fcrleriyle besleyen ve \u00e7al\u0131\u015fmalar\u0131n\u0131 Paris\u2019te s\u00fcrd\u00fcren Sel\u00e7uk Demirel\u2019den a\u011fa\u00e7lara bir sayg\u0131 duru\u015fu: \u201cA\u011fa\u00e7name\u201d.   Sel\u00e7uk Demirel A\u011fa\u00e7name\u2019de yer yer \u015fiirsel, yer yer de aforizma niteli\u011finde metinler e\u015fli\u011finde a\u011fa\u00e7lar\u0131n hayat\u0131m\u0131za katt\u0131\u011f\u0131 anlamlar\u0131n alt\u0131n\u0131 \u00e7iziyor.   \u201cA\u011fa\u00e7lara hep b\u00fcy\u00fck bir hayranl\u0131k duymu\u015fumdur. Heybetli g\u00f6vdeleriyle kollar\u0131n\u0131 a\u00e7m\u0131\u015f, bizi kucaklayacakm\u0131\u015f gibi bekleyen, g\u00fcnd\u00fcz ba\u015f\u0131 bulutlarda, gece olunca da bizim i\u00e7in y\u0131ld\u0131z toplayan a\u011fa\u00e7lar. \u015eiirin, resmin, edebiyat\u0131n vazge\u00e7ilmezi. G\u00f6lgesinde toplan\u0131p sohbet etmekten ho\u015fluk duydu\u011fumuz, meyvelerini b\u00fcy\u00fck bir i\u015ftahla yedi\u011fimiz a\u011fa\u00e7lar.   Ben bir a\u011fac\u0131m. Benden masa olur, sandalye olur. Benden k\u00e2\u011f\u0131t olur, kalem olur. Oturup a\u011fa\u00e7 resimleri \u00e7izersin.\u201d <\/p>\n","protected":false},"excerpt":{"rendered":"<p>\u00c7izgilerini t\u00fcm d\u00fcnya k\u00fclt\u00fcrleriyle besleyen ve \u00e7al\u0131\u015fmalar\u0131n\u0131 Paris\u2019te s\u00fcrd\u00fcren Sel\u00e7uk Demirel\u2019den a\u011fa\u00e7lara bir sayg\u0131 duru\u015fu: \u201cA\u011fa\u00e7name\u201d. Sel\u00e7uk Demirel A\u011fa\u00e7name\u2019de yer yer \u015fiirsel, yer yer de aforizma<span class=\"excerpt-hellip\"> [\u2026]<\/span><\/p>\n","protected":false},"featured_media":0,"template":"","meta":{"_monsterinsights_skip_tracking":false,"_monsterinsights_sitenote_active":false,"_monsterinsights_sitenote_note":"","_monsterinsights_sitenote_category":0},"product_brand":[],"product_cat":[12291,12509],"product_tag":[],"class_list":{"0":"post-749976","1":"product","2":"type-product","3":"status-publish","5":"product_cat-edebiyat","6":"product_cat-siir","7":"pa_cilt-ciltsiz","8":"pa_tur-kitap","9":"pa_yayinevi-yapi-kredi-yayinlari","10":"pa_yazar-selcuk-demirel","12":"first","13":"instock","14":"sale","15":"shipping-taxable","16":"purchasable","17":"product-type-simple"},"_links":{"self":[{"href":"https:\/\/roveyayinevi.com.tr\/index.php\/wp-json\/wp\/v2\/product\/749976","targetHints":{"allow":["GET"]}}],"collection":[{"href":"https:\/\/roveyayinevi.com.tr\/index.php\/wp-json\/wp\/v2\/product"}],"about":[{"href":"https:\/\/roveyayinevi.com.tr\/index.php\/wp-json\/wp\/v2\/types\/product"}],"wp:attachment":[{"href":"https:\/\/roveyayinevi.com.tr\/index.php\/wp-json\/wp\/v2\/media?parent=749976"}],"wp:term":[{"taxonomy":"product_brand","embeddable":true,"href":"https:\/\/roveyayinevi.com.tr\/index.php\/wp-json\/wp\/v2\/product_brand?post=749976"},{"taxonomy":"product_cat","embeddable":true,"href":"https:\/\/roveyayinevi.com.tr\/index.php\/wp-json\/wp\/v2\/product_cat?post=749976"},{"taxonomy":"product_tag","embeddable":true,"href":"https:\/\/roveyayinevi.com.tr\/index.php\/wp-json\/wp\/v2\/product_tag?post=749976"}],"curies":[{"name":"wp","href":"https:\/\/api.w.org\/{rel}","templated":true}]}}