{"id":749975,"date":"2025-08-28T04:09:03","date_gmt":"2025-08-28T01:09:03","guid":{"rendered":"https:\/\/roveyayinevi.com.tr\/index.php\/urun\/devlet-ve-tabiat-ya-da-orta-ikiden-ayrilan-cocuklar-icin-siirler-50-yasinda-numarali-ozel-baski\/"},"modified":"2026-04-16T03:03:30","modified_gmt":"2026-04-16T00:03:30","slug":"devlet-ve-tabiat-ya-da-orta-ikiden-ayrilan-cocuklar-icin-siirler-50-yasinda-numarali-ozel-baski","status":"publish","type":"product","link":"https:\/\/roveyayinevi.com.tr\/index.php\/urun\/devlet-ve-tabiat-ya-da-orta-ikiden-ayrilan-cocuklar-icin-siirler-50-yasinda-numarali-ozel-baski\/","title":{"rendered":"Devlet ve Tabiat \u2013 Ya da Orta \u0130kiden Ayr\u0131lan \u00c7ocuklar \u0130\u00e7in \u015eiirler 50 Ya\u015f\u0131nda (Numaral\u0131 \u00d6zel Bask\u0131)"},"content":{"rendered":"<p>\u201c\u0130ki genel oda\u011f\u0131n, \u2018i\u011fdi\u015f edilme korkusu\u2019 ile \u2018baba katli\u2019nin dolay\u0131nda geli\u015fir Ece Ayhan \u015fiirinde baba-o\u011ful ili\u015fkisi. \u2018Tarihsel zaman\u0131n s\u0131n\u0131r\u0131ndan ba\u015flayarak yasan\u0131n s\u00fbreti ile \u00f6zde\u015fle\u015fen simgesel i\u015flevin dayana\u011f\u0131n\u0131 baban\u0131n ad\u0131\u2019nda g\u00f6rmemiz gerekir\u2019 [Ecrits, s. 278] \u2014 \u00f6zellikle \u2018Devlet ve Tabiat\u2019ta yeralan kimi imgeler, Jacques Lacan\u2019\u0131n yukar\u0131daki yarg\u0131s\u0131n\u0131 do\u011frulamak i\u00e7in \u015fiire yerle\u015fmi\u015f gibidirler. Bir kar\u015f\u0131tl\u0131klar zinciri halinde geli\u015fir odaklar\u0131n biribirilerine g\u00f6re konumlar\u0131: \u2018\u00d6l\u00fcm\u00fc ustaca oyalayan babam \u00f6ld\u00fcr\u00fclm\u00fc\u015f ben satar\u0131m\u2019 dizesi \u2018O\u011flum \u00f6ld\u00fcr\u00fclm\u00fc\u015f ben satar\u0131m\u2019a d\u00f6n\u00fc\u015f\u00fcrken kar\u015f\u0131tl\u0131\u011fa kesin bir g\u00f6r\u00fcn\u00fcm kazand\u0131r\u0131r.\u201d Enis Batur (Tahta Troya, 1977-1978)   \u201c \u2018Ece Ayhan \u015fiirinin kilit noktas\u0131 dildir,\u2019 demi\u015fti Cansever&#8230; Cansever hakl\u0131yd\u0131, Ece Ayhan\u2019\u0131n \u015fiirinde bir maddesellik veya ge\u00e7irmezlik kazanm\u0131\u015ft\u0131 dil. Kilit noktas\u0131 de\u011fil, kilitlenme noktas\u0131 demeyi ye\u011flerim ben: \u015eiirin anlam\u0131ndan \u00f6nce diline \u00e7arp\u0131yor ve oraya m\u0131hlan\u0131yordu okur&#8230; Neydi, nedir, bu dili \u00f6zeller aras\u0131nda daha \u00f6zel k\u0131lan? Nedensizlik i\u00e7inde nedenlilik, anlams\u0131zl\u0131\u011f\u0131 kendine alet eden anlaml\u0131l\u0131k: Hi\u00e7 bu kadar \u00e7\u0131plak ve dolays\u0131zca ortaya \u00e7\u0131kmam\u0131\u015ft\u0131 sanki, sanat yap\u0131t\u0131n\u0131n bi\u00e7im ilkesi i\u00e7in Kant\u2019\u0131n sundu\u011fu tan\u0131m.\u201d      Orhan Ko\u00e7ak (\u201cEce Ayhan\u2019\u0131n \u015eiirinde Dil ve Ba\u011flam\u201d, Ludingirra, Bahar 1997)   \u201cEce Ayhan\u2019\u0131n \u015fiirindeki genel \u015fema, bu kitapta, en a\u00e7\u0131k ifadesini bulur: Toplum, e\u015fitsizlik \u00fczerine kurulmu\u015ftur, s\u00f6m\u00fcr\u00fclen ve ezilen yaln\u0131zca genel olarak yoksul s\u0131n\u0131flar de\u011fildir ama kad\u0131nlard\u0131r, \u00e7ocuklard\u0131r (ve bunlara devrimcileri de ekleyebiliriz)&#8230; Toplumsal e\u015fitsizlik kategorileri, belli \u00f6l\u00e7\u00fclerde, birbirinin i\u00e7ine ge\u00e7mi\u015f durumdad\u0131r. \u0130\u015fte \u2018Devlet ve Tabiat\u2019, bu e\u015fitsizlikler d\u00fc\u011f\u00fcm\u00fcn\u00fcn kalbine dokunan ve bunu yaparken, b\u00fcy\u00fck bir bi\u00e7imsel \u00f6zg\u00fcnl\u00fck i\u00e7inden, b\u00fcy\u00fck bir isyan lirizmini ortaya koyan bir ba\u015fyap\u0131tt\u0131r.\u201d Ahmet Soysal, (\u201c\u00d6ns\u00f6z\u201dden) <\/p>\n","protected":false},"excerpt":{"rendered":"<p>\u201c\u0130ki genel oda\u011f\u0131n, \u2018i\u011fdi\u015f edilme korkusu\u2019 ile \u2018baba katli\u2019nin dolay\u0131nda geli\u015fir Ece Ayhan \u015fiirinde baba-o\u011ful ili\u015fkisi. \u2018Tarihsel zaman\u0131n s\u0131n\u0131r\u0131ndan ba\u015flayarak yasan\u0131n s\u00fbreti ile \u00f6zde\u015fle\u015fen simgesel i\u015flevin<span class=\"excerpt-hellip\"> [\u2026]<\/span><\/p>\n","protected":false},"featured_media":0,"template":"","meta":{"_monsterinsights_skip_tracking":false,"_monsterinsights_sitenote_active":false,"_monsterinsights_sitenote_note":"","_monsterinsights_sitenote_category":0},"product_brand":[],"product_cat":[12291,12509],"product_tag":[],"class_list":{"0":"post-749975","1":"product","2":"type-product","3":"status-publish","5":"product_cat-edebiyat","6":"product_cat-siir","7":"pa_cilt-ciltsiz","8":"pa_tur-kitap","9":"pa_yayinevi-yapi-kredi-yayinlari-ozel-basim","10":"pa_yazar-ece-ayhan","12":"first","13":"instock","14":"sale","15":"shipping-taxable","16":"purchasable","17":"product-type-simple"},"_links":{"self":[{"href":"https:\/\/roveyayinevi.com.tr\/index.php\/wp-json\/wp\/v2\/product\/749975","targetHints":{"allow":["GET"]}}],"collection":[{"href":"https:\/\/roveyayinevi.com.tr\/index.php\/wp-json\/wp\/v2\/product"}],"about":[{"href":"https:\/\/roveyayinevi.com.tr\/index.php\/wp-json\/wp\/v2\/types\/product"}],"wp:attachment":[{"href":"https:\/\/roveyayinevi.com.tr\/index.php\/wp-json\/wp\/v2\/media?parent=749975"}],"wp:term":[{"taxonomy":"product_brand","embeddable":true,"href":"https:\/\/roveyayinevi.com.tr\/index.php\/wp-json\/wp\/v2\/product_brand?post=749975"},{"taxonomy":"product_cat","embeddable":true,"href":"https:\/\/roveyayinevi.com.tr\/index.php\/wp-json\/wp\/v2\/product_cat?post=749975"},{"taxonomy":"product_tag","embeddable":true,"href":"https:\/\/roveyayinevi.com.tr\/index.php\/wp-json\/wp\/v2\/product_tag?post=749975"}],"curies":[{"name":"wp","href":"https:\/\/api.w.org\/{rel}","templated":true}]}}