{"id":749974,"date":"2025-08-28T04:09:02","date_gmt":"2025-08-28T01:09:02","guid":{"rendered":"https:\/\/roveyayinevi.com.tr\/index.php\/urun\/fudoki\/"},"modified":"2026-04-16T03:03:30","modified_gmt":"2026-04-16T00:03:30","slug":"fudoki","status":"publish","type":"product","link":"https:\/\/roveyayinevi.com.tr\/index.php\/urun\/fudoki\/","title":{"rendered":"Fudoki"},"content":{"rendered":"<p>\u201cBen Prenses Harueme, Fujivara no Enyu ile \u015fimdi Go-Sanjo dedi\u011fimiz imparatorun k\u0131z\u0131y\u0131m. Daha \u00f6nemlisi, ya\u015fl\u0131y\u0131m ve \u00f6l\u00fcyorum.\u201d B\u00f6yle ba\u015fl\u0131yor anlatmaya, hayat\u0131n\u0131n b\u00fcy\u00fck k\u0131sm\u0131n\u0131 imparatorluk saray\u0131nda, kapal\u0131 kap\u0131lar ve paravanlar ard\u0131ndaki k\u00fc\u00e7\u00fcc\u00fck bir d\u00fcnyada ge\u00e7irmi\u015f olan Prenses Harueme. Kendi kaderine y\u00f6n verememi\u015f olan bu ya\u015fl\u0131 kad\u0131n, kurmaca bile olsa ba\u015fka birinin kaderini \u00f6zg\u00fcrce y\u00f6nlendirmenin \u00f6zlemiyle bir hik\u00e2ye yazmaya koyuluyor. \u201cO halde neden anlat\u0131yorum Kagaya-hime\u2019nin hik\u00e2yesini? Dahas\u0131, neden kendi hayat\u0131m\u0131 anlamland\u0131rmaya \u00e7al\u0131\u015f\u0131yorum, hangi olaylar\u0131n tam olarak yazd\u0131\u011f\u0131m gibi oldu\u011funu, hangilerininse dilekler ya da pi\u015fmanl\u0131klarca de\u011fi\u015ftirildi\u011fini bile bilmezken? \u00c7\u00fcnk\u00fc elimizdeki tek \u015fey hik\u00e2yeler ve hat\u0131ralar. Eskiden sahip oldu\u011fum \u015feyler, ge\u00e7mi\u015fte sevdi\u011fim insanlar \u2013 bunlar zihnimin sand\u0131klarda saklad\u0131\u011f\u0131 ve s\u0131k\u0131ld\u0131k\u00e7a ya da yaln\u0131zl\u0131k \u00e7ektik\u00e7e \u00e7\u0131kard\u0131\u011f\u0131 defterlerdeki m\u00fcrekkep izlerinden ibaret. Bir \u015feyleri ger\u00e7ek k\u0131lan, onlar\u0131 kaydetmek \u2013 ba\u015fka hi\u00e7bir yere olmasa bile haf\u0131zam\u0131za. Benim fudoki\u2019m, hayat\u0131mla bire bir ayn\u0131 uzunlukta. Fudoki\u2019m olmadan ben bir hi\u00e7im, \u00e7\u00fcnk\u00fc o ve ben ayn\u0131 \u015feyiz.\u201d <\/p>\n","protected":false},"excerpt":{"rendered":"<p>\u201cBen Prenses Harueme, Fujivara no Enyu ile \u015fimdi Go-Sanjo dedi\u011fimiz imparatorun k\u0131z\u0131y\u0131m. Daha \u00f6nemlisi, ya\u015fl\u0131y\u0131m ve \u00f6l\u00fcyorum.\u201d B\u00f6yle ba\u015fl\u0131yor anlatmaya, hayat\u0131n\u0131n b\u00fcy\u00fck k\u0131sm\u0131n\u0131 imparatorluk saray\u0131nda, kapal\u0131<span class=\"excerpt-hellip\"> [\u2026]<\/span><\/p>\n","protected":false},"featured_media":0,"template":"","meta":{"_monsterinsights_skip_tracking":false,"_monsterinsights_sitenote_active":false,"_monsterinsights_sitenote_note":"","_monsterinsights_sitenote_category":0},"product_brand":[],"product_cat":[12291,12711],"product_tag":[],"class_list":{"0":"post-749974","1":"product","2":"type-product","3":"status-publish","5":"product_cat-edebiyat","6":"product_cat-roman-oyku","7":"pa_cilt-ciltsiz","8":"pa_tur-kitap","9":"pa_yayinevi-metis-yayinlari","10":"pa_yazar-kij-johnson","12":"first","13":"instock","14":"sale","15":"shipping-taxable","16":"purchasable","17":"product-type-simple"},"_links":{"self":[{"href":"https:\/\/roveyayinevi.com.tr\/index.php\/wp-json\/wp\/v2\/product\/749974","targetHints":{"allow":["GET"]}}],"collection":[{"href":"https:\/\/roveyayinevi.com.tr\/index.php\/wp-json\/wp\/v2\/product"}],"about":[{"href":"https:\/\/roveyayinevi.com.tr\/index.php\/wp-json\/wp\/v2\/types\/product"}],"wp:attachment":[{"href":"https:\/\/roveyayinevi.com.tr\/index.php\/wp-json\/wp\/v2\/media?parent=749974"}],"wp:term":[{"taxonomy":"product_brand","embeddable":true,"href":"https:\/\/roveyayinevi.com.tr\/index.php\/wp-json\/wp\/v2\/product_brand?post=749974"},{"taxonomy":"product_cat","embeddable":true,"href":"https:\/\/roveyayinevi.com.tr\/index.php\/wp-json\/wp\/v2\/product_cat?post=749974"},{"taxonomy":"product_tag","embeddable":true,"href":"https:\/\/roveyayinevi.com.tr\/index.php\/wp-json\/wp\/v2\/product_tag?post=749974"}],"curies":[{"name":"wp","href":"https:\/\/api.w.org\/{rel}","templated":true}]}}