{"id":749970,"date":"2025-08-28T04:08:57","date_gmt":"2025-08-28T01:08:57","guid":{"rendered":"https:\/\/roveyayinevi.com.tr\/index.php\/urun\/semahcilarin-el-kitabi\/"},"modified":"2026-04-16T03:03:30","modified_gmt":"2026-04-16T00:03:30","slug":"semahcilarin-el-kitabi","status":"publish","type":"product","link":"https:\/\/roveyayinevi.com.tr\/index.php\/urun\/semahcilarin-el-kitabi\/","title":{"rendered":"Semah\u00e7\u0131lar\u0131n El Kitab\u0131"},"content":{"rendered":"<p>Yap\u0131lan i\u015fler \u00f6\u011frenilerek yap\u0131l\u0131rsa a\u015fk ile yap\u0131l\u0131r. Semah\u00e7\u0131lar da nefeslerin anlam\u0131n\u0131 \u00f6\u011frendik\u00e7e tarihte ya\u015fanan toplumsal olaylar\u0131n nedenleri, ni\u00e7inleri aras\u0131nda ba\u011f kurabilir. Alevili\u011fi daha iyi anlar. Bunlar\u0131 bilenler semahlar\u0131n s\u00f6zlerini, melodisini, ritmini, can\u0131g\u00f6n\u00fclden dinler ve bunlar\u0131 g\u00f6n\u00fcl K\u00e2be\u2019sinde tutup s\u00fcre\u00e7 i\u00e7inde bilgisine bilgi katarsa kendisi de bir yol eri olur. B\u00fct\u00fcn bunlar semah\u00e7\u0131n\u0131n semah d\u00f6nerken a\u015fk h\u00e2li ile d\u00f6nmesini sa\u011flar. Burada Hak ile Hak olma deyimi semah\u00e7\u0131n\u0131n kendisine, kendi bilincine de kavu\u015fmas\u0131 anlam\u0131n\u0131 ta\u015f\u0131r. Enel Hak felsefesi Tanr\u0131, insan, evren b\u00fct\u00fcnl\u00fc\u011f\u00fc\/birli\u011fi meydana gelir. Yolun ilkeleri ile donan\u0131ml\u0131 a\u015famaya gelemeyen canlar\u0131n a\u015fk h\u00e2li ham olur, g\u00f6steriye, bireyselli\u011fe, benli\u011fe d\u00f6n\u00fc\u015f\u00fcr.   Semahta a\u015fk h\u00e2linde en b\u00fcy\u00fck pay zakirin avaz\u0131 ve ba\u011flaman\u0131n ritmidir. Zakir semahlar\u0131 icra ederken \u00f6zg\u00fcrle\u015fmelidir. Ritim ve melodide bir a\u015fk yoksa semah\u00e7\u0131lar ve cemdeki canlar b\u00fct\u00fcnl\u00fck i\u00e7erisinde bir a\u015fk h\u00e2line b\u00fcr\u00fcnemezler. Semahta a\u015fk yoksa \u00e7al\u0131\u015fmalarda ve zakirde eksiklik vard\u0131r. Yani avazda pasiflik ve ruhsuzluk olmamal\u0131d\u0131r. <\/p>\n","protected":false},"excerpt":{"rendered":"<p>Yap\u0131lan i\u015fler \u00f6\u011frenilerek yap\u0131l\u0131rsa a\u015fk ile yap\u0131l\u0131r. Semah\u00e7\u0131lar da nefeslerin anlam\u0131n\u0131 \u00f6\u011frendik\u00e7e tarihte ya\u015fanan toplumsal olaylar\u0131n nedenleri, ni\u00e7inleri aras\u0131nda ba\u011f kurabilir. Alevili\u011fi daha iyi anlar. Bunlar\u0131<span class=\"excerpt-hellip\"> [\u2026]<\/span><\/p>\n","protected":false},"featured_media":0,"template":"","meta":{"_monsterinsights_skip_tracking":false,"_monsterinsights_sitenote_active":false,"_monsterinsights_sitenote_note":"","_monsterinsights_sitenote_category":0},"product_brand":[],"product_cat":[13575,12718,12719],"product_tag":[],"class_list":{"0":"post-749970","1":"product","2":"type-product","3":"status-publish","5":"product_cat-alevilik-bektasilik","6":"product_cat-din","7":"product_cat-islam","8":"pa_cilt-ciltsiz","9":"pa_tur-kitap","10":"pa_yayinevi-la-kitap-yayinlari","11":"pa_yazar-mehmet-aydogmus","13":"first","14":"instock","15":"sale","16":"shipping-taxable","17":"purchasable","18":"product-type-simple"},"_links":{"self":[{"href":"https:\/\/roveyayinevi.com.tr\/index.php\/wp-json\/wp\/v2\/product\/749970","targetHints":{"allow":["GET"]}}],"collection":[{"href":"https:\/\/roveyayinevi.com.tr\/index.php\/wp-json\/wp\/v2\/product"}],"about":[{"href":"https:\/\/roveyayinevi.com.tr\/index.php\/wp-json\/wp\/v2\/types\/product"}],"wp:attachment":[{"href":"https:\/\/roveyayinevi.com.tr\/index.php\/wp-json\/wp\/v2\/media?parent=749970"}],"wp:term":[{"taxonomy":"product_brand","embeddable":true,"href":"https:\/\/roveyayinevi.com.tr\/index.php\/wp-json\/wp\/v2\/product_brand?post=749970"},{"taxonomy":"product_cat","embeddable":true,"href":"https:\/\/roveyayinevi.com.tr\/index.php\/wp-json\/wp\/v2\/product_cat?post=749970"},{"taxonomy":"product_tag","embeddable":true,"href":"https:\/\/roveyayinevi.com.tr\/index.php\/wp-json\/wp\/v2\/product_tag?post=749970"}],"curies":[{"name":"wp","href":"https:\/\/api.w.org\/{rel}","templated":true}]}}