{"id":749969,"date":"2025-08-28T04:08:56","date_gmt":"2025-08-28T01:08:56","guid":{"rendered":"https:\/\/roveyayinevi.com.tr\/index.php\/urun\/menkabet-i-nusayr-i-tusi\/"},"modified":"2026-04-16T03:03:30","modified_gmt":"2026-04-16T00:03:30","slug":"menkabet-i-nusayr-i-tusi","status":"publish","type":"product","link":"https:\/\/roveyayinevi.com.tr\/index.php\/urun\/menkabet-i-nusayr-i-tusi\/","title":{"rendered":"Menkabet-i Nusayr-i T\u00fcsi"},"content":{"rendered":"<p>Bu \u00e7al\u0131\u015fma, Nusayr\u00eeli\u011fin Alev\u00ee-Bekta\u015f\u00ee edebiyat\u0131ndaki yerini belirlemek ve XVI. y\u00fczy\u0131l \u015fairlerinden Dervi\u015f Muhammed Yem\u00een\u00ee\u2019nin Faz\u00eeletn\u00e2mesi\u2019nin sekizinci faziletinde yer alan Nusayr-i T\u00fbs\u00ee anlat\u0131s\u0131n\u0131 incelemek \u00fczere yap\u0131lm\u0131\u015ft\u0131r. Asl\u0131nda Alev\u00ee-Bekta\u015f\u00ee toplumuyla Nusayr\u00eelerin inan\u00e7 fakt\u00f6rleri ve ya\u015fam tarzlar\u0131 aras\u0131nda b\u00fcy\u00fck farklar vard\u0131r, hatta tespit edildi\u011fi kadar\u0131yla bu t\u00fcr edebiyat\u0131nda Nusayr\u00eeli\u011fin temas etti\u011fi \u015fairler de yok denecek kadar azd\u0131r. Bu ba\u011flamda iki olgunun T\u00fcrk edebiyat\u0131nda as\u0131l yerini belirlemek ihtiyac\u0131 ortaya \u00e7\u0131kmaktad\u0131r.   Buradan hareketle \u00f6ncelikle Nusayr\u00eelik hakk\u0131nda genel hatlar\u0131yla bilgi verilmi\u015f, Nusayr\u00eeler i\u00e7in kutsal kitap oldu\u011fu ileri s\u00fcr\u00fclen Kit\u00e2bu&#8217;l Mecm\u00fb adl\u0131 eserden metin par\u00e7alar\u0131 al\u0131narak \u00e7al\u0131\u015fmaya eklenmi\u015ftir. Devam\u0131nda, Yedi Ulu Ozanlar da d\u00e2hil olmak \u00fczere Alev\u00ee-Bekta\u015f\u00ee sahas\u0131 \u015fairlerinin \u00f6nde gelenleri ile \u00f6zellikle XIII-XX. as\u0131r aras\u0131nda te\u015fekk\u00fcl etmi\u015f \u00f6nemli eserler incelenerek Nusayr\u00eelik temasl\u0131 tespitler \u00fczerine \u00e7\u0131kar\u0131mlarda bulunulmu\u015ftur. <\/p>\n","protected":false},"excerpt":{"rendered":"<p>Bu \u00e7al\u0131\u015fma, Nusayr\u00eeli\u011fin Alev\u00ee-Bekta\u015f\u00ee edebiyat\u0131ndaki yerini belirlemek ve XVI. y\u00fczy\u0131l \u015fairlerinden Dervi\u015f Muhammed Yem\u00een\u00ee\u2019nin Faz\u00eeletn\u00e2mesi\u2019nin sekizinci faziletinde yer alan Nusayr-i T\u00fbs\u00ee anlat\u0131s\u0131n\u0131 incelemek \u00fczere yap\u0131lm\u0131\u015ft\u0131r. Asl\u0131nda<span class=\"excerpt-hellip\"> [\u2026]<\/span><\/p>\n","protected":false},"featured_media":0,"template":"","meta":{"_monsterinsights_skip_tracking":false,"_monsterinsights_sitenote_active":false,"_monsterinsights_sitenote_note":"","_monsterinsights_sitenote_category":0},"product_brand":[],"product_cat":[13575,12718,12719],"product_tag":[],"class_list":{"0":"post-749969","1":"product","2":"type-product","3":"status-publish","5":"product_cat-alevilik-bektasilik","6":"product_cat-din","7":"product_cat-islam","8":"pa_cilt-ciltsiz","9":"pa_tur-kitap","10":"pa_yayinevi-la-kitap-yayinlari","11":"pa_yazar-gokhan-senyurt","13":"first","14":"instock","15":"sale","16":"shipping-taxable","17":"purchasable","18":"product-type-simple"},"_links":{"self":[{"href":"https:\/\/roveyayinevi.com.tr\/index.php\/wp-json\/wp\/v2\/product\/749969","targetHints":{"allow":["GET"]}}],"collection":[{"href":"https:\/\/roveyayinevi.com.tr\/index.php\/wp-json\/wp\/v2\/product"}],"about":[{"href":"https:\/\/roveyayinevi.com.tr\/index.php\/wp-json\/wp\/v2\/types\/product"}],"wp:attachment":[{"href":"https:\/\/roveyayinevi.com.tr\/index.php\/wp-json\/wp\/v2\/media?parent=749969"}],"wp:term":[{"taxonomy":"product_brand","embeddable":true,"href":"https:\/\/roveyayinevi.com.tr\/index.php\/wp-json\/wp\/v2\/product_brand?post=749969"},{"taxonomy":"product_cat","embeddable":true,"href":"https:\/\/roveyayinevi.com.tr\/index.php\/wp-json\/wp\/v2\/product_cat?post=749969"},{"taxonomy":"product_tag","embeddable":true,"href":"https:\/\/roveyayinevi.com.tr\/index.php\/wp-json\/wp\/v2\/product_tag?post=749969"}],"curies":[{"name":"wp","href":"https:\/\/api.w.org\/{rel}","templated":true}]}}