{"id":749968,"date":"2025-08-28T04:08:54","date_gmt":"2025-08-28T01:08:54","guid":{"rendered":"https:\/\/roveyayinevi.com.tr\/index.php\/urun\/gulcemal\/"},"modified":"2026-04-16T03:03:30","modified_gmt":"2026-04-16T00:03:30","slug":"gulcemal","status":"publish","type":"product","link":"https:\/\/roveyayinevi.com.tr\/index.php\/urun\/gulcemal\/","title":{"rendered":"G\u00fclcemal"},"content":{"rendered":"<p>M\u00fcbadele, T\u00fcrk ve Yunan taraflar\u0131n\u0131n Lozan Bar\u0131\u015f Antla\u015fmas\u0131\u2019na ek s\u00f6zle\u015fme uyar\u0131nca 30 Ocak 1923 tarihinde imzalad\u0131klar\u0131 kar\u015f\u0131l\u0131kl\u0131 n\u00fcfus de\u011fi\u015fiminin ad\u0131d\u0131r. K\u00f6k sald\u0131klar\u0131 topraklardan kopart\u0131lan y\u00fcz binlerce M\u00fcsl\u00fcman T\u00fcrk ile say\u0131lar\u0131 milyonun \u00fczerinde bulunan Ortodoks Rum\u2019un zorunlu g\u00f6\u00e7e tabi tutulduklar\u0131 bu tehcir olay\u0131n\u0131n d\u00fcnyada bir e\u015fi benzeri yoktur. Ac\u0131n\u0131n ve g\u00f6zya\u015f\u0131n\u0131n harman oldu\u011fu bu n\u00fcfus de\u011fi\u015fiminin ba\u015fkahramanlar\u0131ndan biri de T\u00fcrk M\u00fcbadilleri T\u00fcrkiye\u2019ye getirmekle g\u00f6revli olan G\u00fclcemal Vapuru\u2019dur. S\u0131rt\u0131nda ta\u015f\u0131d\u0131\u011f\u0131 insanlara umut \u0131\u015f\u0131\u011f\u0131 olan bu kahraman gemi, \u00fczerinden y\u00fczy\u0131l da ge\u00e7mi\u015f olsa hi\u00e7 unutulmad\u0131 ve asla unutulmayacak. \u0130\u015fte zaman\u0131nda bu geminin yolcusu olmu\u015f Defne, onun hat\u0131ralar\u0131n\u0131 ya\u015fatan bir Giritli m\u00fcbadildir. Ya\u015fad\u0131\u011f\u0131 t\u00fcm zorluklar, ac\u0131lar ve psikolojik s\u0131k\u0131nt\u0131lardan sonra, hayata s\u0131ms\u0131k\u0131 sar\u0131lan ve kendi ayaklar\u0131 \u00fczerinde durmay\u0131 ba\u015faran bir kad\u0131n\u0131n hayat \u00f6yk\u00fcs\u00fcn\u00fc dile getiren roman\u0131m\u0131z, M\u00fcbadele\u2019nin y\u00fcz\u00fcnc\u00fc y\u0131l\u0131nda, ya\u015fananlara bir kad\u0131n\u0131n g\u00f6z\u00fcnden \u0131\u015f\u0131k tutmaktad\u0131r.  <\/p>\n","protected":false},"excerpt":{"rendered":"<p>M\u00fcbadele, T\u00fcrk ve Yunan taraflar\u0131n\u0131n Lozan Bar\u0131\u015f Antla\u015fmas\u0131\u2019na ek s\u00f6zle\u015fme uyar\u0131nca 30 Ocak 1923 tarihinde imzalad\u0131klar\u0131 kar\u015f\u0131l\u0131kl\u0131 n\u00fcfus de\u011fi\u015fiminin ad\u0131d\u0131r. K\u00f6k sald\u0131klar\u0131 topraklardan kopart\u0131lan y\u00fcz binlerce<span class=\"excerpt-hellip\"> [\u2026]<\/span><\/p>\n","protected":false},"featured_media":0,"template":"","meta":{"_monsterinsights_skip_tracking":false,"_monsterinsights_sitenote_active":false,"_monsterinsights_sitenote_note":"","_monsterinsights_sitenote_category":0},"product_brand":[],"product_cat":[12291,12745],"product_tag":[],"class_list":{"0":"post-749968","1":"product","2":"type-product","3":"status-publish","5":"product_cat-edebiyat","6":"product_cat-tarihi-roman","7":"pa_cilt-ciltsiz","8":"pa_tur-kitap","9":"pa_yayinevi-kitap-muptelasi-yayinlari","10":"pa_yazar-zeki-marakoglu","12":"first","13":"instock","14":"sale","15":"shipping-taxable","16":"purchasable","17":"product-type-simple"},"_links":{"self":[{"href":"https:\/\/roveyayinevi.com.tr\/index.php\/wp-json\/wp\/v2\/product\/749968","targetHints":{"allow":["GET"]}}],"collection":[{"href":"https:\/\/roveyayinevi.com.tr\/index.php\/wp-json\/wp\/v2\/product"}],"about":[{"href":"https:\/\/roveyayinevi.com.tr\/index.php\/wp-json\/wp\/v2\/types\/product"}],"wp:attachment":[{"href":"https:\/\/roveyayinevi.com.tr\/index.php\/wp-json\/wp\/v2\/media?parent=749968"}],"wp:term":[{"taxonomy":"product_brand","embeddable":true,"href":"https:\/\/roveyayinevi.com.tr\/index.php\/wp-json\/wp\/v2\/product_brand?post=749968"},{"taxonomy":"product_cat","embeddable":true,"href":"https:\/\/roveyayinevi.com.tr\/index.php\/wp-json\/wp\/v2\/product_cat?post=749968"},{"taxonomy":"product_tag","embeddable":true,"href":"https:\/\/roveyayinevi.com.tr\/index.php\/wp-json\/wp\/v2\/product_tag?post=749968"}],"curies":[{"name":"wp","href":"https:\/\/api.w.org\/{rel}","templated":true}]}}