{"id":749967,"date":"2025-08-28T04:08:53","date_gmt":"2025-08-28T01:08:53","guid":{"rendered":"https:\/\/roveyayinevi.com.tr\/index.php\/urun\/iyi-ki-varsin-galatasaray-1\/"},"modified":"2026-04-16T03:03:30","modified_gmt":"2026-04-16T00:03:30","slug":"iyi-ki-varsin-galatasaray-1","status":"publish","type":"product","link":"https:\/\/roveyayinevi.com.tr\/index.php\/urun\/iyi-ki-varsin-galatasaray-1\/","title":{"rendered":"\u0130yi ki Vars\u0131n Galatasaray -1"},"content":{"rendered":"<p>\u201cT\u00dcRK OLMAYAN TAKIMLARI YENMEK\u201d Seri penalt\u0131lar&#8230; Ist\u0131rap, i\u015fkence&#8230; Dayan\u0131lamaz bekleyi\u015f. Bu kadar\u0131 hi\u00e7 olmam\u0131\u015ft\u0131. Aman Allah\u2019\u0131m! Sadece bu penalt\u0131lara bir kitap yaz\u0131l\u0131r. Ben&#8230; Biz ekran ba\u015f\u0131nda dayanam\u0131yorken bu \u00e7ocuklar topa nas\u0131l vuracak? Vuruyor her biri&#8230; Aslanlar gibi vuruyor&#8230; \u0130yi ki vars\u0131n Galatasaray\u2026 Seninle b\u00fcy\u00fcd\u00fck, senin verdi\u011fin bilin\u00e7 ile ki\u015fili\u011fimizi \u015fekillendirdik\u2026 Sevgilimizden ayr\u0131lman\u0131n vermi\u015f oldu\u011fu h\u00fcz\u00fcnden \u00f6nce senin ma\u011flubiyetinle \u00fcz\u00fcnt\u00fcleri ya\u015fad\u0131k. A\u015fk kelimesini ger\u00e7ekten ilk seninle tatt\u0131k\u2026 Seni anlatmaya kelimeler yetmez Galatasaray.<\/p>\n","protected":false},"excerpt":{"rendered":"<p>\u201cT\u00dcRK OLMAYAN TAKIMLARI YENMEK\u201d Seri penalt\u0131lar&#8230; Ist\u0131rap, i\u015fkence&#8230; Dayan\u0131lamaz bekleyi\u015f. Bu kadar\u0131 hi\u00e7 olmam\u0131\u015ft\u0131. Aman Allah\u2019\u0131m! Sadece bu penalt\u0131lara bir kitap yaz\u0131l\u0131r. Ben&#8230; Biz ekran ba\u015f\u0131nda<span class=\"excerpt-hellip\"> [\u2026]<\/span><\/p>\n","protected":false},"featured_media":0,"template":"","meta":{"_monsterinsights_skip_tracking":false,"_monsterinsights_sitenote_active":false,"_monsterinsights_sitenote_note":"","_monsterinsights_sitenote_category":0},"product_brand":[],"product_cat":[15563,15564],"product_tag":[],"class_list":{"0":"post-749967","1":"product","2":"type-product","3":"status-publish","5":"product_cat-hobi","6":"product_cat-spor","7":"pa_cilt-ciltsiz","8":"pa_tur-kitap","9":"pa_yayinevi-kitap-muptelasi-yayinlari","10":"pa_yazar-yuksel-durak-mehmet-anil-korkmaz","12":"first","13":"instock","14":"sale","15":"shipping-taxable","16":"purchasable","17":"product-type-simple"},"_links":{"self":[{"href":"https:\/\/roveyayinevi.com.tr\/index.php\/wp-json\/wp\/v2\/product\/749967","targetHints":{"allow":["GET"]}}],"collection":[{"href":"https:\/\/roveyayinevi.com.tr\/index.php\/wp-json\/wp\/v2\/product"}],"about":[{"href":"https:\/\/roveyayinevi.com.tr\/index.php\/wp-json\/wp\/v2\/types\/product"}],"wp:attachment":[{"href":"https:\/\/roveyayinevi.com.tr\/index.php\/wp-json\/wp\/v2\/media?parent=749967"}],"wp:term":[{"taxonomy":"product_brand","embeddable":true,"href":"https:\/\/roveyayinevi.com.tr\/index.php\/wp-json\/wp\/v2\/product_brand?post=749967"},{"taxonomy":"product_cat","embeddable":true,"href":"https:\/\/roveyayinevi.com.tr\/index.php\/wp-json\/wp\/v2\/product_cat?post=749967"},{"taxonomy":"product_tag","embeddable":true,"href":"https:\/\/roveyayinevi.com.tr\/index.php\/wp-json\/wp\/v2\/product_tag?post=749967"}],"curies":[{"name":"wp","href":"https:\/\/api.w.org\/{rel}","templated":true}]}}