{"id":749966,"date":"2025-08-28T04:08:51","date_gmt":"2025-08-28T01:08:51","guid":{"rendered":"https:\/\/roveyayinevi.com.tr\/index.php\/urun\/erdemli-sevda\/"},"modified":"2026-04-16T03:03:30","modified_gmt":"2026-04-16T00:03:30","slug":"erdemli-sevda","status":"publish","type":"product","link":"https:\/\/roveyayinevi.com.tr\/index.php\/urun\/erdemli-sevda\/","title":{"rendered":"Erdemli Sevda"},"content":{"rendered":"<p>ERDEML\u0130 SEVDA! D\u00fc\u015fmeyince g\u00f6nl\u00fcm, ba\u015fka sevdaya, Ad\u0131na dediler, \u201cErdemli Sevda\u201d Ula\u015famasam da, g\u00fcne\u015fe, aya, Hayal bu dediler, \u201cErdemli Sevda\u201d   Hem mutlu insanlar, hem mutlu toplum, O y\u00f6ne \u00e7ekiyor, benim bu akl\u0131m, Yok ki hi\u00e7 kimseden ne gizlim sakl\u0131m, Olur, bu dediler, \u201cErdemli Sevda\u201d<\/p>\n","protected":false},"excerpt":{"rendered":"<p>ERDEML\u0130 SEVDA! D\u00fc\u015fmeyince g\u00f6nl\u00fcm, ba\u015fka sevdaya, Ad\u0131na dediler, \u201cErdemli Sevda\u201d Ula\u015famasam da, g\u00fcne\u015fe, aya, Hayal bu dediler, \u201cErdemli Sevda\u201d Hem mutlu insanlar, hem mutlu toplum, O<span class=\"excerpt-hellip\"> [\u2026]<\/span><\/p>\n","protected":false},"featured_media":0,"template":"","meta":{"_monsterinsights_skip_tracking":false,"_monsterinsights_sitenote_active":false,"_monsterinsights_sitenote_note":"","_monsterinsights_sitenote_category":0},"product_brand":[],"product_cat":[12291,12509],"product_tag":[],"class_list":{"0":"post-749966","1":"product","2":"type-product","3":"status-publish","5":"product_cat-edebiyat","6":"product_cat-siir","7":"pa_cilt-ciltsiz","8":"pa_tur-kitap","9":"pa_yayinevi-kitap-muptelasi-yayinlari","10":"pa_yazar-cafer-aksay","12":"first","13":"instock","14":"sale","15":"shipping-taxable","16":"purchasable","17":"product-type-simple"},"_links":{"self":[{"href":"https:\/\/roveyayinevi.com.tr\/index.php\/wp-json\/wp\/v2\/product\/749966","targetHints":{"allow":["GET"]}}],"collection":[{"href":"https:\/\/roveyayinevi.com.tr\/index.php\/wp-json\/wp\/v2\/product"}],"about":[{"href":"https:\/\/roveyayinevi.com.tr\/index.php\/wp-json\/wp\/v2\/types\/product"}],"wp:attachment":[{"href":"https:\/\/roveyayinevi.com.tr\/index.php\/wp-json\/wp\/v2\/media?parent=749966"}],"wp:term":[{"taxonomy":"product_brand","embeddable":true,"href":"https:\/\/roveyayinevi.com.tr\/index.php\/wp-json\/wp\/v2\/product_brand?post=749966"},{"taxonomy":"product_cat","embeddable":true,"href":"https:\/\/roveyayinevi.com.tr\/index.php\/wp-json\/wp\/v2\/product_cat?post=749966"},{"taxonomy":"product_tag","embeddable":true,"href":"https:\/\/roveyayinevi.com.tr\/index.php\/wp-json\/wp\/v2\/product_tag?post=749966"}],"curies":[{"name":"wp","href":"https:\/\/api.w.org\/{rel}","templated":true}]}}