{"id":749964,"date":"2025-08-28T04:08:48","date_gmt":"2025-08-28T01:08:48","guid":{"rendered":"https:\/\/roveyayinevi.com.tr\/index.php\/urun\/gelir-vergisinin-uniter-yapisi\/"},"modified":"2026-04-16T03:03:30","modified_gmt":"2026-04-16T00:03:30","slug":"gelir-vergisinin-uniter-yapisi","status":"publish","type":"product","link":"https:\/\/roveyayinevi.com.tr\/index.php\/urun\/gelir-vergisinin-uniter-yapisi\/","title":{"rendered":"Gelir Vergisinin \u00dcniter Yap\u0131s\u0131"},"content":{"rendered":"<p>T\u00fcrk vergi sisteminde, gelir \u00fczerinden al\u0131nan vergiler grubunda yer alan ve toplam vergi gelirleri i\u00e7erisinde en b\u00fcy\u00fck paya sahip olan vergi, gelir vergis\u00eedir.Kitap \u00fc\u00e7 b\u00f6l\u00fcmden olu\u015fmu\u015ftur. Gelir vergisi sistemleri hakk\u0131nda genel a\u00e7\u0131klamalar ve \u00fcniter gelir vergisi sisteminin bilimsel olarak hangi \u00f6zelliklere sahip olmas\u0131 gerekti\u011fi birinci b\u00f6l\u00fcmde, T\u00fcrk Gelir Vergisi Sisteminin \u00fcniter \u00f6zellikler ve yap\u0131s\u0131 ikinci b\u00f6l\u00fcmde, gelir vergisinin \u00fcniter yap\u0131s\u0131n\u0131 belirlemeye y\u00f6nelik olarak sistemde yer alan m\u00fcesseselerrin eksikleri ve etkinlikleri belirlenmeye \u00e7al\u0131\u015f\u0131lm\u0131\u015f, \u00fcniter yap\u0131n\u0131n g\u00fc\u00e7lendirilmesi, vergi adaleti ve e\u015fitli\u011fi ilkelerine uygun bir vergilemeninn yap\u0131labilmesi i\u00e7in gerekli olan d\u00fczenlemelere ili\u015fkin \u00f6nerilere \u00fc\u00e7\u00fcnc\u00fc b\u00f6l\u00fcmde yer verilmi\u015ftir.<\/p>\n","protected":false},"excerpt":{"rendered":"<p>T\u00fcrk vergi sisteminde, gelir \u00fczerinden al\u0131nan vergiler grubunda yer alan ve toplam vergi gelirleri i\u00e7erisinde en b\u00fcy\u00fck paya sahip olan vergi, gelir vergis\u00eedir.Kitap \u00fc\u00e7 b\u00f6l\u00fcmden olu\u015fmu\u015ftur.<span class=\"excerpt-hellip\"> [\u2026]<\/span><\/p>\n","protected":false},"featured_media":0,"template":"","meta":{"_monsterinsights_skip_tracking":false,"_monsterinsights_sitenote_active":false,"_monsterinsights_sitenote_note":"","_monsterinsights_sitenote_category":0},"product_brand":[],"product_cat":[14841,13043],"product_tag":[],"class_list":{"0":"post-749964","1":"product","2":"type-product","3":"status-publish","5":"product_cat-arastirma-inceleme-kuram","6":"product_cat-ekonomi","7":"pa_cilt-ciltsiz","8":"pa_tur-kitap","9":"pa_yayinevi-gazi-kitabevi","10":"pa_yazar-rifat-orrtac","12":"first","13":"instock","14":"sale","15":"shipping-taxable","16":"purchasable","17":"product-type-simple"},"_links":{"self":[{"href":"https:\/\/roveyayinevi.com.tr\/index.php\/wp-json\/wp\/v2\/product\/749964","targetHints":{"allow":["GET"]}}],"collection":[{"href":"https:\/\/roveyayinevi.com.tr\/index.php\/wp-json\/wp\/v2\/product"}],"about":[{"href":"https:\/\/roveyayinevi.com.tr\/index.php\/wp-json\/wp\/v2\/types\/product"}],"wp:attachment":[{"href":"https:\/\/roveyayinevi.com.tr\/index.php\/wp-json\/wp\/v2\/media?parent=749964"}],"wp:term":[{"taxonomy":"product_brand","embeddable":true,"href":"https:\/\/roveyayinevi.com.tr\/index.php\/wp-json\/wp\/v2\/product_brand?post=749964"},{"taxonomy":"product_cat","embeddable":true,"href":"https:\/\/roveyayinevi.com.tr\/index.php\/wp-json\/wp\/v2\/product_cat?post=749964"},{"taxonomy":"product_tag","embeddable":true,"href":"https:\/\/roveyayinevi.com.tr\/index.php\/wp-json\/wp\/v2\/product_tag?post=749964"}],"curies":[{"name":"wp","href":"https:\/\/api.w.org\/{rel}","templated":true}]}}