{"id":749963,"date":"2025-08-28T04:08:47","date_gmt":"2025-08-28T01:08:47","guid":{"rendered":"https:\/\/roveyayinevi.com.tr\/index.php\/urun\/konaklama-isletmelerinde-kat-hizmetleri-yonetimi\/"},"modified":"2026-04-16T03:03:30","modified_gmt":"2026-04-16T00:03:30","slug":"konaklama-isletmelerinde-kat-hizmetleri-yonetimi","status":"publish","type":"product","link":"https:\/\/roveyayinevi.com.tr\/index.php\/urun\/konaklama-isletmelerinde-kat-hizmetleri-yonetimi\/","title":{"rendered":"Konaklama \u0130\u015fletmelerinde Kat Hizmetleri Y\u00f6netimi"},"content":{"rendered":"<p>\u00dclkemizde geli\u015fmekte olan turizm end\u00fcstrisine katk\u0131da bulunmak ve turizm e\u011fitimine yard\u0131mc\u0131 olabilmek amac\u0131yla bu kitab\u0131m\u0131z\u0131 haz\u0131rlam\u0131\u015f bulunmaktay\u0131z.Kitab\u0131m\u0131z kat hizmetleri y\u00f6netimi dersi \u00f6\u011fretim pro\u011fram\u0131na g\u00f6re haz\u0131rlanm\u0131\u015f olup ayr\u0131ca turizm end\u00fcstrisinin konaklama i\u015fletmecili\u011fi dal\u0131nda \u00e7al\u0131\u015fanlar\u0131n ihtiya\u00e7lar\u0131na cevap verebilme amac\u0131yla uygulamaya d\u00f6n\u00fck konular programa dahil edilmi\u015ftir.<\/p>\n","protected":false},"excerpt":{"rendered":"<p>\u00dclkemizde geli\u015fmekte olan turizm end\u00fcstrisine katk\u0131da bulunmak ve turizm e\u011fitimine yard\u0131mc\u0131 olabilmek amac\u0131yla bu kitab\u0131m\u0131z\u0131 haz\u0131rlam\u0131\u015f bulunmaktay\u0131z.Kitab\u0131m\u0131z kat hizmetleri y\u00f6netimi dersi \u00f6\u011fretim pro\u011fram\u0131na g\u00f6re haz\u0131rlanm\u0131\u015f olup<span class=\"excerpt-hellip\"> [\u2026]<\/span><\/p>\n","protected":false},"featured_media":0,"template":"","meta":{"_monsterinsights_skip_tracking":false,"_monsterinsights_sitenote_active":false,"_monsterinsights_sitenote_note":"","_monsterinsights_sitenote_category":0},"product_brand":[],"product_cat":[13043],"product_tag":[],"class_list":{"0":"post-749963","1":"product","2":"type-product","3":"status-publish","5":"product_cat-ekonomi","6":"pa_cilt-ciltsiz","7":"pa_tur-kitap","8":"pa_yayinevi-gazi-kitabevi","9":"pa_yazar-orhan-mesut-sezgin","11":"first","12":"instock","13":"sale","14":"shipping-taxable","15":"purchasable","16":"product-type-simple"},"_links":{"self":[{"href":"https:\/\/roveyayinevi.com.tr\/index.php\/wp-json\/wp\/v2\/product\/749963","targetHints":{"allow":["GET"]}}],"collection":[{"href":"https:\/\/roveyayinevi.com.tr\/index.php\/wp-json\/wp\/v2\/product"}],"about":[{"href":"https:\/\/roveyayinevi.com.tr\/index.php\/wp-json\/wp\/v2\/types\/product"}],"wp:attachment":[{"href":"https:\/\/roveyayinevi.com.tr\/index.php\/wp-json\/wp\/v2\/media?parent=749963"}],"wp:term":[{"taxonomy":"product_brand","embeddable":true,"href":"https:\/\/roveyayinevi.com.tr\/index.php\/wp-json\/wp\/v2\/product_brand?post=749963"},{"taxonomy":"product_cat","embeddable":true,"href":"https:\/\/roveyayinevi.com.tr\/index.php\/wp-json\/wp\/v2\/product_cat?post=749963"},{"taxonomy":"product_tag","embeddable":true,"href":"https:\/\/roveyayinevi.com.tr\/index.php\/wp-json\/wp\/v2\/product_tag?post=749963"}],"curies":[{"name":"wp","href":"https:\/\/api.w.org\/{rel}","templated":true}]}}