{"id":749959,"date":"2025-08-28T04:08:42","date_gmt":"2025-08-28T01:08:42","guid":{"rendered":"https:\/\/roveyayinevi.com.tr\/index.php\/urun\/megalo-ideadan-pontus-hayaline-rumlarin-turkiyedeki-faaliyetleri\/"},"modified":"2026-04-16T03:03:30","modified_gmt":"2026-04-16T00:03:30","slug":"megalo-ideadan-pontus-hayaline-rumlarin-turkiyedeki-faaliyetleri","status":"publish","type":"product","link":"https:\/\/roveyayinevi.com.tr\/index.php\/urun\/megalo-ideadan-pontus-hayaline-rumlarin-turkiyedeki-faaliyetleri\/","title":{"rendered":"Megalo \u0130dea&#8217;dan Pontus Hayaline Rumlar\u0131n T\u00fcrkiye&#8217;deki Faaliyetleri"},"content":{"rendered":"<p>Avrupa ve Afrika k\u0131talar\u0131ndaki T\u00fcrk hakimiyenin kald\u0131r\u0131lmas\u0131ndan sonra s\u0131ra Arap topraklar\u0131 ve Anadolu&#8217;ya gelmi\u015ftir. Bu a\u015famada \u015eark Meselesinin uzant\u0131s\u0131 olarak ger\u00e7ekle\u015ftirilmesi planlanan T\u00fcrkleri Anadolu&#8217;danatma fikri, emperyalist \u00fclkelerin bu topraklardaya\u015fayan az\u0131nl\u0131klar\u0131 k\u0131\u015fk\u0131rtmas\u0131yla prati\u011fe d\u00f6k\u00fclmeye \u00e7al\u0131\u015f\u0131lm\u0131\u015ft\u0131r. Osmanl\u0131 topraklar\u0131ndaya\u015fayan Rum vatanda\u015flar 19. y\u00fczy\u0131l\u0131n ba\u015f\u0131ndan itibaren Yunanistan&#8217;\u0131n ba\u015f\u0131n\u0131 \u00e7ekti\u011fi ayr\u0131l\u0131k\u00e7\u0131 ak\u0131mlara kap\u0131lm\u0131\u015f ve Pontus-Rum Devletini yeniden ihya hareketine kat\u0131lm\u0131\u015flard\u0131r.1. D\u00fcnya Sava\u015f\u0131 y\u0131llar\u0131nda faaliyete ba\u015flayan ve Bat\u0131l\u0131 emperyalist devletlerin himayesinde bulunan \u015faki Rumlar, bir\u00e7ok M\u00fcsl\u00fcman-T\u00fcrk&#8217;\u00fcn yaralanmas\u0131na, hayat\u0131n\u0131 kaybetmesine ve mal\u0131n\u0131n ya\u011fmalanmas\u0131na sebep olmu\u015flard\u0131r.Pontus Meselesi zikredildi\u011finde ilk \u00f6nce T\u00fcrk Milleti M\u00fccadelesi&#8217;nin ya\u015fand\u0131\u011f\u0131 1918-1922 y\u0131llar\u0131 akla gelmektedir. Mesele T\u00fcrkiye Cumhuriyeti perpektifinden Lozan Bar\u0131\u015f Antla\u015fmas\u0131n\u0131n ile kapat\u0131lm\u0131\u015f olsa da Yunan-Rum sald\u0131rgan politikalar\u0131 ve T\u00fcrkiye&#8217;nin egemenlik haklar\u0131n\u0131n hi\u00e7e say\u0131ld\u0131\u011f\u0131 zararl\u0131 te\u015febb\u00fcsler g\u00fcn\u00fcm\u00fczde de devam etmektedir. Ba\u015flang\u0131c\u0131ndan g\u00fcn\u00fcm\u00fcze aral\u0131ks\u0131z devam eden Pontus\u00e7u faaliyetlerin ele al\u0131nd\u0131\u011f\u0131 bu \u00e7al\u0131\u015fma, yazar\u0131n doktora tezinden \u00fcretilmekle beraber meselenin anla\u015f\u0131lmas\u0131 bak\u0131m\u0131nda faydal\u0131 olacakt\u0131r.<\/p>\n","protected":false},"excerpt":{"rendered":"<p>Avrupa ve Afrika k\u0131talar\u0131ndaki T\u00fcrk hakimiyenin kald\u0131r\u0131lmas\u0131ndan sonra s\u0131ra Arap topraklar\u0131 ve Anadolu&#8217;ya gelmi\u015ftir. Bu a\u015famada \u015eark Meselesinin uzant\u0131s\u0131 olarak ger\u00e7ekle\u015ftirilmesi planlanan T\u00fcrkleri Anadolu&#8217;danatma fikri, emperyalist<span class=\"excerpt-hellip\"> [\u2026]<\/span><\/p>\n","protected":false},"featured_media":0,"template":"","meta":{"_monsterinsights_skip_tracking":false,"_monsterinsights_sitenote_active":false,"_monsterinsights_sitenote_note":"","_monsterinsights_sitenote_category":0},"product_brand":[],"product_cat":[12370,12304],"product_tag":[],"class_list":{"0":"post-749959","1":"product","2":"type-product","3":"status-publish","5":"product_cat-arastirma-inceleme","6":"product_cat-tarih","7":"pa_cilt-ciltsiz","8":"pa_tur-kitap","9":"pa_yayinevi-gazi-kitabevi","10":"pa_yazar-mikail-kolutek","12":"first","13":"instock","14":"sale","15":"shipping-taxable","16":"purchasable","17":"product-type-simple"},"_links":{"self":[{"href":"https:\/\/roveyayinevi.com.tr\/index.php\/wp-json\/wp\/v2\/product\/749959","targetHints":{"allow":["GET"]}}],"collection":[{"href":"https:\/\/roveyayinevi.com.tr\/index.php\/wp-json\/wp\/v2\/product"}],"about":[{"href":"https:\/\/roveyayinevi.com.tr\/index.php\/wp-json\/wp\/v2\/types\/product"}],"wp:attachment":[{"href":"https:\/\/roveyayinevi.com.tr\/index.php\/wp-json\/wp\/v2\/media?parent=749959"}],"wp:term":[{"taxonomy":"product_brand","embeddable":true,"href":"https:\/\/roveyayinevi.com.tr\/index.php\/wp-json\/wp\/v2\/product_brand?post=749959"},{"taxonomy":"product_cat","embeddable":true,"href":"https:\/\/roveyayinevi.com.tr\/index.php\/wp-json\/wp\/v2\/product_cat?post=749959"},{"taxonomy":"product_tag","embeddable":true,"href":"https:\/\/roveyayinevi.com.tr\/index.php\/wp-json\/wp\/v2\/product_tag?post=749959"}],"curies":[{"name":"wp","href":"https:\/\/api.w.org\/{rel}","templated":true}]}}