{"id":749958,"date":"2025-08-28T04:08:41","date_gmt":"2025-08-28T01:08:41","guid":{"rendered":"https:\/\/roveyayinevi.com.tr\/index.php\/urun\/denemeden-bilemezsin-fragmanlar-1\/"},"modified":"2026-04-16T03:03:29","modified_gmt":"2026-04-16T00:03:29","slug":"denemeden-bilemezsin-fragmanlar-1","status":"publish","type":"product","link":"https:\/\/roveyayinevi.com.tr\/index.php\/urun\/denemeden-bilemezsin-fragmanlar-1\/","title":{"rendered":"Denemeden Bilemezsin &#8211; Fragmanlar 1"},"content":{"rendered":"<p>Enis Batur\u2019un bir g\u00fcn (\u00f6zel bir sohbetimizde miydi?) samimiyetle dert yand\u0131\u011f\u0131n\u0131 hat\u0131rl\u0131yorum: \u201cDenemelerimde kaynak\u00e7a vermedi\u011fim i\u00e7in insanlar i\u015fkembeden yazd\u0131\u011f\u0131m\u0131 san\u0131yorlar, tek bir isim i\u00e7in bile ne kadar ara\u015ft\u0131rma yapt\u0131\u011f\u0131m\u0131 bilmiyorlar,\u201d diyordu mealen. Or\u00e7un \u00dc\u00e7er\u2019in ilk telif kitab\u0131 olan Denemeden Bilemezsin\u2019detoplad\u0131\u011f\u0131 fragmanlar i\u00e7in de rahatl\u0131kla s\u00f6ylenebilir bu: Bu k\u00fc\u00e7\u00fcmencik fragmanlar\u0131n arkas\u0131nda dipten doru\u011fa ince ince taranm\u0131\u015f nice kitap bulundu\u011funa yemin edebilirim. Ama kimseyi inand\u0131ramam. \u0130lk telif kitab\u0131 G\u00f6ndermeler\u2019in sunu\u015funda EB\u2019nin \u201cDala\u011f\u0131n\u0131 yarmadan, iyicene kan\u0131rtmadan, defalarca s\u0131nay\u0131p tartmadan, uykusunu ka\u00e7\u0131rmadan, uyudu\u011funda d\u00fc\u015flerine ta\u015f\u0131madan, yeniden ve yeniden denetlemeden i\u015f bitti diyemeyen bir canl\u0131 t\u00fcr\u00fc\u201d diye tan\u0131tt\u0131\u011f\u0131 S\u00d6 gibi, deneme yazmay\u0131 denemi\u015f ve denemekte olanlar\u0131n d\u0131\u015f\u0131nda:Montaigne \u201cYazd\u0131klar\u0131m\u0131n konusu ben kendimim\u201d diyordu ya, ondan beri (elbette ondan \u00f6nce de), deneme dedi\u011fimiz nedir ki: Diyelim, Or\u00e7un \u00dc\u00e7er\u2019in ilk telif kitab\u0131 i\u00e7in yazd\u0131\u011f\u0131n\u0131z yaz\u0131ya Enis Batur\u2019la ba\u015flay\u0131p Montaigne\u2019den de bahis a\u00e7t\u0131ktan sonra n\u2019ap\u0131p edip pundunu bulup s\u00f6z\u00fc kendinize getirmekten ba\u015fka!\u2014 Selahattin \u00d6zpalab\u0131y\u0131klar<\/p>\n","protected":false},"excerpt":{"rendered":"<p>Enis Batur\u2019un bir g\u00fcn (\u00f6zel bir sohbetimizde miydi?) samimiyetle dert yand\u0131\u011f\u0131n\u0131 hat\u0131rl\u0131yorum: \u201cDenemelerimde kaynak\u00e7a vermedi\u011fim i\u00e7in insanlar i\u015fkembeden yazd\u0131\u011f\u0131m\u0131 san\u0131yorlar, tek bir isim i\u00e7in bile ne<span class=\"excerpt-hellip\"> [\u2026]<\/span><\/p>\n","protected":false},"featured_media":0,"template":"","meta":{"_monsterinsights_skip_tracking":false,"_monsterinsights_sitenote_active":false,"_monsterinsights_sitenote_note":"","_monsterinsights_sitenote_category":0},"product_brand":[],"product_cat":[12777,12291],"product_tag":[],"class_list":{"0":"post-749958","1":"product","2":"type-product","3":"status-publish","5":"product_cat-deneme","6":"product_cat-edebiyat","7":"pa_cilt-ciltsiz","8":"pa_tur-kitap","9":"pa_yayinevi-otuken-nesriyat","10":"pa_yazar-orcun-ucer","12":"first","13":"instock","14":"sale","15":"shipping-taxable","16":"purchasable","17":"product-type-simple"},"_links":{"self":[{"href":"https:\/\/roveyayinevi.com.tr\/index.php\/wp-json\/wp\/v2\/product\/749958","targetHints":{"allow":["GET"]}}],"collection":[{"href":"https:\/\/roveyayinevi.com.tr\/index.php\/wp-json\/wp\/v2\/product"}],"about":[{"href":"https:\/\/roveyayinevi.com.tr\/index.php\/wp-json\/wp\/v2\/types\/product"}],"wp:attachment":[{"href":"https:\/\/roveyayinevi.com.tr\/index.php\/wp-json\/wp\/v2\/media?parent=749958"}],"wp:term":[{"taxonomy":"product_brand","embeddable":true,"href":"https:\/\/roveyayinevi.com.tr\/index.php\/wp-json\/wp\/v2\/product_brand?post=749958"},{"taxonomy":"product_cat","embeddable":true,"href":"https:\/\/roveyayinevi.com.tr\/index.php\/wp-json\/wp\/v2\/product_cat?post=749958"},{"taxonomy":"product_tag","embeddable":true,"href":"https:\/\/roveyayinevi.com.tr\/index.php\/wp-json\/wp\/v2\/product_tag?post=749958"}],"curies":[{"name":"wp","href":"https:\/\/api.w.org\/{rel}","templated":true}]}}