{"id":749952,"date":"2025-08-28T04:08:33","date_gmt":"2025-08-28T01:08:33","guid":{"rendered":"https:\/\/roveyayinevi.com.tr\/index.php\/urun\/derdi-i-dil-hadis-i-serifler\/"},"modified":"2026-04-16T03:03:29","modified_gmt":"2026-04-16T00:03:29","slug":"derdi-i-dil-hadis-i-serifler","status":"publish","type":"product","link":"https:\/\/roveyayinevi.com.tr\/index.php\/urun\/derdi-i-dil-hadis-i-serifler\/","title":{"rendered":"Derdi-i Dil Hadis-i \u015eerifler"},"content":{"rendered":"<p>K\u0131rk Had\u00ees-i \u015eer\u00eef, Salev\u00e2t-\u0131 \u015eer\u00eefler, \u00c2hir Zamanda Muhtelif \u00dc\u00e7 \u00d6nemli Konu b\u00f6l\u00fcmlerinden olu\u015fan Derdi Dil\u2019de; had\u00ees-i \u015feriflere yer verilerek Hz. Peygamber\u2019in (Sall\u00e2ll\u00e2hu Aleyhi ve Sellem) s\u00f6z ve davran\u0131\u015flar\u0131 anlat\u0131lm\u0131\u015f, \u0130slam \u00e2limlerinin g\u00f6r\u00fc\u015fleri sunulmu\u015ftur; ahlaki ve din\u00ee konulara Hz. Peygamber\u2019in ya\u015fay\u0131\u015f ve emirleri, \u0130slam \u00e2limlerinin g\u00f6r\u00fc\u015fleri anlat\u0131larak de\u011finilmi\u015ftir.<\/p>\n","protected":false},"excerpt":{"rendered":"<p>K\u0131rk Had\u00ees-i \u015eer\u00eef, Salev\u00e2t-\u0131 \u015eer\u00eefler, \u00c2hir Zamanda Muhtelif \u00dc\u00e7 \u00d6nemli Konu b\u00f6l\u00fcmlerinden olu\u015fan Derdi Dil\u2019de; had\u00ees-i \u015feriflere yer verilerek Hz. Peygamber\u2019in (Sall\u00e2ll\u00e2hu Aleyhi ve Sellem) s\u00f6z<span class=\"excerpt-hellip\"> [\u2026]<\/span><\/p>\n","protected":false},"featured_media":0,"template":"","meta":{"_monsterinsights_skip_tracking":false,"_monsterinsights_sitenote_active":false,"_monsterinsights_sitenote_note":"","_monsterinsights_sitenote_category":0},"product_brand":[],"product_cat":[12718,12719,45552],"product_tag":[],"class_list":{"0":"post-749952","1":"product","2":"type-product","3":"status-publish","5":"product_cat-din","6":"product_cat-islam","7":"product_cat-meal-tefsir-hadis","8":"pa_cilt-ciltsiz","9":"pa_tur-kitap","10":"pa_yayinevi-kitap-muptelasi-yayinlari","11":"pa_yazar-sahin-yasemin","13":"first","14":"instock","15":"sale","16":"shipping-taxable","17":"purchasable","18":"product-type-simple"},"_links":{"self":[{"href":"https:\/\/roveyayinevi.com.tr\/index.php\/wp-json\/wp\/v2\/product\/749952","targetHints":{"allow":["GET"]}}],"collection":[{"href":"https:\/\/roveyayinevi.com.tr\/index.php\/wp-json\/wp\/v2\/product"}],"about":[{"href":"https:\/\/roveyayinevi.com.tr\/index.php\/wp-json\/wp\/v2\/types\/product"}],"wp:attachment":[{"href":"https:\/\/roveyayinevi.com.tr\/index.php\/wp-json\/wp\/v2\/media?parent=749952"}],"wp:term":[{"taxonomy":"product_brand","embeddable":true,"href":"https:\/\/roveyayinevi.com.tr\/index.php\/wp-json\/wp\/v2\/product_brand?post=749952"},{"taxonomy":"product_cat","embeddable":true,"href":"https:\/\/roveyayinevi.com.tr\/index.php\/wp-json\/wp\/v2\/product_cat?post=749952"},{"taxonomy":"product_tag","embeddable":true,"href":"https:\/\/roveyayinevi.com.tr\/index.php\/wp-json\/wp\/v2\/product_tag?post=749952"}],"curies":[{"name":"wp","href":"https:\/\/api.w.org\/{rel}","templated":true}]}}