{"id":749950,"date":"2025-08-28T04:08:30","date_gmt":"2025-08-28T01:08:30","guid":{"rendered":"https:\/\/roveyayinevi.com.tr\/index.php\/urun\/meshurlardan-portreler\/"},"modified":"2026-04-16T03:03:29","modified_gmt":"2026-04-16T00:03:29","slug":"meshurlardan-portreler","status":"publish","type":"product","link":"https:\/\/roveyayinevi.com.tr\/index.php\/urun\/meshurlardan-portreler\/","title":{"rendered":"Me\u015fhurlardan Portreler"},"content":{"rendered":"<p>Cumhuriyet d\u00f6neminde portre t\u00fcr\u00fcnde pek \u00e7ok eser kaleme al\u0131nm\u0131\u015f, bu t\u00fcr eserlerin bir k\u0131sm\u0131 yazar\u0131 hayattayken kitapla\u015fm\u0131\u015f, baz\u0131lar\u0131 ise s\u00fcreli yay\u0131nlar\u0131n tozlu sayfalar\u0131nda kalm\u0131\u015ft\u0131r. Periyodiklerde kalm\u0131\u015f bu neviden eserlerin ne\u015fredilmesi, ele al\u0131nan \u015fahsiyetlerin d\u00fcnyalar\u0131n\u0131 ayd\u0131nlatmak hususunda anahtar bir rol \u00fcstlenece\u011fi i\u00e7in \u00f6nemlidir.Me\u015fhurlardan Portreler adl\u0131 bu kitapta, 1937 y\u0131l\u0131n\u0131n 4-21 Eyl\u00fcl tarihleri aras\u0131nda Ak\u015fam gazetesinde, \u201cMe\u015fhurlar Serisi\u201d ba\u015fl\u0131\u011f\u0131yla yay\u0131mlanan portre yaz\u0131lar\u0131 bir araya getirilmi\u015ftir. Portrelerin i\u00e7eri\u011finden, yaz\u0131lar\u0131 kaleme alan \u201cPortreci\u201dnin, ele ald\u0131\u011f\u0131 \u015fah\u0131slara a\u015fina ve onlar\u0131 yak\u0131ndan tan\u0131yan birisi oldu\u011fu anla\u015f\u0131lmaktad\u0131r.Kitapta edebiyat\u00e7\u0131lardan Aka G\u00fcnd\u00fcz, Halid Fahri Ozansoy, Re\u015fat Nuri G\u00fcntekin, Erc\u00fcment Ekrem Talu ve H\u00fcseyin Rahmi G\u00fcrp\u0131nar; tiyatroculardan Muhsin Ertu\u011frul, Vasfi R\u0131za Zobu, H\u00e2z\u0131m K\u00f6rm\u00fck\u00e7\u00fc ve \u0130. Galip Arcan; ressamlardan \u0130brahim \u00c7all\u0131, \u015eevket Da\u011f, Feyhaman ve G\u00fczin Duran; doktorlardan Akil Muhtar \u00d6zden, Besim \u00d6mer Akal\u0131n ve Tevfik Sa\u011flam\u2019\u0131n portreleri yer almaktad\u0131r. Necati Tonga taraf\u0131ndan titiz bir notland\u0131rmayla yay\u0131ma haz\u0131rlanan Me\u015fhurlardan Portreler, ele ald\u0131\u011f\u0131 isimlerle ilgili pek \u00e7ok bilgiyi ve anekdotu i\u00e7ermesinin yan\u0131 s\u0131ra, yay\u0131mland\u0131\u011f\u0131 d\u00f6nemin sosyal-k\u00fclt\u00fcrel panoramas\u0131n\u0131 yans\u0131tmas\u0131 bak\u0131m\u0131ndan da ilgi \u00e7ekici bir kaynakt\u0131r.  <\/p>\n","protected":false},"excerpt":{"rendered":"<p>Cumhuriyet d\u00f6neminde portre t\u00fcr\u00fcnde pek \u00e7ok eser kaleme al\u0131nm\u0131\u015f, bu t\u00fcr eserlerin bir k\u0131sm\u0131 yazar\u0131 hayattayken kitapla\u015fm\u0131\u015f, baz\u0131lar\u0131 ise s\u00fcreli yay\u0131nlar\u0131n tozlu sayfalar\u0131nda kalm\u0131\u015ft\u0131r. Periyodiklerde kalm\u0131\u015f<span class=\"excerpt-hellip\"> [\u2026]<\/span><\/p>\n","protected":false},"featured_media":0,"template":"","meta":{"_monsterinsights_skip_tracking":false,"_monsterinsights_sitenote_active":false,"_monsterinsights_sitenote_note":"","_monsterinsights_sitenote_category":0},"product_brand":[],"product_cat":[14009,12291],"product_tag":[],"class_list":{"0":"post-749950","1":"product","2":"type-product","3":"status-publish","5":"product_cat-biyografi-otobiyografi-edebiyat","6":"product_cat-edebiyat","7":"pa_cilt-ciltsiz","8":"pa_tur-kitap","9":"pa_yayinevi-otuken-nesriyat","10":"pa_yazar-necati-tonga","12":"first","13":"instock","14":"sale","15":"shipping-taxable","16":"purchasable","17":"product-type-simple"},"_links":{"self":[{"href":"https:\/\/roveyayinevi.com.tr\/index.php\/wp-json\/wp\/v2\/product\/749950","targetHints":{"allow":["GET"]}}],"collection":[{"href":"https:\/\/roveyayinevi.com.tr\/index.php\/wp-json\/wp\/v2\/product"}],"about":[{"href":"https:\/\/roveyayinevi.com.tr\/index.php\/wp-json\/wp\/v2\/types\/product"}],"wp:attachment":[{"href":"https:\/\/roveyayinevi.com.tr\/index.php\/wp-json\/wp\/v2\/media?parent=749950"}],"wp:term":[{"taxonomy":"product_brand","embeddable":true,"href":"https:\/\/roveyayinevi.com.tr\/index.php\/wp-json\/wp\/v2\/product_brand?post=749950"},{"taxonomy":"product_cat","embeddable":true,"href":"https:\/\/roveyayinevi.com.tr\/index.php\/wp-json\/wp\/v2\/product_cat?post=749950"},{"taxonomy":"product_tag","embeddable":true,"href":"https:\/\/roveyayinevi.com.tr\/index.php\/wp-json\/wp\/v2\/product_tag?post=749950"}],"curies":[{"name":"wp","href":"https:\/\/api.w.org\/{rel}","templated":true}]}}