{"id":749948,"date":"2025-08-28T04:08:27","date_gmt":"2025-08-28T01:08:27","guid":{"rendered":"https:\/\/roveyayinevi.com.tr\/index.php\/urun\/dede-korkut-hikayeleri-16\/"},"modified":"2026-04-07T03:07:45","modified_gmt":"2026-04-07T00:07:45","slug":"dede-korkut-hikayeleri-16","status":"publish","type":"product","link":"https:\/\/roveyayinevi.com.tr\/index.php\/urun\/dede-korkut-hikayeleri-16\/","title":{"rendered":"Dede Korkut Hikayeleri"},"content":{"rendered":"<p>Dede Korkut, O\u011fuz T\u00fcrklerini, onlar\u0131n inan\u0131\u015flar\u0131n\u0131, ya\u015fay\u0131\u015flar\u0131n\u0131, gelenek ve g\u00f6reneklerini, yi\u011fitliklerini, sa\u011flam karakter ve ahlak\u0131n\u0131, ruh enginli\u011fini saf, duru bir T\u00fcrk\u00e7e ile dile getirir. Destanlar\u0131ndaki \u015fiirlerinde, \u00e7al\u0131nan kopuzlar\u0131n k\u0131vrak ritmi, yan\u0131k havas\u0131 vard\u0131r. \u00d6zellikle pek \u00e7ok halk kahraman\u0131n\u0131n m\u00fccadeleleri anlat\u0131lan Dede Korkut hik\u00e2yelerinde; g\u00fczel ve hikmetli s\u00f6zler, T\u00fcrklerin tarihine ait rivayetler, han ve beyler hakk\u0131nda methiyeler, T\u00fcrk t\u00f6resine ait pek \u00e7ok konular i\u015flenerek iyilere \u00f6vg\u00fc k\u00f6t\u00fclere ele\u015ftiri vard\u0131r. <\/p>\n","protected":false},"excerpt":{"rendered":"<p>Dede Korkut, O\u011fuz T\u00fcrklerini, onlar\u0131n inan\u0131\u015flar\u0131n\u0131, ya\u015fay\u0131\u015flar\u0131n\u0131, gelenek ve g\u00f6reneklerini, yi\u011fitliklerini, sa\u011flam karakter ve ahlak\u0131n\u0131, ruh enginli\u011fini saf, duru bir T\u00fcrk\u00e7e ile dile getirir. Destanlar\u0131ndaki \u015fiirlerinde,<span class=\"excerpt-hellip\"> [\u2026]<\/span><\/p>\n","protected":false},"featured_media":0,"template":"","meta":{"_monsterinsights_skip_tracking":false,"_monsterinsights_sitenote_active":false,"_monsterinsights_sitenote_note":"","_monsterinsights_sitenote_category":0},"product_brand":[],"product_cat":[12291,12711],"product_tag":[],"class_list":{"0":"post-749948","1":"product","2":"type-product","3":"status-publish","5":"product_cat-edebiyat","6":"product_cat-roman-oyku","7":"pa_cilt-ciltsiz","8":"pa_tur-kitap","9":"pa_yayinevi-ema-kitap","10":"pa_yazar-anonim","12":"first","13":"instock","14":"sale","15":"shipping-taxable","16":"purchasable","17":"product-type-simple"},"_links":{"self":[{"href":"https:\/\/roveyayinevi.com.tr\/index.php\/wp-json\/wp\/v2\/product\/749948","targetHints":{"allow":["GET"]}}],"collection":[{"href":"https:\/\/roveyayinevi.com.tr\/index.php\/wp-json\/wp\/v2\/product"}],"about":[{"href":"https:\/\/roveyayinevi.com.tr\/index.php\/wp-json\/wp\/v2\/types\/product"}],"wp:attachment":[{"href":"https:\/\/roveyayinevi.com.tr\/index.php\/wp-json\/wp\/v2\/media?parent=749948"}],"wp:term":[{"taxonomy":"product_brand","embeddable":true,"href":"https:\/\/roveyayinevi.com.tr\/index.php\/wp-json\/wp\/v2\/product_brand?post=749948"},{"taxonomy":"product_cat","embeddable":true,"href":"https:\/\/roveyayinevi.com.tr\/index.php\/wp-json\/wp\/v2\/product_cat?post=749948"},{"taxonomy":"product_tag","embeddable":true,"href":"https:\/\/roveyayinevi.com.tr\/index.php\/wp-json\/wp\/v2\/product_tag?post=749948"}],"curies":[{"name":"wp","href":"https:\/\/api.w.org\/{rel}","templated":true}]}}