{"id":749941,"date":"2025-08-28T04:08:16","date_gmt":"2025-08-28T01:08:16","guid":{"rendered":"https:\/\/roveyayinevi.com.tr\/index.php\/urun\/adi-kayip-ali-uygur-kitabi\/"},"modified":"2026-04-16T03:03:29","modified_gmt":"2026-04-16T00:03:29","slug":"adi-kayip-ali-uygur-kitabi","status":"publish","type":"product","link":"https:\/\/roveyayinevi.com.tr\/index.php\/urun\/adi-kayip-ali-uygur-kitabi\/","title":{"rendered":"Ad\u0131 Kay\u0131p Ali Uygur Kitab\u0131"},"content":{"rendered":"<p>Ali Uygur, b\u00fct\u00fcn Devrimci Yolcular ve onlarla ayn\u0131 d\u00fcnya \u00f6zlemini payla\u015fan insanlar i\u00e7in bir y\u00fcrek yang\u0131n\u0131, bir y\u00fcrek yaras\u0131d\u0131r. \u00d6ld\u00fcr\u00fclme bi\u00e7imi, i\u015fkencede \u00f6ld\u00fcr\u00fclen herkesin \u00f6ld\u00fcr\u00fclme bi\u00e7imine benzese de cesedin ortadan kald\u0131r\u0131lma ve uzun bir takip sonras\u0131nda kimsesizler mezarl\u0131\u011f\u0131nda bulunma bi\u00e7imi ak\u0131llara durgunluk verecek cinstendir. Ali\u2019nin izine rastlanmas\u0131n ve asla bulunmas\u0131n diye devreye sokulan y\u00f6ntemler ibret vericidir. Ali\u2019nin \u00f6ld\u00fcr\u00fclmesi tabii ki infial yaratt\u0131 ama mezar\u0131 a\u00e7\u0131l\u0131p Ali\u2019nin bulunmas\u0131ndan sonra yap\u0131ld\u0131\u011f\u0131 anla\u015f\u0131lan uygulamalar, \u00e7ok daha fazla infial yaratt\u0131. Hazmedilebilir bir \u015fey de\u011fildi; \u00f6yle de oldu. Hazmedemedik, al\u0131\u015famad\u0131k ve bu durumla bar\u0131\u015famad\u0131k. Ali ilk kaybedilen de\u011fildi, son da olmad\u0131. H\u00e2l\u00e2 evlad\u0131n\u0131 arayan annelerin copland\u0131\u011f\u0131n\u0131 ve yerlerde s\u00fcr\u00fcklendi\u011fini, b\u00fcy\u00fck bir b\u00f6l\u00fcm\u00fcn\u00fcn evlatlar\u0131na kavu\u015famadan, onlar\u0131 bir kez olsun kucaklayamadan hatta ak\u0131betlerini bile \u00f6\u011frenemeden ya\u015famlar\u0131n\u0131 noktalad\u0131klar\u0131n\u0131 biliyoruz. Bu insanl\u0131k d\u0131\u015f\u0131 uygulamalar\u0131n utanc\u0131 bize ait olmasa da, insanl\u0131k ailesinin \u00fcyeleri olan bizler i\u00e7in, b\u00fct\u00fcn bu ya\u015fananlara \u015fahit olmak utan\u00e7 vericiydi. Bu kitap, \u00e7ocuklar\u0131n\u0131 aramak zorunda kalmayacaklar\u0131 bir \u00fclke arma\u011fan edemedi\u011fimiz o g\u00fczel y\u00fcrekli annelere ithaf edilmi\u015ftir. <\/p>\n","protected":false},"excerpt":{"rendered":"<p>Ali Uygur, b\u00fct\u00fcn Devrimci Yolcular ve onlarla ayn\u0131 d\u00fcnya \u00f6zlemini payla\u015fan insanlar i\u00e7in bir y\u00fcrek yang\u0131n\u0131, bir y\u00fcrek yaras\u0131d\u0131r. \u00d6ld\u00fcr\u00fclme bi\u00e7imi, i\u015fkencede \u00f6ld\u00fcr\u00fclen herkesin \u00f6ld\u00fcr\u00fclme bi\u00e7imine<span class=\"excerpt-hellip\"> [\u2026]<\/span><\/p>\n","protected":false},"featured_media":0,"template":"","meta":{"_monsterinsights_skip_tracking":false,"_monsterinsights_sitenote_active":false,"_monsterinsights_sitenote_note":"","_monsterinsights_sitenote_category":0},"product_brand":[],"product_cat":[12337,16547],"product_tag":[],"class_list":{"0":"post-749941","1":"product","2":"type-product","3":"status-publish","5":"product_cat-politika-siyaset","6":"product_cat-sol-hareketler","7":"pa_cilt-ciltsiz","8":"pa_tur-kitap","9":"pa_yayinevi-ayrinti-yayinlari","10":"pa_yazar-adnan-korkmaz","12":"first","13":"instock","14":"sale","15":"shipping-taxable","16":"purchasable","17":"product-type-simple"},"_links":{"self":[{"href":"https:\/\/roveyayinevi.com.tr\/index.php\/wp-json\/wp\/v2\/product\/749941","targetHints":{"allow":["GET"]}}],"collection":[{"href":"https:\/\/roveyayinevi.com.tr\/index.php\/wp-json\/wp\/v2\/product"}],"about":[{"href":"https:\/\/roveyayinevi.com.tr\/index.php\/wp-json\/wp\/v2\/types\/product"}],"wp:attachment":[{"href":"https:\/\/roveyayinevi.com.tr\/index.php\/wp-json\/wp\/v2\/media?parent=749941"}],"wp:term":[{"taxonomy":"product_brand","embeddable":true,"href":"https:\/\/roveyayinevi.com.tr\/index.php\/wp-json\/wp\/v2\/product_brand?post=749941"},{"taxonomy":"product_cat","embeddable":true,"href":"https:\/\/roveyayinevi.com.tr\/index.php\/wp-json\/wp\/v2\/product_cat?post=749941"},{"taxonomy":"product_tag","embeddable":true,"href":"https:\/\/roveyayinevi.com.tr\/index.php\/wp-json\/wp\/v2\/product_tag?post=749941"}],"curies":[{"name":"wp","href":"https:\/\/api.w.org\/{rel}","templated":true}]}}