{"id":749939,"date":"2025-08-28T04:08:13","date_gmt":"2025-08-28T01:08:13","guid":{"rendered":"https:\/\/roveyayinevi.com.tr\/index.php\/urun\/anavatanda-nefret-yeni-kuresel-asiri-sag\/"},"modified":"2026-04-16T03:03:29","modified_gmt":"2026-04-16T00:03:29","slug":"anavatanda-nefret-yeni-kuresel-asiri-sag","status":"publish","type":"product","link":"https:\/\/roveyayinevi.com.tr\/index.php\/urun\/anavatanda-nefret-yeni-kuresel-asiri-sag\/","title":{"rendered":"Anavatanda Nefret Yeni K\u00fcresel A\u015f\u0131r\u0131 Sa\u011f"},"content":{"rendered":"<p>ABD ba\u015fta olmak \u00fczere d\u00fcnyan\u0131n bir\u00e7ok \u00fclkesinde a\u015f\u0131r\u0131l\u0131k\u00e7\u0131 ak\u0131mlar kendilerine milyonlarca taraftar buluyor. Komplo teorilerinden, beyaz \u00fcst\u00fcnl\u00fc\u011f\u00fcne dair tezlerden, g\u00f6\u00e7men kar\u015f\u0131tl\u0131\u011f\u0131ndan beslenen nefret su\u00e7lar\u0131 ve \u015fiddet vakalar\u0131 g\u00fcnbeg\u00fcn art\u0131yor. Hal b\u00f6yle olunca a\u015f\u0131r\u0131l\u0131k\u00e7\u0131 ak\u0131mlar\u0131n insanlar\u0131 nas\u0131l etkiledi\u011fi, hangi mecralar\u0131 kullanarak toplumda yayg\u0131nla\u015ft\u0131\u011f\u0131 konusu ise \u00e7ok \u00f6nemli bir ara\u015ft\u0131rma konusu haline geliyor. Cynthia Miller-Idriss nefretin \u00fcretildi\u011fi fiziksel ve sanal alanlara merce\u011fini do\u011frultuyor ve \u201cA\u015f\u0131r\u0131 sa\u011fc\u0131lar nerede taraftar topluyor?\u201d \u201cGen\u00e7ler g\u00fcnl\u00fck ya\u015famlar\u0131nda a\u015f\u0131r\u0131l\u0131k\u00e7\u0131 mesajlarla ne zaman kar\u015f\u0131la\u015f\u0131yor?\u201d gibi sorulara cevaplar ar\u0131yor. \u00d6zellikle toplumlar\u0131n marjlar\u0131ndaki gen\u00e7lerin \u00e7e\u015fitli ortamlarda nas\u0131l hedef al\u0131nd\u0131\u011f\u0131n\u0131 analiz ediyor ve radikalle\u015fmeye giden yolun ergenlik ve yeti\u015fkinlik boyunca a\u015f\u0131r\u0131 sa\u011fc\u0131 ortamlara girip \u00e7\u0131kmakla olu\u015fan bir s\u00fcre\u00e7 oldu\u011funu g\u00f6steriyor. Anavatanda Nefret yar\u0131n\u0131n a\u015f\u0131r\u0131 sa\u011fc\u0131 milliyet\u00e7ilerinin \u00fcniversite kamp\u00fcslerinden karma d\u00f6v\u00fc\u015f sanatlar\u0131 salonlar\u0131na, giyim ma\u011fazalar\u0131ndan \u00e7evrimi\u00e7i oyun sohbet odalar\u0131na ve YouTube yemek kanallar\u0131na kadar farkl\u0131 mecralarda nas\u0131l bir araya geldi\u011fini g\u00f6zler \u00f6n\u00fcne seren ufuk a\u00e7\u0131c\u0131 bir \u00e7al\u0131\u015fma. Kitap okurlar\u0131 yaln\u0131zca g\u00fcn\u00fcm\u00fcz a\u015f\u0131r\u0131 sa\u011f\u0131n\u0131n gen\u00e7leri cezbetti\u011fi ve tuza\u011fa d\u00fc\u015f\u00fcrd\u00fc\u011f\u00fc ana ak\u0131m mek\u00e2nlara ve alanlara g\u00f6t\u00fcrmekle kalm\u0131yor ayn\u0131 zamanda a\u015f\u0131r\u0131l\u0131k\u00e7\u0131 radikalle\u015fmeyle m\u00fccadelede kullanabilece\u011fimiz yenilik\u00e7i stratejileri de ortaya koyuyor. <\/p>\n","protected":false},"excerpt":{"rendered":"<p>ABD ba\u015fta olmak \u00fczere d\u00fcnyan\u0131n bir\u00e7ok \u00fclkesinde a\u015f\u0131r\u0131l\u0131k\u00e7\u0131 ak\u0131mlar kendilerine milyonlarca taraftar buluyor. Komplo teorilerinden, beyaz \u00fcst\u00fcnl\u00fc\u011f\u00fcne dair tezlerden, g\u00f6\u00e7men kar\u015f\u0131tl\u0131\u011f\u0131ndan beslenen nefret su\u00e7lar\u0131 ve \u015fiddet<span class=\"excerpt-hellip\"> [\u2026]<\/span><\/p>\n","protected":false},"featured_media":0,"template":"","meta":{"_monsterinsights_skip_tracking":false,"_monsterinsights_sitenote_active":false,"_monsterinsights_sitenote_note":"","_monsterinsights_sitenote_category":0},"product_brand":[],"product_cat":[13072,12291],"product_tag":[],"class_list":{"0":"post-749939","1":"product","2":"type-product","3":"status-publish","5":"product_cat-arastirma-inceleme-referans","6":"product_cat-edebiyat","7":"pa_cilt-ciltsiz","8":"pa_tur-kitap","9":"pa_yayinevi-ayrinti-yayinlari","10":"pa_yazar-cynthia-miller-idriss","12":"first","13":"instock","14":"sale","15":"shipping-taxable","16":"purchasable","17":"product-type-simple"},"_links":{"self":[{"href":"https:\/\/roveyayinevi.com.tr\/index.php\/wp-json\/wp\/v2\/product\/749939","targetHints":{"allow":["GET"]}}],"collection":[{"href":"https:\/\/roveyayinevi.com.tr\/index.php\/wp-json\/wp\/v2\/product"}],"about":[{"href":"https:\/\/roveyayinevi.com.tr\/index.php\/wp-json\/wp\/v2\/types\/product"}],"wp:attachment":[{"href":"https:\/\/roveyayinevi.com.tr\/index.php\/wp-json\/wp\/v2\/media?parent=749939"}],"wp:term":[{"taxonomy":"product_brand","embeddable":true,"href":"https:\/\/roveyayinevi.com.tr\/index.php\/wp-json\/wp\/v2\/product_brand?post=749939"},{"taxonomy":"product_cat","embeddable":true,"href":"https:\/\/roveyayinevi.com.tr\/index.php\/wp-json\/wp\/v2\/product_cat?post=749939"},{"taxonomy":"product_tag","embeddable":true,"href":"https:\/\/roveyayinevi.com.tr\/index.php\/wp-json\/wp\/v2\/product_tag?post=749939"}],"curies":[{"name":"wp","href":"https:\/\/api.w.org\/{rel}","templated":true}]}}