{"id":749938,"date":"2025-08-28T04:08:12","date_gmt":"2025-08-28T01:08:12","guid":{"rendered":"https:\/\/roveyayinevi.com.tr\/index.php\/urun\/sartre-romantik-rasyonalist\/"},"modified":"2026-04-16T03:03:29","modified_gmt":"2026-04-16T00:03:29","slug":"sartre-romantik-rasyonalist","status":"publish","type":"product","link":"https:\/\/roveyayinevi.com.tr\/index.php\/urun\/sartre-romantik-rasyonalist\/","title":{"rendered":"Sartre Romantik Rasyonalist"},"content":{"rendered":"<p>Jean-Paul Sartre\u2019\u0131 anlamak, i\u00e7inde ya\u015fad\u0131\u011f\u0131m\u0131z \u00e7a\u011fa ili\u015fkin \u00f6nemli bir \u015feyi anlamak demektir. Filozof, politikac\u0131, roman yazar\u0131 olarak Sartre, derinden derine \u00e7a\u011fda\u015f bir kimsedir ve \u00e7a\u011fda\u015f oldu\u011funun da fark\u0131ndad\u0131r; \u00e7a\u011f\u0131m\u0131z\u0131n \u00fcsl\u00fbbu vard\u0131r onda. \u00c7al\u0131\u015fmalar\u0131n\u0131n t\u00fcm\u00fcne g\u00f6z att\u0131\u011f\u0131m\u0131zda, bu \u00fcsl\u00fbbun Avrupa ahlak felsefesinin, metafizi\u011finin ve politikas\u0131n\u0131n do\u011fal bir \u00fcr\u00fcn\u00fc ve sonucu oldu\u011funu kavrar\u0131z. Ba\u015fka bir yazarda gizli kalabilen ba\u011flant\u0131lar, Sartre\u2019\u0131n eserinin a\u00e7\u0131k-se\u00e7ikli\u011finde kendilerini olduklar\u0131 gibi g\u00f6sterirler. Sartre, Hegel-sonras\u0131 \u00fc\u00e7 d\u00fc\u015f\u00fcnce ak\u0131m\u0131n\u0131n kav\u015fak noktas\u0131nda bulunan bir d\u00fc\u015f\u00fcn\u00fcrd\u00fcr. Bu \u00fc\u00e7 d\u00fc\u015f\u00fcnce ak\u0131m\u0131 \u015funlard\u0131r: Marksizm, Varolu\u015f\u00e7uluk ve Fenomenoloji. Sartre, bu \u00fc\u00e7 ak\u0131m\u0131n her birinin etkisini duymu\u015f ve \u00fc\u00e7 ak\u0131m\u0131 da etkilemi\u015ftir. Iris Murdoch D\u00fc\u015f\u00fcncesiyle eylemini durmadan yenilenen ama belirli bir y\u00f6nde ilerleyen bir sentez i\u00e7inde kayna\u015ft\u0131rmak ister Sartre. Uyand\u0131rd\u0131\u011f\u0131 b\u00fcy\u00fck ilginin kayna\u011f\u0131n\u0131, kavranmas\u0131 hayli g\u00fc\u00e7 felsefi d\u00fc\u015f\u00fcncelerinden \u00e7ok bu d\u00fc\u015f\u00fcncelerden kaynak alan edebiyat \u00fcr\u00fcnlerinde ve eyleminde ger\u00e7ekle\u015ftirdi\u011fi k\u00fclyutmaz ve ele\u015ftirici tutumda, y\u00fcrekli ve i\u00e7ten davran\u0131\u015fta aramak gerekir. Selahattin Hilav Sartre\u2019\u0131n romanlar\u0131 ve felsefesi \u00fczerine derinlikli bir analiz. <\/p>\n","protected":false},"excerpt":{"rendered":"<p>Jean-Paul Sartre\u2019\u0131 anlamak, i\u00e7inde ya\u015fad\u0131\u011f\u0131m\u0131z \u00e7a\u011fa ili\u015fkin \u00f6nemli bir \u015feyi anlamak demektir. Filozof, politikac\u0131, roman yazar\u0131 olarak Sartre, derinden derine \u00e7a\u011fda\u015f bir kimsedir ve \u00e7a\u011fda\u015f oldu\u011funun<span class=\"excerpt-hellip\"> [\u2026]<\/span><\/p>\n","protected":false},"featured_media":0,"template":"","meta":{"_monsterinsights_skip_tracking":false,"_monsterinsights_sitenote_active":false,"_monsterinsights_sitenote_note":"","_monsterinsights_sitenote_category":0},"product_brand":[],"product_cat":[16038,12388],"product_tag":[],"class_list":{"0":"post-749938","1":"product","2":"type-product","3":"status-publish","5":"product_cat-arastirma-inceleme-referans-felsefe","6":"product_cat-felsefe","7":"pa_cilt-ciltsiz","8":"pa_tur-kitap","9":"pa_yayinevi-ayrinti-yayinlari","10":"pa_yazar-iris-murdoch","12":"first","13":"instock","14":"sale","15":"shipping-taxable","16":"purchasable","17":"product-type-simple"},"_links":{"self":[{"href":"https:\/\/roveyayinevi.com.tr\/index.php\/wp-json\/wp\/v2\/product\/749938","targetHints":{"allow":["GET"]}}],"collection":[{"href":"https:\/\/roveyayinevi.com.tr\/index.php\/wp-json\/wp\/v2\/product"}],"about":[{"href":"https:\/\/roveyayinevi.com.tr\/index.php\/wp-json\/wp\/v2\/types\/product"}],"wp:attachment":[{"href":"https:\/\/roveyayinevi.com.tr\/index.php\/wp-json\/wp\/v2\/media?parent=749938"}],"wp:term":[{"taxonomy":"product_brand","embeddable":true,"href":"https:\/\/roveyayinevi.com.tr\/index.php\/wp-json\/wp\/v2\/product_brand?post=749938"},{"taxonomy":"product_cat","embeddable":true,"href":"https:\/\/roveyayinevi.com.tr\/index.php\/wp-json\/wp\/v2\/product_cat?post=749938"},{"taxonomy":"product_tag","embeddable":true,"href":"https:\/\/roveyayinevi.com.tr\/index.php\/wp-json\/wp\/v2\/product_tag?post=749938"}],"curies":[{"name":"wp","href":"https:\/\/api.w.org\/{rel}","templated":true}]}}