{"id":749937,"date":"2025-08-28T04:08:10","date_gmt":"2025-08-28T01:08:10","guid":{"rendered":"https:\/\/roveyayinevi.com.tr\/index.php\/urun\/mercianin-bedeli\/"},"modified":"2026-04-16T03:03:29","modified_gmt":"2026-04-16T00:03:29","slug":"mercianin-bedeli","status":"publish","type":"product","link":"https:\/\/roveyayinevi.com.tr\/index.php\/urun\/mercianin-bedeli\/","title":{"rendered":"Mercia\u2019nin Bedeli"},"content":{"rendered":"<p>\u201cMercia verir ve al\u0131r\u201d dedi. Babas\u0131n\u0131n her \u015fey i\u00e7in mant\u0131\u011f\u0131 buydu. Bu toprak, yani onun daima, hakk\u0131nda neredeyse hi\u00e7bir \u015fey bilmedi\u011fi krallara hayranl\u0131\u011f\u0131ndan \u00f6tu\u0308ru\u0308 hep antik ad\u0131yla and\u0131\u011f\u0131 Mercia, verir ve al\u0131r. Hayattaki her tu\u0308rl\u00fc kader bu tek cu\u0308mleyle a\u00e7\u0131klan\u0131rd\u0131. Almadan vermek yoktur ve Mercia\u2019n\u0131n ald\u0131\u011f\u0131 bedel daima adildir. Daniel Willes bu kitab\u0131 1872\u2019deki Pelsall Hall K\u00f6mu\u0308r Madeni facias\u0131nda hayat\u0131n\u0131 kaybeden madencilere adam\u0131\u015ft\u0131r. Michael bir madencidir, Sanayi Devrimi\u2019nin en bunalt\u0131c\u0131 zamanlar\u0131nda \u0130ngiltere\u2019de madencilik yapan insanlar\u0131n ya\u015fam ko\u015fullar\u0131na \u015fahit oluruz onunla birlikte. Babas\u0131ndan miras ald\u0131\u011f\u0131 ve \u00e7ocuk ya\u015fta ba\u015flad\u0131\u011f\u0131 mesle\u011fin kendisiyle birlikte son bulmas\u0131 i\u00e7in \u00e7ocu\u011funu okutmak u\u011fruna iki farkl\u0131 madende \u00e7al\u0131\u015f\u0131r, sonunda bir umut \u0131\u015f\u0131\u011f\u0131 g\u00f6rd\u00fc\u011f\u00fcnde de ayakta duramayacak hale gelir&#8230; Ya\u015fad\u0131klar\u0131 evde, yerin bin kat alt\u0131nda, kaybetti\u011fini d\u00fc\u015f\u00fcnd\u00fc\u011f\u00fcnde yollarda, Mercia\u2019n\u0131n ondan ald\u0131klar\u0131n\u0131n telafisini arar. Ger\u00e7ek bir olaydan esinlenerek yaz\u0131lan bu kitapta Micheal\u2019la birlikte yoksulluk, sefalet ve umuda dair ger\u00e7ek bir yolculu\u011fa \u00e7\u0131k\u0131yor okur. Michael \u00e7izmelerini giydi. Aya\u011fa kalkmay\u0131 du\u0308\u015fu\u0308nu\u0308nce korktu. Kalkabilecek miyim, diye du\u0308\u015fu\u0308nd\u00fc. Babam ger\u00e7ekten hakl\u0131 m\u0131yd\u0131, diye du\u0308\u015fu\u0308nd\u00fc. Bu toprak verir ve al\u0131r, Tanr\u0131 da b\u00f6yle yapar, sanki ikisi birmi\u015f gibi. Ve bu do\u011fruysa bile, o zaman, yahu Allah a\u015fk\u0131na ya da toprak a\u015fk\u0131na, benim olan \u015fey nerede? Bana verdi\u011fi ne? <\/p>\n","protected":false},"excerpt":{"rendered":"<p>\u201cMercia verir ve al\u0131r\u201d dedi. Babas\u0131n\u0131n her \u015fey i\u00e7in mant\u0131\u011f\u0131 buydu. Bu toprak, yani onun daima, hakk\u0131nda neredeyse hi\u00e7bir \u015fey bilmedi\u011fi krallara hayranl\u0131\u011f\u0131ndan \u00f6tu\u0308ru\u0308 hep antik<span class=\"excerpt-hellip\"> [\u2026]<\/span><\/p>\n","protected":false},"featured_media":0,"template":"","meta":{"_monsterinsights_skip_tracking":false,"_monsterinsights_sitenote_active":false,"_monsterinsights_sitenote_note":"","_monsterinsights_sitenote_category":0},"product_brand":[],"product_cat":[12291,12711],"product_tag":[],"class_list":{"0":"post-749937","1":"product","2":"type-product","3":"status-publish","5":"product_cat-edebiyat","6":"product_cat-roman-oyku","7":"pa_cilt-ciltsiz","8":"pa_tur-kitap","9":"pa_yayinevi-ayrinti-yayinlari","10":"pa_yazar-daniel-wiles","12":"first","13":"instock","14":"sale","15":"shipping-taxable","16":"purchasable","17":"product-type-simple"},"_links":{"self":[{"href":"https:\/\/roveyayinevi.com.tr\/index.php\/wp-json\/wp\/v2\/product\/749937","targetHints":{"allow":["GET"]}}],"collection":[{"href":"https:\/\/roveyayinevi.com.tr\/index.php\/wp-json\/wp\/v2\/product"}],"about":[{"href":"https:\/\/roveyayinevi.com.tr\/index.php\/wp-json\/wp\/v2\/types\/product"}],"wp:attachment":[{"href":"https:\/\/roveyayinevi.com.tr\/index.php\/wp-json\/wp\/v2\/media?parent=749937"}],"wp:term":[{"taxonomy":"product_brand","embeddable":true,"href":"https:\/\/roveyayinevi.com.tr\/index.php\/wp-json\/wp\/v2\/product_brand?post=749937"},{"taxonomy":"product_cat","embeddable":true,"href":"https:\/\/roveyayinevi.com.tr\/index.php\/wp-json\/wp\/v2\/product_cat?post=749937"},{"taxonomy":"product_tag","embeddable":true,"href":"https:\/\/roveyayinevi.com.tr\/index.php\/wp-json\/wp\/v2\/product_tag?post=749937"}],"curies":[{"name":"wp","href":"https:\/\/api.w.org\/{rel}","templated":true}]}}