{"id":749936,"date":"2025-08-28T04:08:09","date_gmt":"2025-08-28T01:08:09","guid":{"rendered":"https:\/\/roveyayinevi.com.tr\/index.php\/urun\/gencler-icin-peygamberimizin-hayati\/"},"modified":"2026-04-16T03:03:29","modified_gmt":"2026-04-16T00:03:29","slug":"gencler-icin-peygamberimizin-hayati","status":"publish","type":"product","link":"https:\/\/roveyayinevi.com.tr\/index.php\/urun\/gencler-icin-peygamberimizin-hayati\/","title":{"rendered":"Gen\u00e7ler \u0130\u00e7in Peygamberimizin Hayat\u0131"},"content":{"rendered":"<p>Bu kitap gen\u00e7ler i\u00e7in yaz\u0131lm\u0131\u015f bir siyer \u00e7al\u0131\u015fmas\u0131d\u0131r. Siyer, Allah\u2019\u0131n son el\u00e7isi, \u0130sl\u00e2m Peygamberi Hz. Muhammed\u2019in (a.s.m.) hayat hik\u00e2yesidir. Peygamberimiz (a.s.m.) i\u00e7in gen\u00e7ler \u00e7ok \u00f6nemliydi. Ona inanlar\u0131n b\u00fcy\u00fck k\u0131sm\u0131n\u0131 gen\u00e7ler olu\u015fturuyordu. \u00c7\u00fcnk\u00fc gen\u00e7lerin \u00f6rnek almak istedi\u011fi b\u00fct\u00fcn \u00f6zellikler Peygamberimizde vard\u0131. Bu zaman\u0131n gen\u00e7lerinin de Peygamberini sevmekle, onun hayat\u0131n\u0131 okumak ve bilmekle ve ya\u015fant\u0131s\u0131n\u0131 onun hayat\u0131n\u0131 kendine \u00f6rnek almakla gen\u00e7lik hazinesinin k\u0131ymetini anlayaca\u011f\u0131na inan\u0131yoruz. \u00c7\u00fcnk\u00fc bir M\u00fcsl\u00fcman, Peygamberini tan\u0131d\u0131\u011f\u0131 \u00f6l\u00e7\u00fcde dini ya\u015fay\u0131\u015f\u0131n\u0131 g\u00fczelle\u015ftirebilir, Allah\u2019\u0131 kendisinden raz\u0131 edecek fiil ve davran\u0131\u015flar\u0131 i\u015flemeye muvaffak olabilir ve nihayetinde g\u00fczel ahlakl\u0131 olur. Elinizdeki eser, Allah Res\u00fbl\u00fc\u2019n\u00fcn m\u00fc\u2019minler i\u00e7in alt\u0131n de\u011ferinde \u00f6rnek hayat\u0131n\u0131n do\u011fumundan vefat\u0131na kadar \u00f6zet bir anlat\u0131m\u0131d\u0131r. Hayat\u0131n\u0131za her alanda \u00f6rneklik yapmas\u0131, d\u00fc\u015f\u00fcnce ufkunuzun geni\u015flemesine de katk\u0131 sa\u011flamas\u0131 dileklerimizle\u2026 <\/p>\n","protected":false},"excerpt":{"rendered":"<p>Bu kitap gen\u00e7ler i\u00e7in yaz\u0131lm\u0131\u015f bir siyer \u00e7al\u0131\u015fmas\u0131d\u0131r. Siyer, Allah\u2019\u0131n son el\u00e7isi, \u0130sl\u00e2m Peygamberi Hz. Muhammed\u2019in (a.s.m.) hayat hik\u00e2yesidir. Peygamberimiz (a.s.m.) i\u00e7in gen\u00e7ler \u00e7ok \u00f6nemliydi. Ona<span class=\"excerpt-hellip\"> [\u2026]<\/span><\/p>\n","protected":false},"featured_media":0,"template":"","meta":{"_monsterinsights_skip_tracking":false,"_monsterinsights_sitenote_active":false,"_monsterinsights_sitenote_note":"","_monsterinsights_sitenote_category":0},"product_brand":[],"product_cat":[12718,12719,18109],"product_tag":[],"class_list":{"0":"post-749936","1":"product","2":"type-product","3":"status-publish","5":"product_cat-din","6":"product_cat-islam","7":"product_cat-islam-tarihi","8":"pa_cilt-ciltsiz","9":"pa_tur-kitap","10":"pa_yayinevi-nesil-yayinlari","11":"pa_yazar-mehmet-dikmen","13":"first","14":"instock","15":"sale","16":"shipping-taxable","17":"purchasable","18":"product-type-simple"},"_links":{"self":[{"href":"https:\/\/roveyayinevi.com.tr\/index.php\/wp-json\/wp\/v2\/product\/749936","targetHints":{"allow":["GET"]}}],"collection":[{"href":"https:\/\/roveyayinevi.com.tr\/index.php\/wp-json\/wp\/v2\/product"}],"about":[{"href":"https:\/\/roveyayinevi.com.tr\/index.php\/wp-json\/wp\/v2\/types\/product"}],"wp:attachment":[{"href":"https:\/\/roveyayinevi.com.tr\/index.php\/wp-json\/wp\/v2\/media?parent=749936"}],"wp:term":[{"taxonomy":"product_brand","embeddable":true,"href":"https:\/\/roveyayinevi.com.tr\/index.php\/wp-json\/wp\/v2\/product_brand?post=749936"},{"taxonomy":"product_cat","embeddable":true,"href":"https:\/\/roveyayinevi.com.tr\/index.php\/wp-json\/wp\/v2\/product_cat?post=749936"},{"taxonomy":"product_tag","embeddable":true,"href":"https:\/\/roveyayinevi.com.tr\/index.php\/wp-json\/wp\/v2\/product_tag?post=749936"}],"curies":[{"name":"wp","href":"https:\/\/api.w.org\/{rel}","templated":true}]}}