{"id":749934,"date":"2025-08-28T04:08:06","date_gmt":"2025-08-28T01:08:06","guid":{"rendered":"https:\/\/roveyayinevi.com.tr\/index.php\/urun\/acaba-nasil-2\/"},"modified":"2026-04-16T03:03:29","modified_gmt":"2026-04-16T00:03:29","slug":"acaba-nasil-2","status":"publish","type":"product","link":"https:\/\/roveyayinevi.com.tr\/index.php\/urun\/acaba-nasil-2\/","title":{"rendered":"Acaba Nas\u0131l?"},"content":{"rendered":"<p>Adeta ortas\u0131ndan ba\u015flay\u0131p noktas\u0131z virg\u00fcls\u00fcz akan Beckett\u2019in sadece en temel \u00f6\u011felerine indirgedi\u011fi bir anlat\u0131 bi\u00e7imi Acaba Nas\u0131l?   Anlat\u0131c\u0131 kim belli de\u011fil Pim kahraman m\u0131 yoksa Pim mi anlat\u0131c\u0131 hi\u00e7bir \u015feyden emin olamayaca\u011f\u0131m\u0131z bir kurgu Beckett\u2019in kaleminden dili oyan dille oynayan onu bir oya gibi i\u015fleyen bir roman <\/p>\n","protected":false},"excerpt":{"rendered":"<p>Adeta ortas\u0131ndan ba\u015flay\u0131p noktas\u0131z virg\u00fcls\u00fcz akan Beckett\u2019in sadece en temel \u00f6\u011felerine indirgedi\u011fi bir anlat\u0131 bi\u00e7imi Acaba Nas\u0131l? Anlat\u0131c\u0131 kim belli de\u011fil Pim kahraman m\u0131 yoksa Pim<span class=\"excerpt-hellip\"> [\u2026]<\/span><\/p>\n","protected":false},"featured_media":0,"template":"","meta":{"_monsterinsights_skip_tracking":false,"_monsterinsights_sitenote_active":false,"_monsterinsights_sitenote_note":"","_monsterinsights_sitenote_category":0},"product_brand":[],"product_cat":[12291,13872],"product_tag":[],"class_list":{"0":"post-749934","1":"product","2":"type-product","3":"status-publish","5":"product_cat-edebiyat","6":"product_cat-klasikler","7":"pa_cilt-ciltsiz","8":"pa_tur-kitap","9":"pa_yayinevi-kirmizi-kedi-yayinevi","10":"pa_yazar-samuel-beckett","12":"first","13":"instock","14":"sale","15":"shipping-taxable","16":"purchasable","17":"product-type-simple"},"_links":{"self":[{"href":"https:\/\/roveyayinevi.com.tr\/index.php\/wp-json\/wp\/v2\/product\/749934","targetHints":{"allow":["GET"]}}],"collection":[{"href":"https:\/\/roveyayinevi.com.tr\/index.php\/wp-json\/wp\/v2\/product"}],"about":[{"href":"https:\/\/roveyayinevi.com.tr\/index.php\/wp-json\/wp\/v2\/types\/product"}],"wp:attachment":[{"href":"https:\/\/roveyayinevi.com.tr\/index.php\/wp-json\/wp\/v2\/media?parent=749934"}],"wp:term":[{"taxonomy":"product_brand","embeddable":true,"href":"https:\/\/roveyayinevi.com.tr\/index.php\/wp-json\/wp\/v2\/product_brand?post=749934"},{"taxonomy":"product_cat","embeddable":true,"href":"https:\/\/roveyayinevi.com.tr\/index.php\/wp-json\/wp\/v2\/product_cat?post=749934"},{"taxonomy":"product_tag","embeddable":true,"href":"https:\/\/roveyayinevi.com.tr\/index.php\/wp-json\/wp\/v2\/product_tag?post=749934"}],"curies":[{"name":"wp","href":"https:\/\/api.w.org\/{rel}","templated":true}]}}