{"id":749933,"date":"2025-08-28T04:08:05","date_gmt":"2025-08-28T01:08:05","guid":{"rendered":"https:\/\/roveyayinevi.com.tr\/index.php\/urun\/idealim-cagdas-turkiye\/"},"modified":"2026-04-16T03:03:29","modified_gmt":"2026-04-16T00:03:29","slug":"idealim-cagdas-turkiye","status":"publish","type":"product","link":"https:\/\/roveyayinevi.com.tr\/index.php\/urun\/idealim-cagdas-turkiye\/","title":{"rendered":"\u0130dealim: \u00c7a\u011fda\u015f T\u00fcrkiye"},"content":{"rendered":"<p>1915-1922:Gazi Mustafa Kemal\u2019in \u201cSava\u015f ve Bar\u0131\u015f\u201d d\u00f6nemi&#8230; 1922-1927:Gazi Mustafa Kemal\u2019in \u201cBar\u0131\u015f ve Diplomasi\u201d d\u00f6nemi&#8230; Ama ayn\u0131 zamanda \u201c\u0130dealim\u201d dedi\u011fi \u201c\u00c7a\u011fda\u015f T\u00fcrkiye\u201d d\u00f6neminin ba\u015flang\u0131c\u0131&#8230; \u00c7a\u011fda\u015f uygarl\u0131k d\u00fczeyinin yakalanmas\u0131 ve \u00fczerine \u00e7\u0131k\u0131lmas\u0131 hedefi bug\u00fcn de ge\u00e7erlili\u011fini korumaktad\u0131r ve yar\u0131n da koruyacakt\u0131r. Bu nedenle Gazi M. Kemal, a\u00e7t\u0131\u011f\u0131 \u00e7a\u011f\u0131n getirece\u011fi say\u0131s\u0131z siyasal, ekonomik, toplumsal sorunlar\u0131 b\u00fct\u00fcn\u00fcyle \u00e7\u00f6zm\u00fc\u015f olmak iddias\u0131na kalk\u0131\u015fmam\u0131\u015ft\u0131r. O, gelece\u011fin ku\u015faklar\u0131na \u00e7a\u011fda\u015f d\u00fcnya \u00e7er\u00e7evesi i\u00e7inde, gelece\u011fin b\u00fct\u00fcn \u00f6zg\u00fcrl\u00fck kap\u0131lar\u0131n\u0131 a\u00e7an bir miras b\u0131rakm\u0131\u015ft\u0131r&#8230; \u0130\u015fte elinizde tuttu\u011funuz bu kitap; bizzat Gazi M. Kemal\u2019in anlat\u0131m\u0131yla, \u201c\u00c7a\u011fda\u015f T\u00fcrkiye\u201d hedefinin d\u00fc\u015f\u00fcnce ve yol haritas\u0131n\u0131 ortaya koymaktad\u0131r. Bu d\u00fc\u015f\u00fcnce ve yol haritas\u0131 Cumhuriyet\u2019in \u0130kinci Y\u00fczy\u0131l\u0131na girerken, bug\u00fcn T\u00fcrk Gen\u00e7li\u011fi\u2019nin elinde en \u00f6nemli \u201cbilimsel k\u0131lavuz\u201ddur. <\/p>\n","protected":false},"excerpt":{"rendered":"<p>1915-1922:Gazi Mustafa Kemal\u2019in \u201cSava\u015f ve Bar\u0131\u015f\u201d d\u00f6nemi&#8230; 1922-1927:Gazi Mustafa Kemal\u2019in \u201cBar\u0131\u015f ve Diplomasi\u201d d\u00f6nemi&#8230; Ama ayn\u0131 zamanda \u201c\u0130dealim\u201d dedi\u011fi \u201c\u00c7a\u011fda\u015f T\u00fcrkiye\u201d d\u00f6neminin ba\u015flang\u0131c\u0131&#8230; \u00c7a\u011fda\u015f uygarl\u0131k d\u00fczeyinin<span class=\"excerpt-hellip\"> [\u2026]<\/span><\/p>\n","protected":false},"featured_media":0,"template":"","meta":{"_monsterinsights_skip_tracking":false,"_monsterinsights_sitenote_active":false,"_monsterinsights_sitenote_note":"","_monsterinsights_sitenote_category":0},"product_brand":[],"product_cat":[12370,12304],"product_tag":[],"class_list":{"0":"post-749933","1":"product","2":"type-product","3":"status-publish","5":"product_cat-arastirma-inceleme","6":"product_cat-tarih","7":"pa_cilt-ciltsiz","8":"pa_tur-kitap","9":"pa_yayinevi-kirmizi-kedi-yayinevi","10":"pa_yazar-ilker-basbug","12":"first","13":"instock","14":"sale","15":"shipping-taxable","16":"purchasable","17":"product-type-simple"},"_links":{"self":[{"href":"https:\/\/roveyayinevi.com.tr\/index.php\/wp-json\/wp\/v2\/product\/749933","targetHints":{"allow":["GET"]}}],"collection":[{"href":"https:\/\/roveyayinevi.com.tr\/index.php\/wp-json\/wp\/v2\/product"}],"about":[{"href":"https:\/\/roveyayinevi.com.tr\/index.php\/wp-json\/wp\/v2\/types\/product"}],"wp:attachment":[{"href":"https:\/\/roveyayinevi.com.tr\/index.php\/wp-json\/wp\/v2\/media?parent=749933"}],"wp:term":[{"taxonomy":"product_brand","embeddable":true,"href":"https:\/\/roveyayinevi.com.tr\/index.php\/wp-json\/wp\/v2\/product_brand?post=749933"},{"taxonomy":"product_cat","embeddable":true,"href":"https:\/\/roveyayinevi.com.tr\/index.php\/wp-json\/wp\/v2\/product_cat?post=749933"},{"taxonomy":"product_tag","embeddable":true,"href":"https:\/\/roveyayinevi.com.tr\/index.php\/wp-json\/wp\/v2\/product_tag?post=749933"}],"curies":[{"name":"wp","href":"https:\/\/api.w.org\/{rel}","templated":true}]}}