{"id":749932,"date":"2025-08-28T04:08:04","date_gmt":"2025-08-28T01:08:04","guid":{"rendered":"https:\/\/roveyayinevi.com.tr\/index.php\/urun\/guc-elektronigi-devreleri-matlab-ve-simulink-cozumleri\/"},"modified":"2025-11-20T09:00:43","modified_gmt":"2025-11-20T06:00:43","slug":"guc-elektronigi-devreleri-matlab-ve-simulink-cozumleri","status":"publish","type":"product","link":"https:\/\/roveyayinevi.com.tr\/index.php\/urun\/guc-elektronigi-devreleri-matlab-ve-simulink-cozumleri\/","title":{"rendered":"G\u00fc\u00e7 Elektroni\u011fi Devreleri Matlab ve Simulink \u00c7\u00f6z\u00fcmleri"},"content":{"rendered":"<p>G\u00dc\u00c7 ELEKTRON\u0130\u011e\u0130 DEVRELER\u0130 MATLAB VE SIMULINK \u00c7\u00d6Z\u00dcMLER\u0130 <\/p>\n","protected":false},"excerpt":{"rendered":"<p>G\u00dc\u00c7 ELEKTRON\u0130\u011e\u0130 DEVRELER\u0130 MATLAB VE SIMULINK \u00c7\u00d6Z\u00dcMLER\u0130<\/p>\n","protected":false},"featured_media":0,"template":"","meta":{"_monsterinsights_skip_tracking":false,"_monsterinsights_sitenote_active":false,"_monsterinsights_sitenote_note":"","_monsterinsights_sitenote_category":0},"product_brand":[],"product_cat":[13005],"product_tag":[],"class_list":{"0":"post-749932","1":"product","2":"type-product","3":"status-publish","5":"product_cat-bilim-muhendislik","6":"pa_cilt-ciltsiz","7":"pa_tur-kitap","8":"pa_yayinevi-palme-yayincilik-akademik","9":"pa_yazar-ugur-arifoglu","11":"first","12":"instock","13":"sale","14":"shipping-taxable","15":"purchasable","16":"product-type-simple"},"_links":{"self":[{"href":"https:\/\/roveyayinevi.com.tr\/index.php\/wp-json\/wp\/v2\/product\/749932","targetHints":{"allow":["GET"]}}],"collection":[{"href":"https:\/\/roveyayinevi.com.tr\/index.php\/wp-json\/wp\/v2\/product"}],"about":[{"href":"https:\/\/roveyayinevi.com.tr\/index.php\/wp-json\/wp\/v2\/types\/product"}],"wp:attachment":[{"href":"https:\/\/roveyayinevi.com.tr\/index.php\/wp-json\/wp\/v2\/media?parent=749932"}],"wp:term":[{"taxonomy":"product_brand","embeddable":true,"href":"https:\/\/roveyayinevi.com.tr\/index.php\/wp-json\/wp\/v2\/product_brand?post=749932"},{"taxonomy":"product_cat","embeddable":true,"href":"https:\/\/roveyayinevi.com.tr\/index.php\/wp-json\/wp\/v2\/product_cat?post=749932"},{"taxonomy":"product_tag","embeddable":true,"href":"https:\/\/roveyayinevi.com.tr\/index.php\/wp-json\/wp\/v2\/product_tag?post=749932"}],"curies":[{"name":"wp","href":"https:\/\/api.w.org\/{rel}","templated":true}]}}