{"id":749931,"date":"2025-08-28T04:08:03","date_gmt":"2025-08-28T01:08:03","guid":{"rendered":"https:\/\/roveyayinevi.com.tr\/index.php\/urun\/olan-biteni-kacirma-keyfi\/"},"modified":"2026-04-16T03:03:29","modified_gmt":"2026-04-16T00:03:29","slug":"olan-biteni-kacirma-keyfi","status":"publish","type":"product","link":"https:\/\/roveyayinevi.com.tr\/index.php\/urun\/olan-biteni-kacirma-keyfi\/","title":{"rendered":"Olan Biteni Ka\u00e7\u0131rma Keyfi"},"content":{"rendered":"<p>Sosyal bilimcilerin \u201cas\u0327\u0131r\u0131l\u0131k c\u0327ag\u0306\u0131\u201d diye niteledig\u0306i bir zamanda yas\u0327\u0131yoruz. Sec\u0327enekler sonsuz, onlara ulas\u0327mak hic\u0327 olmad\u0131g\u0306\u0131 kadar kolay go\u0308ru\u0308nu\u0308yor. Fakat bu s\u0131n\u0131r tan\u0131maz ku\u0308ltu\u0308r ortam\u0131nda, her s\u0327eye yetis\u0327mek mu\u0308mku\u0308n olmad\u0131g\u0306\u0131 gibi muhtemelen anlaml\u0131 da deg\u0306il. O halde birey olarak hayatlar\u0131m\u0131za nas\u0131l bic\u0327im kazand\u0131racag\u0306\u0131z? Sec\u0327eneklerle ve ayartmalarla dolu hayat\u0131m\u0131zda, en ko\u0308tu\u0308 senaryo olan biteni kac\u0327\u0131rmak. Son gelis\u0327meleri, mac\u0327 sonuc\u0327lar\u0131n\u0131, bize o\u0308zel al\u0131s\u0327veris\u0327 f\u0131rsatlar\u0131n\u0131 yakalamaya c\u0327al\u0131s\u0327\u0131rken, en c\u0327ok odag\u0306\u0131m\u0131z\u0131 korumakta zorlan\u0131yoruz. O\u0308zdenetim, itidal, o\u0308lc\u0327u\u0308lu\u0308lu\u0308k gibi kavramlar yerini hedonik bir do\u0308ngu\u0308ye mi b\u0131rakt\u0131? Bir s\u0327eyden feragat etmeden bir dig\u0306erine tutunmak mu\u0308mku\u0308n mu\u0308du\u0308r? Her s\u0327eyi birden yapma telas\u0327\u0131n\u0131n bedeli nedir? I\u0307nsan potansiyeli efsanesi nedir, eylemlerimiz u\u0308zerinde nas\u0131l bir etkisi vard\u0131r? Sonsuz mutluluk ve doyum aray\u0131s\u0327\u0131 saplant\u0131s\u0131ndan kurtulabilir miyiz? Her s\u0327eyi deneme ar- zusunun kaynag\u0306\u0131 nedir? S\u0131n\u0131rlar her durumda as\u0327\u0131lmak ic\u0327in midir, onlarla yas\u0327amak bize ne kazand\u0131r\u0131r? Kendine ha\u0302kim olma sanat\u0131 o\u0308g\u0306renilebilir mi? K\u0131s\u0327k\u0131rt\u0131c\u0131, davetka\u0302r ve s\u0131n\u0131rs\u0131z bir du\u0308nyada kurumlar, o\u0308rgu\u0308tler, teknolojiler ve sosyal yap\u0131lar bizi nas\u0131l belirler? Sevilen psikolog ve felsefeci Svend Brinkmann Olan Biteni Kac\u0327\u0131rma Keyfi\u2019nde kendine ha\u0302kim olma sanat\u0131n\u0131 bir erdem olarak ele al\u0131p savunuyor. Yazar kendi isteg\u0306iyle bir s\u0327eylerden vazgec\u0327menin kis\u0327iyi stres, depresyon ve kayg\u0131 gibi dertlerden koruyacag\u0306\u0131n\u0131 vurgularken itidal ve o\u0308zdenetimi mutlu bir hayat\u0131n anahtar\u0131 olarak is\u0327aret ediyor. H\u0131z ve s\u0131n\u0131rs\u0131zl\u0131k ku\u0308ltu\u0308ru\u0308ne kars\u0327\u0131 koymak isteyen herkes ic\u0327in etkili ve ilham verici bir kaynak.<\/p>\n","protected":false},"excerpt":{"rendered":"<p>Sosyal bilimcilerin \u201cas\u0327\u0131r\u0131l\u0131k c\u0327ag\u0306\u0131\u201d diye niteledig\u0306i bir zamanda yas\u0327\u0131yoruz. Sec\u0327enekler sonsuz, onlara ulas\u0327mak hic\u0327 olmad\u0131g\u0306\u0131 kadar kolay go\u0308ru\u0308nu\u0308yor. Fakat bu s\u0131n\u0131r tan\u0131maz ku\u0308ltu\u0308r ortam\u0131nda, her s\u0327eye<span class=\"excerpt-hellip\"> [\u2026]<\/span><\/p>\n","protected":false},"featured_media":0,"template":"","meta":{"_monsterinsights_skip_tracking":false,"_monsterinsights_sitenote_active":false,"_monsterinsights_sitenote_note":"","_monsterinsights_sitenote_category":0},"product_brand":[],"product_cat":[12357],"product_tag":[],"class_list":{"0":"post-749931","1":"product","2":"type-product","3":"status-publish","5":"product_cat-psikoloji","6":"pa_cilt-ciltsiz","7":"pa_tur-kitap","8":"pa_yayinevi-iletisim-yayinlari","9":"pa_yazar-svend-brinkmann","11":"first","12":"instock","13":"sale","14":"shipping-taxable","15":"purchasable","16":"product-type-simple"},"_links":{"self":[{"href":"https:\/\/roveyayinevi.com.tr\/index.php\/wp-json\/wp\/v2\/product\/749931","targetHints":{"allow":["GET"]}}],"collection":[{"href":"https:\/\/roveyayinevi.com.tr\/index.php\/wp-json\/wp\/v2\/product"}],"about":[{"href":"https:\/\/roveyayinevi.com.tr\/index.php\/wp-json\/wp\/v2\/types\/product"}],"wp:attachment":[{"href":"https:\/\/roveyayinevi.com.tr\/index.php\/wp-json\/wp\/v2\/media?parent=749931"}],"wp:term":[{"taxonomy":"product_brand","embeddable":true,"href":"https:\/\/roveyayinevi.com.tr\/index.php\/wp-json\/wp\/v2\/product_brand?post=749931"},{"taxonomy":"product_cat","embeddable":true,"href":"https:\/\/roveyayinevi.com.tr\/index.php\/wp-json\/wp\/v2\/product_cat?post=749931"},{"taxonomy":"product_tag","embeddable":true,"href":"https:\/\/roveyayinevi.com.tr\/index.php\/wp-json\/wp\/v2\/product_tag?post=749931"}],"curies":[{"name":"wp","href":"https:\/\/api.w.org\/{rel}","templated":true}]}}