{"id":749930,"date":"2025-08-28T04:08:02","date_gmt":"2025-08-28T01:08:02","guid":{"rendered":"https:\/\/roveyayinevi.com.tr\/index.php\/urun\/komunizm-gozunden-kemalizm\/"},"modified":"2026-04-16T03:03:29","modified_gmt":"2026-04-16T00:03:29","slug":"komunizm-gozunden-kemalizm","status":"publish","type":"product","link":"https:\/\/roveyayinevi.com.tr\/index.php\/urun\/komunizm-gozunden-kemalizm\/","title":{"rendered":"Kom\u00fcnizm G\u00f6z\u00fcnden Kemalizm"},"content":{"rendered":"<p>Kemalizm ve Kemalizmin ideolojik temelleri, yayg\u0131n olarak Bat\u0131 merkezli yorumlar\u0131n c\u0327izdikleri k\u0131s\u0131tl\u0131 c\u0327erc\u0327eveler es\u0327lig\u0306inde ele al\u0131nd\u0131. Komu\u0308nizm Go\u0308zu\u0308nden Kemalizm &#8211; Tu\u0308rkiye\u2019nin Do\u0308nu\u0308s\u0327u\u0308mu\u0308ne Sovyet Yaklas\u0327\u0131mlar\u0131, aksi bir yo\u0308nde ilerleyerek Kemalizmin bic\u0327imlenis\u0327i ve do\u0308nu\u0308s\u0327u\u0308mu\u0308nu\u0308, yayg\u0131nlas\u0327mas\u0131 ve egemen hale gelis\u0327ini, Sovyetler Birlig\u0306i\u2019ndeki tart\u0131s\u0327malar\u0131 odag\u0306\u0131na alarak inceliyor. Tu\u0308rkiye ve Sovyetler Birlig\u0306i aras\u0131nda mu\u0308ttefiklik ve du\u0308s\u0327manl\u0131k gibi kars\u0327\u0131t politik tutumlar\u0131 bar\u0131nd\u0131ran 1920-1970 aras\u0131 do\u0308neme odaklanan Vahram Ter-Matevosyan, genellikle modernles\u0327me teorilerinin ve jeopolitig\u0306in konusu olan iki u\u0308lkenin birbirini nas\u0131l alg\u0131lad\u0131g\u0306\u0131 sorusunu, Tu\u0308rkiye Cumhuriyeti\u2019nin ideolojik ins\u0327as\u0131 ve evrimini dikkatle takip eden Sovyet aras\u0327t\u0131rmac\u0131lar\u0131n\u0131n c\u0327al\u0131s\u0327malar\u0131ndan yola c\u0327\u0131karak cevapland\u0131rmaya c\u0327al\u0131s\u0327\u0131yor. Kemalizm hakk\u0131ndaki tarihyaz\u0131m\u0131n\u0131 s\u0327ekillendiren egemen bak\u0131s\u0327a bir alternatif sunmay\u0131 amac\u0327layan yazar, tarihyaz\u0131m\u0131n\u0131n bugu\u0308ne dek dikkate almad\u0131g\u0306\u0131, Kemalizm u\u0308zerine Sovyet du\u0308s\u0327u\u0308nce du\u0308nyas\u0131n\u0131n zenginlig\u0306ini gu\u0308nu\u0308mu\u0308ze uzanan bir perspektifle sunmakla beraber, Sovyet devlet c\u0327\u0131karlar\u0131n\u0131n enternasyonal sosyalist siyasete nas\u0131l s\u0327ekil verdig\u0306ini de go\u0308rmemize olanak tan\u0131yor. \u201cBu kitap, Tu\u0308rkiye\u2019nin Bat\u0131l\u0131las\u0327ma modelinin Kemalizmin tarihyaz\u0131m\u0131n\u0131 gu\u0308c\u0327lu\u0308 bir s\u0327ekilde s\u0327ekillendirdig\u0306ini savunman\u0131n yan\u0131 s\u0131ra, Kemalizme dair \u2018Bat\u0131l\u0131 olmayan\u2019, konumuz bag\u0306la- m\u0131nda Sovyet pespektiflerinden yararlanarak, Cumhuriyet Tu\u0308rkiyesi ve onun tarihine dair anlay\u0131s\u0327\u0131m\u0131z\u0131 tart\u0131s\u0327maya ac\u0327\u0131yor ve ona katk\u0131da bulunuyor.<\/p>\n","protected":false},"excerpt":{"rendered":"<p>Kemalizm ve Kemalizmin ideolojik temelleri, yayg\u0131n olarak Bat\u0131 merkezli yorumlar\u0131n c\u0327izdikleri k\u0131s\u0131tl\u0131 c\u0327erc\u0327eveler es\u0327lig\u0306inde ele al\u0131nd\u0131. Komu\u0308nizm Go\u0308zu\u0308nden Kemalizm &#8211; Tu\u0308rkiye\u2019nin Do\u0308nu\u0308s\u0327u\u0308mu\u0308ne Sovyet Yaklas\u0327\u0131mlar\u0131, aksi bir<span class=\"excerpt-hellip\"> [\u2026]<\/span><\/p>\n","protected":false},"featured_media":0,"template":"","meta":{"_monsterinsights_skip_tracking":false,"_monsterinsights_sitenote_active":false,"_monsterinsights_sitenote_note":"","_monsterinsights_sitenote_category":0},"product_brand":[],"product_cat":[12337],"product_tag":[],"class_list":{"0":"post-749930","1":"product","2":"type-product","3":"status-publish","5":"product_cat-politika-siyaset","6":"pa_cilt-ciltsiz","7":"pa_tur-kitap","8":"pa_yayinevi-iletisim-yayinlari","9":"pa_yazar-vahram-ter-matevosyan","11":"first","12":"instock","13":"sale","14":"shipping-taxable","15":"purchasable","16":"product-type-simple"},"_links":{"self":[{"href":"https:\/\/roveyayinevi.com.tr\/index.php\/wp-json\/wp\/v2\/product\/749930","targetHints":{"allow":["GET"]}}],"collection":[{"href":"https:\/\/roveyayinevi.com.tr\/index.php\/wp-json\/wp\/v2\/product"}],"about":[{"href":"https:\/\/roveyayinevi.com.tr\/index.php\/wp-json\/wp\/v2\/types\/product"}],"wp:attachment":[{"href":"https:\/\/roveyayinevi.com.tr\/index.php\/wp-json\/wp\/v2\/media?parent=749930"}],"wp:term":[{"taxonomy":"product_brand","embeddable":true,"href":"https:\/\/roveyayinevi.com.tr\/index.php\/wp-json\/wp\/v2\/product_brand?post=749930"},{"taxonomy":"product_cat","embeddable":true,"href":"https:\/\/roveyayinevi.com.tr\/index.php\/wp-json\/wp\/v2\/product_cat?post=749930"},{"taxonomy":"product_tag","embeddable":true,"href":"https:\/\/roveyayinevi.com.tr\/index.php\/wp-json\/wp\/v2\/product_tag?post=749930"}],"curies":[{"name":"wp","href":"https:\/\/api.w.org\/{rel}","templated":true}]}}