{"id":749929,"date":"2025-08-28T04:08:01","date_gmt":"2025-08-28T01:08:01","guid":{"rendered":"https:\/\/roveyayinevi.com.tr\/index.php\/urun\/olmekte-olanlarin-yalnizligi-uzerine\/"},"modified":"2026-04-16T03:03:29","modified_gmt":"2026-04-16T00:03:29","slug":"olmekte-olanlarin-yalnizligi-uzerine","status":"publish","type":"product","link":"https:\/\/roveyayinevi.com.tr\/index.php\/urun\/olmekte-olanlarin-yalnizligi-uzerine\/","title":{"rendered":"\u00d6lmekte Olanlar\u0131n Yaln\u0131zl\u0131\u011f\u0131 \u00dczerine"},"content":{"rendered":"<p>\u201cTu\u0308m bunlar, gelis\u0327mis\u0327 toplumlarda o\u0308lu\u0308mu\u0308n ve o\u0308lmenin, yas\u0327ayanlar\u0131n ufkundan o\u0308nceki zamanlarda oldug\u0306undan daha fazla c\u0327\u0131kar\u0131l\u0131p normal hayat\u0131n perde arkas\u0131na su\u0308rgu\u0308n edilme- sine katk\u0131da bulunuyor. Hic\u0327bir zaman insanlar, gu\u0308nu\u0308mu\u0308z gelis\u0327mis\u0327 toplumlar\u0131ndaki gibi bo\u0308yle sessiz ve hijyenik o\u0308lmedi- ler ve yaln\u0131zl\u0131g\u0306\u0131 bu kadar tes\u0327vik eden toplumsal kos\u0327ullarda yas\u0327amad\u0131lar.\u201d Norbert Elias, bu ku\u0308c\u0327u\u0308k kitab\u0131nda bas\u0327yap\u0131t\u0131 Uygarl\u0131k Su\u0308reci\u2019nin izini su\u0308ru\u0308yor asl\u0131nda. Uygarl\u0131k su\u0308recinin o\u0308zgu\u0308l ve zorlu, sog\u0306uk bir yu\u0308zu\u0308ne, o\u0308lme deneyimine eg\u0306iliyor. Elias, o\u0308lu\u0308mu\u0308n toplumsal tarihinin bir klasig\u0306ini, Philippe Arie\u0300s\u2019i eles\u0327tiriyor o\u0308ncelikle. Onun, \u201cgec\u0327mis\u0327 zamanlarda insanlar\u0131n huzur ve su\u0308ku\u0302netle o\u0308ldu\u0308kleri\u201d varsay\u0131m\u0131n\u0131 sorguluyor. Elias\u2019a go\u0308re modernles\u0327me ve uygarlas\u0327ma su\u0308recinin \u0131st\u0131raplar\u0131 azaltmada ve o\u0308mru\u0308 uzatmada kat ettig\u0306i mesafeyi ku\u0308c\u0327u\u0308msememek gerek. Ancak, O\u0308lmekte Olanlar\u0131n Yaln\u0131zl\u0131g\u0306\u0131 U\u0308zerine kitab\u0131, modern zamanlarda o\u0308lmenin \u201csorunlar\u0131yla\u201d yu\u0308zles\u0327mekten de geri durmuyor, tam tersine, buna yog\u0306unlas\u0327\u0131yor. O\u0308lmenin toplumsal yas\u0327amdan \u201calabildig\u0306ine tecrit edilmesinin\u201d ve \u201cgo\u0308zlerden saklanmas\u0131n\u0131n\u201d sorunlar\u0131 u\u0308zerinde duruyor. O\u0308lmenin bir insan hali, bir deneyim oldug\u0306unu hat\u0131rlatan bir eser.<\/p>\n","protected":false},"excerpt":{"rendered":"<p>\u201cTu\u0308m bunlar, gelis\u0327mis\u0327 toplumlarda o\u0308lu\u0308mu\u0308n ve o\u0308lmenin, yas\u0327ayanlar\u0131n ufkundan o\u0308nceki zamanlarda oldug\u0306undan daha fazla c\u0327\u0131kar\u0131l\u0131p normal hayat\u0131n perde arkas\u0131na su\u0308rgu\u0308n edilme- sine katk\u0131da bulunuyor. Hic\u0327bir zaman<span class=\"excerpt-hellip\"> [\u2026]<\/span><\/p>\n","protected":false},"featured_media":0,"template":"","meta":{"_monsterinsights_skip_tracking":false,"_monsterinsights_sitenote_active":false,"_monsterinsights_sitenote_note":"","_monsterinsights_sitenote_category":0},"product_brand":[],"product_cat":[12337],"product_tag":[],"class_list":{"0":"post-749929","1":"product","2":"type-product","3":"status-publish","5":"product_cat-politika-siyaset","6":"pa_cilt-ciltsiz","7":"pa_tur-kitap","8":"pa_yayinevi-iletisim-yayinlari","9":"pa_yazar-norbert-elias","11":"first","12":"instock","13":"sale","14":"shipping-taxable","15":"purchasable","16":"product-type-simple"},"_links":{"self":[{"href":"https:\/\/roveyayinevi.com.tr\/index.php\/wp-json\/wp\/v2\/product\/749929","targetHints":{"allow":["GET"]}}],"collection":[{"href":"https:\/\/roveyayinevi.com.tr\/index.php\/wp-json\/wp\/v2\/product"}],"about":[{"href":"https:\/\/roveyayinevi.com.tr\/index.php\/wp-json\/wp\/v2\/types\/product"}],"wp:attachment":[{"href":"https:\/\/roveyayinevi.com.tr\/index.php\/wp-json\/wp\/v2\/media?parent=749929"}],"wp:term":[{"taxonomy":"product_brand","embeddable":true,"href":"https:\/\/roveyayinevi.com.tr\/index.php\/wp-json\/wp\/v2\/product_brand?post=749929"},{"taxonomy":"product_cat","embeddable":true,"href":"https:\/\/roveyayinevi.com.tr\/index.php\/wp-json\/wp\/v2\/product_cat?post=749929"},{"taxonomy":"product_tag","embeddable":true,"href":"https:\/\/roveyayinevi.com.tr\/index.php\/wp-json\/wp\/v2\/product_tag?post=749929"}],"curies":[{"name":"wp","href":"https:\/\/api.w.org\/{rel}","templated":true}]}}