{"id":749928,"date":"2025-08-28T04:08:00","date_gmt":"2025-08-28T01:08:00","guid":{"rendered":"https:\/\/roveyayinevi.com.tr\/index.php\/urun\/kayip-halk\/"},"modified":"2026-04-16T03:03:29","modified_gmt":"2026-04-16T00:03:29","slug":"kayip-halk","status":"publish","type":"product","link":"https:\/\/roveyayinevi.com.tr\/index.php\/urun\/kayip-halk\/","title":{"rendered":"Kay\u0131p Halk"},"content":{"rendered":"<p>\u201cC\u0327aresizliklerin, fark yaralar\u0131n\u0131n, c\u0327ocuklar\u0131 kars\u0327\u0131s\u0131nda kolu kanad\u0131 k\u0131r\u0131k kalman\u0131n, bas\u0327kalar\u0131n\u0131n ac\u0131yan bak\u0131s\u0327lar\u0131na maruz kalman\u0131n, bas\u0327kalar\u0131n\u0131n kendisini muhatap olarak bile almamas\u0131n\u0131n ve dahi bunlar\u0131n tu\u0308rlu\u0308 tu\u0308rlu\u0308 o\u0308zgu\u0308l ve somut tecru\u0308besinin tablosu veya grafig\u0306i c\u0327\u0131kar\u0131labilir mi? Ezilenlerin her c\u0327\u0131g\u0306l\u0131g\u0306\u0131 hem tekil ve hem de evrensel bir c\u0327\u0131g\u0306l\u0131g\u0306\u0131n yank\u0131lanmas\u0131 ise, say\u0131lar\u0131n veya eg\u0306rilerin sog\u0306uk dili onlar\u0131 da sog\u0306urup yutmaz m\u0131?\u201d Necmi Erdog\u0306an, yoksullar\u0131 \u201cyeniden dinliyor\u201d bu kitapta: 2001\u2019deki Yoksulluk Halleri c\u0327al\u0131s\u0327mas\u0131yla mukayese ic\u0327inde, Tu\u0308rkiye\u2019de yoksullug\u0306un deg\u0306is\u0327en ve deg\u0306is\u0327meyen c\u0327ehrelerine dair go\u0308zlemlerini sunuyor. Yoksulluk pornografisini sorgulayarak, yoksullarla gerc\u0327ekten konus\u0327man\u0131n imka\u0302n\u0131n\u0131 yokluyor o\u0308ncelikle. Yoksullar\u0131n yaln\u0131zlas\u0327ma, ic\u0327e go\u0308c\u0327me, kabullenmeme, konus\u0327amama, ic\u0327erleme gibi gu\u0308c\u0327lu\u0308 duygusal gerilimlerine eg\u0306iliyor. \u201cI\u0307dare etme\u201d stratejilerini, lu\u0308mpenles\u0327me eg\u0306ilimlerini ve isyanka\u0302rl\u0131g\u0306\u0131n s\u0327ika\u0302yetten ileri gitmemesi halini inceliyor. Yoksullug\u0306un o\u0308zgu\u0308l c\u0327og\u0306ullug\u0306unu, derinlemesine go\u0308ru\u0308s\u0327melerle ortaya konan 15 portrede go\u0308ru\u0308yoruz: Pazarc\u0131, baloncu, gu\u0308ndelikc\u0327i, engelli, kimsesiz, torbac\u0131, \u201ccadde bayan\u0131\u201d&#8230; Eski Devrimci-Yol sempatizan\u0131, AKP hayran\u0131, asimile Ku\u0308rt, yaln\u0131z Alevi c\u0327ift&#8230; Necmi Erdog\u0306an, \u201ckay\u0131p halk\u201d kavram\u0131yla, \u201cmuktedirlere kars\u0327\u0131 bir bas\u0327ka hayat ve du\u0308nyan\u0131n mu\u0308mku\u0308n oldug\u0306unu go\u0308steren ve bunu bag\u0306r\u0131nda cisimles\u0327tiren bir kolektif \u2018gelecek olan halk\u2019\u201da is\u0327aret ediyor&#8230; \u201cHalk\u0131n kendi kendini yaratmas\u0131, pay verilmeyenlerin paylar\u0131n\u0131 almas\u0131, so\u0308z verilemeyenlerin so\u0308z almas\u0131, susturulanlar\u0131n konus\u0327mas\u0131, u\u0308retenlerin yo\u0308netmesi u\u0308zerine kurulu bir siyasal perspektif\u201d aray\u0131s\u0327\u0131yla&#8230; <\/p>\n","protected":false},"excerpt":{"rendered":"<p>\u201cC\u0327aresizliklerin, fark yaralar\u0131n\u0131n, c\u0327ocuklar\u0131 kars\u0327\u0131s\u0131nda kolu kanad\u0131 k\u0131r\u0131k kalman\u0131n, bas\u0327kalar\u0131n\u0131n ac\u0131yan bak\u0131s\u0327lar\u0131na maruz kalman\u0131n, bas\u0327kalar\u0131n\u0131n kendisini muhatap olarak bile almamas\u0131n\u0131n ve dahi bunlar\u0131n tu\u0308rlu\u0308 tu\u0308rlu\u0308 o\u0308zgu\u0308l<span class=\"excerpt-hellip\"> [\u2026]<\/span><\/p>\n","protected":false},"featured_media":0,"template":"","meta":{"_monsterinsights_skip_tracking":false,"_monsterinsights_sitenote_active":false,"_monsterinsights_sitenote_note":"","_monsterinsights_sitenote_category":0},"product_brand":[],"product_cat":[13590,12337],"product_tag":[],"class_list":{"0":"post-749928","1":"product","2":"type-product","3":"status-publish","5":"product_cat-arastirma-inceleme-politika-siyaset","6":"product_cat-politika-siyaset","7":"pa_cilt-ciltsiz","8":"pa_tur-kitap","9":"pa_yayinevi-iletisim-yayinlari","10":"pa_yazar-necmi-erdogan-ed","12":"first","13":"instock","14":"sale","15":"shipping-taxable","16":"purchasable","17":"product-type-simple"},"_links":{"self":[{"href":"https:\/\/roveyayinevi.com.tr\/index.php\/wp-json\/wp\/v2\/product\/749928","targetHints":{"allow":["GET"]}}],"collection":[{"href":"https:\/\/roveyayinevi.com.tr\/index.php\/wp-json\/wp\/v2\/product"}],"about":[{"href":"https:\/\/roveyayinevi.com.tr\/index.php\/wp-json\/wp\/v2\/types\/product"}],"wp:attachment":[{"href":"https:\/\/roveyayinevi.com.tr\/index.php\/wp-json\/wp\/v2\/media?parent=749928"}],"wp:term":[{"taxonomy":"product_brand","embeddable":true,"href":"https:\/\/roveyayinevi.com.tr\/index.php\/wp-json\/wp\/v2\/product_brand?post=749928"},{"taxonomy":"product_cat","embeddable":true,"href":"https:\/\/roveyayinevi.com.tr\/index.php\/wp-json\/wp\/v2\/product_cat?post=749928"},{"taxonomy":"product_tag","embeddable":true,"href":"https:\/\/roveyayinevi.com.tr\/index.php\/wp-json\/wp\/v2\/product_tag?post=749928"}],"curies":[{"name":"wp","href":"https:\/\/api.w.org\/{rel}","templated":true}]}}