{"id":749926,"date":"2025-08-28T04:07:57","date_gmt":"2025-08-28T01:07:57","guid":{"rendered":"https:\/\/roveyayinevi.com.tr\/index.php\/urun\/cocuk-dilini-anlamak\/"},"modified":"2026-04-16T03:03:29","modified_gmt":"2026-04-16T00:03:29","slug":"cocuk-dilini-anlamak","status":"publish","type":"product","link":"https:\/\/roveyayinevi.com.tr\/index.php\/urun\/cocuk-dilini-anlamak\/","title":{"rendered":"\u00c7ocuk Dilini Anlamak"},"content":{"rendered":"<p>\u00c7ocu\u011fun ne dedi\u011fi de\u011fil de, ne demek istedi\u011fini anlayanlar onunla her zaman anla\u015fabilir.Herhangi bir konudaki bilgi eksikli\u011fi nas\u0131l ki o konuyu zorla\u015ft\u0131r\u0131yorsa, annelik babal\u0131k konusundaki pedagojik bilgi eksikli\u011fi de anneli\u011fi ve babal\u0131\u011f\u0131 zora sokmaktad\u0131r. Bu durum her i\u015fin do\u011fas\u0131nda olan de\u011fi\u015fmez bir kurald\u0131r.Di\u011fer taraftan hakk\u0131nda belirli bir d\u00fczeyde bilgi sahibi olunan bir konuda yap\u0131lan uygulama hatalar\u0131 insanda, o i\u015fin zor oldu\u011fu alg\u0131s\u0131n\u0131 geli\u015ftirebilmektedir. Bu nedenledir ki \u00e7ocuk yeti\u015ftirme konusundaki do\u011fru bilgi sadece \u00e7ocuklar\u0131m\u0131zla ya\u015fad\u0131\u011f\u0131m\u0131z sorunlar\u0131 azaltmakla kalmaz, neslimizi ileriye do\u011fru bir ruhsal yap\u0131 i\u00e7erisinde g\u00f6t\u00fcrmek ad\u0131na sa\u011fl\u0131kl\u0131 \u015fartlar ta\u015f\u0131r.\u0130\u015fte elinizdeki bu kitap size bu konuda yard\u0131mc\u0131 olacakt\u0131r. \u00d6yle ki kimi zaman iyi g\u00fcnlerinizde size destek olurken, problem ya\u015fad\u0131\u011f\u0131n\u0131z g\u00fcnlerde de size \u0131\u015f\u0131k tutacakt\u0131r.<\/p>\n","protected":false},"excerpt":{"rendered":"<p>\u00c7ocu\u011fun ne dedi\u011fi de\u011fil de, ne demek istedi\u011fini anlayanlar onunla her zaman anla\u015fabilir.Herhangi bir konudaki bilgi eksikli\u011fi nas\u0131l ki o konuyu zorla\u015ft\u0131r\u0131yorsa, annelik babal\u0131k konusundaki pedagojik<span class=\"excerpt-hellip\"> [\u2026]<\/span><\/p>\n","protected":false},"featured_media":0,"template":"","meta":{"_monsterinsights_skip_tracking":false,"_monsterinsights_sitenote_active":false,"_monsterinsights_sitenote_note":"","_monsterinsights_sitenote_category":0},"product_brand":[],"product_cat":[12831,12324],"product_tag":[],"class_list":{"0":"post-749926","1":"product","2":"type-product","3":"status-publish","5":"product_cat-aile-ve-cocuk","6":"product_cat-sosyoloji","7":"pa_cilt-ciltsiz","8":"pa_tur-kitap","9":"pa_yayinevi-peta-kitap","10":"pa_yazar-yasar-kuru","12":"first","13":"instock","14":"sale","15":"shipping-taxable","16":"purchasable","17":"product-type-simple"},"_links":{"self":[{"href":"https:\/\/roveyayinevi.com.tr\/index.php\/wp-json\/wp\/v2\/product\/749926","targetHints":{"allow":["GET"]}}],"collection":[{"href":"https:\/\/roveyayinevi.com.tr\/index.php\/wp-json\/wp\/v2\/product"}],"about":[{"href":"https:\/\/roveyayinevi.com.tr\/index.php\/wp-json\/wp\/v2\/types\/product"}],"wp:attachment":[{"href":"https:\/\/roveyayinevi.com.tr\/index.php\/wp-json\/wp\/v2\/media?parent=749926"}],"wp:term":[{"taxonomy":"product_brand","embeddable":true,"href":"https:\/\/roveyayinevi.com.tr\/index.php\/wp-json\/wp\/v2\/product_brand?post=749926"},{"taxonomy":"product_cat","embeddable":true,"href":"https:\/\/roveyayinevi.com.tr\/index.php\/wp-json\/wp\/v2\/product_cat?post=749926"},{"taxonomy":"product_tag","embeddable":true,"href":"https:\/\/roveyayinevi.com.tr\/index.php\/wp-json\/wp\/v2\/product_tag?post=749926"}],"curies":[{"name":"wp","href":"https:\/\/api.w.org\/{rel}","templated":true}]}}