{"id":749925,"date":"2025-08-28T04:07:56","date_gmt":"2025-08-28T01:07:56","guid":{"rendered":"https:\/\/roveyayinevi.com.tr\/index.php\/urun\/bil-bakalim-bul-bakalim\/"},"modified":"2026-04-16T03:03:29","modified_gmt":"2026-04-16T00:03:29","slug":"bil-bakalim-bul-bakalim","status":"publish","type":"product","link":"https:\/\/roveyayinevi.com.tr\/index.php\/urun\/bil-bakalim-bul-bakalim\/","title":{"rendered":"Bil Bakal\u0131m Bul Bakal\u0131m"},"content":{"rendered":"<p>Bil Bakal\u0131m Bul Bakal\u0131m kitab\u0131 daha ilk sayfada \u00e7ocu\u011funuzun ilgisini \u00e7ekecek ve keyifli vakit ge\u00e7irmesini sa\u011flayacak. Kafiyeli metinler gerekli ipu\u00e7lar\u0131n\u0131 verirken resimler ise cevaplara ula\u015ft\u0131racak&#8230;<\/p>\n","protected":false},"excerpt":{"rendered":"<p>Bil Bakal\u0131m Bul Bakal\u0131m kitab\u0131 daha ilk sayfada \u00e7ocu\u011funuzun ilgisini \u00e7ekecek ve keyifli vakit ge\u00e7irmesini sa\u011flayacak. Kafiyeli metinler gerekli ipu\u00e7lar\u0131n\u0131 verirken resimler ise cevaplara ula\u015ft\u0131racak&#8230;<\/p>\n","protected":false},"featured_media":0,"template":"","meta":{"_monsterinsights_skip_tracking":false,"_monsterinsights_sitenote_active":false,"_monsterinsights_sitenote_note":"","_monsterinsights_sitenote_category":0},"product_brand":[],"product_cat":[12274,12284],"product_tag":[],"class_list":{"0":"post-749925","1":"product","2":"type-product","3":"status-publish","5":"product_cat-cocuk-ve-genclik-kitaplari","6":"product_cat-hikayeler","7":"pa_cilt-ciltsiz","8":"pa_tur-kitap","9":"pa_yayinevi-cocuk-gelisimi-yayinlari","10":"pa_yazar-ruth-brown","12":"first","13":"instock","14":"sale","15":"shipping-taxable","16":"purchasable","17":"product-type-simple"},"_links":{"self":[{"href":"https:\/\/roveyayinevi.com.tr\/index.php\/wp-json\/wp\/v2\/product\/749925","targetHints":{"allow":["GET"]}}],"collection":[{"href":"https:\/\/roveyayinevi.com.tr\/index.php\/wp-json\/wp\/v2\/product"}],"about":[{"href":"https:\/\/roveyayinevi.com.tr\/index.php\/wp-json\/wp\/v2\/types\/product"}],"wp:attachment":[{"href":"https:\/\/roveyayinevi.com.tr\/index.php\/wp-json\/wp\/v2\/media?parent=749925"}],"wp:term":[{"taxonomy":"product_brand","embeddable":true,"href":"https:\/\/roveyayinevi.com.tr\/index.php\/wp-json\/wp\/v2\/product_brand?post=749925"},{"taxonomy":"product_cat","embeddable":true,"href":"https:\/\/roveyayinevi.com.tr\/index.php\/wp-json\/wp\/v2\/product_cat?post=749925"},{"taxonomy":"product_tag","embeddable":true,"href":"https:\/\/roveyayinevi.com.tr\/index.php\/wp-json\/wp\/v2\/product_tag?post=749925"}],"curies":[{"name":"wp","href":"https:\/\/api.w.org\/{rel}","templated":true}]}}