{"id":749923,"date":"2025-08-28T04:07:53","date_gmt":"2025-08-28T01:07:53","guid":{"rendered":"https:\/\/roveyayinevi.com.tr\/index.php\/urun\/dikkat-ve-gorsel-algi-3-seviye\/"},"modified":"2026-04-16T03:03:29","modified_gmt":"2026-04-16T00:03:29","slug":"dikkat-ve-gorsel-algi-3-seviye","status":"publish","type":"product","link":"https:\/\/roveyayinevi.com.tr\/index.php\/urun\/dikkat-ve-gorsel-algi-3-seviye\/","title":{"rendered":"Dikkat ve G\u00f6rsel Alg\u0131 3. Seviye"},"content":{"rendered":"<p>Dikkat ve g\u00f6rsel alg\u0131 \u00e7al\u0131\u015fmalar\u0131; beynin belli bir odak noktas\u0131na yo\u011funla\u015fmas\u0131n\u0131, sunulan g\u00f6rseller \u00fczerinde se\u00e7ici dikkatin aktif h\u00e2le getirilmesini ve geli\u015fmesini destekleyen \u00e7al\u0131\u015fmalard\u0131r. Haz\u0131rlam\u0131\u015f oldu\u011fum kitab\u0131m ile \u00e7ocuklar\u0131n akademik performanslar\u0131n\u0131n art\u0131r\u0131lmas\u0131na, dikkat ve konsantrasyon becerilerinin geli\u015ftirilmesine, \u00f6z d\u00fczenleme ve organizasyon yeteneklerinin desteklenmesine katk\u0131 sunmay\u0131 hedeflemekteyim.<\/p>\n","protected":false},"excerpt":{"rendered":"<p>Dikkat ve g\u00f6rsel alg\u0131 \u00e7al\u0131\u015fmalar\u0131; beynin belli bir odak noktas\u0131na yo\u011funla\u015fmas\u0131n\u0131, sunulan g\u00f6rseller \u00fczerinde se\u00e7ici dikkatin aktif h\u00e2le getirilmesini ve geli\u015fmesini destekleyen \u00e7al\u0131\u015fmalard\u0131r. Haz\u0131rlam\u0131\u015f oldu\u011fum kitab\u0131m<span class=\"excerpt-hellip\"> [\u2026]<\/span><\/p>\n","protected":false},"featured_media":0,"template":"","meta":{"_monsterinsights_skip_tracking":false,"_monsterinsights_sitenote_active":false,"_monsterinsights_sitenote_note":"","_monsterinsights_sitenote_category":0},"product_brand":[],"product_cat":[13829,12274],"product_tag":[],"class_list":{"0":"post-749923","1":"product","2":"type-product","3":"status-publish","5":"product_cat-bilimsel-kitaplar","6":"product_cat-cocuk-ve-genclik-kitaplari","7":"pa_cilt-ciltsiz","8":"pa_tur-kitap","9":"pa_yayinevi-cocuk-gelisimi-yayinlari","10":"pa_yazar-kolektif","12":"first","13":"instock","14":"sale","15":"shipping-taxable","16":"purchasable","17":"product-type-simple"},"_links":{"self":[{"href":"https:\/\/roveyayinevi.com.tr\/index.php\/wp-json\/wp\/v2\/product\/749923","targetHints":{"allow":["GET"]}}],"collection":[{"href":"https:\/\/roveyayinevi.com.tr\/index.php\/wp-json\/wp\/v2\/product"}],"about":[{"href":"https:\/\/roveyayinevi.com.tr\/index.php\/wp-json\/wp\/v2\/types\/product"}],"wp:attachment":[{"href":"https:\/\/roveyayinevi.com.tr\/index.php\/wp-json\/wp\/v2\/media?parent=749923"}],"wp:term":[{"taxonomy":"product_brand","embeddable":true,"href":"https:\/\/roveyayinevi.com.tr\/index.php\/wp-json\/wp\/v2\/product_brand?post=749923"},{"taxonomy":"product_cat","embeddable":true,"href":"https:\/\/roveyayinevi.com.tr\/index.php\/wp-json\/wp\/v2\/product_cat?post=749923"},{"taxonomy":"product_tag","embeddable":true,"href":"https:\/\/roveyayinevi.com.tr\/index.php\/wp-json\/wp\/v2\/product_tag?post=749923"}],"curies":[{"name":"wp","href":"https:\/\/api.w.org\/{rel}","templated":true}]}}