{"id":749922,"date":"2025-08-28T04:07:52","date_gmt":"2025-08-28T01:07:52","guid":{"rendered":"https:\/\/roveyayinevi.com.tr\/index.php\/urun\/okumaya-basliyorum-ses-gruplari-seti\/"},"modified":"2026-04-16T03:03:29","modified_gmt":"2026-04-16T00:03:29","slug":"okumaya-basliyorum-ses-gruplari-seti","status":"publish","type":"product","link":"https:\/\/roveyayinevi.com.tr\/index.php\/urun\/okumaya-basliyorum-ses-gruplari-seti\/","title":{"rendered":"Okumaya Ba\u015fl\u0131yorum Ses Gruplar\u0131 Seti"},"content":{"rendered":"<p>Okumaya Ba\u015fl\u0131yorum Ses Gruplar\u0131 Seti: 1. Ses Grubu Ela ile Kaan ELAK\u0130N 2. Ses Grubu Okan ile T\u00fclay OMUT\u00dcY 3. Ses Grubu \u00d6yk\u00fc ile Bora \u00d6RIDSB 4. Ses Grubu Arzu ile Polat Z\u00c7G\u015eCP 5. Ses Grubu Bahar ile Ajlan HV\u011eFJ   \u0130lk okuma-yazma s\u00fcrecinde sesler, gruplar h\u00e2linde \u00f6\u011fretilmektedir. ELAK\u0130N, OMUT\u00dcY, \u00d6RIDSB, Z\u00c7G\u015eCP ve HV\u011eFJ harf s\u0131ras\u0131na uygun olarak haz\u0131rlanm\u0131\u015f kitaplar\u0131m\u0131z; karesel (h\u0131zl\u0131 okuma) metinler, e\u015fleme, boyama ve \u00e7izme \u00e7al\u0131\u015fmalar\u0131yla da desteklenerek \u00e7ocuklar\u0131n okumalar\u0131n\u0131 geli\u015ftirmeleri ve okuma-yazmay\u0131 daha h\u0131zl\u0131 \u00e7\u00f6zmeleri ad\u0131na haz\u0131rlanm\u0131\u015ft\u0131r. Bulmacal\u0131 E\u015flemeli Boyamal\u0131 Renkli heceli Karesel okuma metinleri<\/p>\n","protected":false},"excerpt":{"rendered":"<p>Okumaya Ba\u015fl\u0131yorum Ses Gruplar\u0131 Seti: 1. Ses Grubu Ela ile Kaan ELAK\u0130N 2. Ses Grubu Okan ile T\u00fclay OMUT\u00dcY 3. Ses Grubu \u00d6yk\u00fc ile Bora \u00d6RIDSB<span class=\"excerpt-hellip\"> [\u2026]<\/span><\/p>\n","protected":false},"featured_media":0,"template":"","meta":{"_monsterinsights_skip_tracking":false,"_monsterinsights_sitenote_active":false,"_monsterinsights_sitenote_note":"","_monsterinsights_sitenote_category":0},"product_brand":[],"product_cat":[12274,15842],"product_tag":[],"class_list":{"0":"post-749922","1":"product","2":"type-product","3":"status-publish","5":"product_cat-cocuk-ve-genclik-kitaplari","6":"product_cat-egitici-kitaplar","7":"pa_cilt-ciltsiz","8":"pa_tur-kitap","9":"pa_yayinevi-cocuk-gelisimi-yayinlari","10":"pa_yazar-kolektif","12":"first","13":"instock","14":"sale","15":"shipping-taxable","16":"purchasable","17":"product-type-simple"},"_links":{"self":[{"href":"https:\/\/roveyayinevi.com.tr\/index.php\/wp-json\/wp\/v2\/product\/749922","targetHints":{"allow":["GET"]}}],"collection":[{"href":"https:\/\/roveyayinevi.com.tr\/index.php\/wp-json\/wp\/v2\/product"}],"about":[{"href":"https:\/\/roveyayinevi.com.tr\/index.php\/wp-json\/wp\/v2\/types\/product"}],"wp:attachment":[{"href":"https:\/\/roveyayinevi.com.tr\/index.php\/wp-json\/wp\/v2\/media?parent=749922"}],"wp:term":[{"taxonomy":"product_brand","embeddable":true,"href":"https:\/\/roveyayinevi.com.tr\/index.php\/wp-json\/wp\/v2\/product_brand?post=749922"},{"taxonomy":"product_cat","embeddable":true,"href":"https:\/\/roveyayinevi.com.tr\/index.php\/wp-json\/wp\/v2\/product_cat?post=749922"},{"taxonomy":"product_tag","embeddable":true,"href":"https:\/\/roveyayinevi.com.tr\/index.php\/wp-json\/wp\/v2\/product_tag?post=749922"}],"curies":[{"name":"wp","href":"https:\/\/api.w.org\/{rel}","templated":true}]}}