{"id":749921,"date":"2025-08-28T04:07:50","date_gmt":"2025-08-28T01:07:50","guid":{"rendered":"https:\/\/roveyayinevi.com.tr\/index.php\/urun\/dibi-sakli-cevherin-kesfi\/"},"modified":"2026-04-16T03:03:29","modified_gmt":"2026-04-16T00:03:29","slug":"dibi-sakli-cevherin-kesfi","status":"publish","type":"product","link":"https:\/\/roveyayinevi.com.tr\/index.php\/urun\/dibi-sakli-cevherin-kesfi\/","title":{"rendered":"Dibi: Sakl\u0131 Cevherin Ke\u015ffi"},"content":{"rendered":"<p>Y\u00fckseklere z\u0131plamak i\u00e7in bazen \u201cdibi\u201d g\u00f6rmek gerekir. Peki insan\u0131 dibe \u00e7eken \u015fey nedir? Hi\u00e7 ku\u015fkusuz, insan\u0131 a\u015fa\u011f\u0131lara \u00e7eken ve beraberinde umutsuzluk getiren korkudur. Korku ve onun var etti\u011fi umutsuzluk ile ba\u015f etmek \u00e7ok zordur. Lakin korkudan g\u00fc\u00e7l\u00fc olan tek bir duygu vard\u0131r, o da umut! Dibi\u2019nin ailesi de \u00e7ocuklar\u0131n\u0131n gelece\u011fi hakk\u0131nda korkuyorlard\u0131 ve hi\u00e7 umutlu de\u011fillerdi. Onlar\u0131n bu korkular\u0131, Dibi\u2019nin daha da dibe batmas\u0131na ve neredeyse hayat\u0131n\u0131n alt\u00fcst olmas\u0131na neden olmu\u015ftu. Ta ki diplerde umut \u0131\u015f\u0131\u011f\u0131 g\u00f6r\u00fcnene kadar. E\u011fitimci Yazar Nazl\u0131 G\u00fcler, Dibi\u2019nin hik\u00e2yesiyle \u00f6zel \u00e7ocuklar\u0131n ve ailelerinin ya\u015fad\u0131klar\u0131 karanl\u0131\u011f\u0131 betimlemekle kalm\u0131yor, onlara umudun getirdi\u011fi ayd\u0131nl\u0131\u011f\u0131 da g\u00f6steriyor. Yeter ki umudumuz olsun. \u00c7\u00fcnk\u00fc umut, duygular\u0131n en g\u00fc\u00e7l\u00fcs\u00fcd\u00fcr.<\/p>\n","protected":false},"excerpt":{"rendered":"<p>Y\u00fckseklere z\u0131plamak i\u00e7in bazen \u201cdibi\u201d g\u00f6rmek gerekir. Peki insan\u0131 dibe \u00e7eken \u015fey nedir? Hi\u00e7 ku\u015fkusuz, insan\u0131 a\u015fa\u011f\u0131lara \u00e7eken ve beraberinde umutsuzluk getiren korkudur. Korku ve onun<span class=\"excerpt-hellip\"> [\u2026]<\/span><\/p>\n","protected":false},"featured_media":0,"template":"","meta":{"_monsterinsights_skip_tracking":false,"_monsterinsights_sitenote_active":false,"_monsterinsights_sitenote_note":"","_monsterinsights_sitenote_category":0},"product_brand":[],"product_cat":[12274,12284],"product_tag":[],"class_list":{"0":"post-749921","1":"product","2":"type-product","3":"status-publish","5":"product_cat-cocuk-ve-genclik-kitaplari","6":"product_cat-hikayeler","7":"pa_cilt-ciltsiz","8":"pa_tur-kitap","9":"pa_yayinevi-cocuk-gelisimi-yayinlari","10":"pa_yazar-nazli-guler","12":"first","13":"instock","14":"sale","15":"shipping-taxable","16":"purchasable","17":"product-type-simple"},"_links":{"self":[{"href":"https:\/\/roveyayinevi.com.tr\/index.php\/wp-json\/wp\/v2\/product\/749921","targetHints":{"allow":["GET"]}}],"collection":[{"href":"https:\/\/roveyayinevi.com.tr\/index.php\/wp-json\/wp\/v2\/product"}],"about":[{"href":"https:\/\/roveyayinevi.com.tr\/index.php\/wp-json\/wp\/v2\/types\/product"}],"wp:attachment":[{"href":"https:\/\/roveyayinevi.com.tr\/index.php\/wp-json\/wp\/v2\/media?parent=749921"}],"wp:term":[{"taxonomy":"product_brand","embeddable":true,"href":"https:\/\/roveyayinevi.com.tr\/index.php\/wp-json\/wp\/v2\/product_brand?post=749921"},{"taxonomy":"product_cat","embeddable":true,"href":"https:\/\/roveyayinevi.com.tr\/index.php\/wp-json\/wp\/v2\/product_cat?post=749921"},{"taxonomy":"product_tag","embeddable":true,"href":"https:\/\/roveyayinevi.com.tr\/index.php\/wp-json\/wp\/v2\/product_tag?post=749921"}],"curies":[{"name":"wp","href":"https:\/\/api.w.org\/{rel}","templated":true}]}}