{"id":749918,"date":"2025-08-28T04:07:46","date_gmt":"2025-08-28T01:07:46","guid":{"rendered":"https:\/\/roveyayinevi.com.tr\/index.php\/urun\/kadin-kendini-severse\/"},"modified":"2026-04-11T03:11:18","modified_gmt":"2026-04-11T00:11:18","slug":"kadin-kendini-severse","status":"publish","type":"product","link":"https:\/\/roveyayinevi.com.tr\/index.php\/urun\/kadin-kendini-severse\/","title":{"rendered":"Kad\u0131n Kendini Severse"},"content":{"rendered":"<p>Her ya\u015ftan kad\u0131na y\u00f6nelik bu pratik \u00e7al\u0131\u015fma kitab\u0131n\u0131 kullanarak kendinde sevilecek ne kadar \u00e7ok \u015fey oldu\u011funu ke\u015ffedeceksin. \u00d6z sevginin ne oldu\u011funu \u00f6\u011frenerek kendini ke\u015ffetme yolculu\u011funa \u00e7\u0131kacak ve ard\u0131ndan \u00f6z g\u00fcvenini in\u015fa etmene ve ili\u015fkilerini geli\u015ftirmene yard\u0131mc\u0131 olacak egzersizlere kendini kapt\u0131racaks\u0131n.\u2022Kan\u0131tlanm\u0131\u015f teknikler &#8211; Fark\u0131ndal\u0131\u011fa ve pozitif psikolojiye dayanan \u00e7e\u015fitli egzersizleri kullanarak kendini sevmeyi \u00f6\u011fren.\u2022\u0130lham veren y\u00f6nlendirmeler ve motive edici etkinlikler &#8211; Duygular\u0131n\u0131 a\u00e7\u0131\u011fa \u00e7\u0131karmana ve s\u0131n\u0131rlay\u0131c\u0131 inan\u00e7lardan kurtulmana yard\u0131mc\u0131 olacak de\u011ferlendirmeler ve al\u0131\u015ft\u0131rmalarla sahip oldu\u011fun her \u015feyi ke\u015ffet.\u2022G\u00fc\u00e7lendirici Olumlamalar &#8211; Kitap boyunca serpi\u015ftirilmi\u015f olan moral verici olumlamalar\u0131 kullanarak kendini kucakla.Kad\u0131n Kendini Severse kitab\u0131n\u0131 kullanarak ama\u00e7larla ve \u00f6z sevgiyle dolu bir ya\u015fam\u0131n tad\u0131n\u0131 \u00e7\u0131kar!<\/p>\n","protected":false},"excerpt":{"rendered":"<p>Her ya\u015ftan kad\u0131na y\u00f6nelik bu pratik \u00e7al\u0131\u015fma kitab\u0131n\u0131 kullanarak kendinde sevilecek ne kadar \u00e7ok \u015fey oldu\u011funu ke\u015ffedeceksin. \u00d6z sevginin ne oldu\u011funu \u00f6\u011frenerek kendini ke\u015ffetme yolculu\u011funa \u00e7\u0131kacak<span class=\"excerpt-hellip\"> [\u2026]<\/span><\/p>\n","protected":false},"featured_media":0,"template":"","meta":{"_monsterinsights_skip_tracking":false,"_monsterinsights_sitenote_active":false,"_monsterinsights_sitenote_note":"","_monsterinsights_sitenote_category":0},"product_brand":[],"product_cat":[12364,12376],"product_tag":[],"class_list":{"0":"post-749918","1":"product","2":"type-product","3":"status-publish","5":"product_cat-genel-konular","6":"product_cat-kisisel-gelisim","7":"pa_cilt-ciltsiz","8":"pa_tur-kitap","9":"pa_yayinevi-peta-kitap","10":"pa_yazar-megan-logan","12":"first","13":"instock","14":"sale","15":"shipping-taxable","16":"purchasable","17":"product-type-simple"},"_links":{"self":[{"href":"https:\/\/roveyayinevi.com.tr\/index.php\/wp-json\/wp\/v2\/product\/749918","targetHints":{"allow":["GET"]}}],"collection":[{"href":"https:\/\/roveyayinevi.com.tr\/index.php\/wp-json\/wp\/v2\/product"}],"about":[{"href":"https:\/\/roveyayinevi.com.tr\/index.php\/wp-json\/wp\/v2\/types\/product"}],"wp:attachment":[{"href":"https:\/\/roveyayinevi.com.tr\/index.php\/wp-json\/wp\/v2\/media?parent=749918"}],"wp:term":[{"taxonomy":"product_brand","embeddable":true,"href":"https:\/\/roveyayinevi.com.tr\/index.php\/wp-json\/wp\/v2\/product_brand?post=749918"},{"taxonomy":"product_cat","embeddable":true,"href":"https:\/\/roveyayinevi.com.tr\/index.php\/wp-json\/wp\/v2\/product_cat?post=749918"},{"taxonomy":"product_tag","embeddable":true,"href":"https:\/\/roveyayinevi.com.tr\/index.php\/wp-json\/wp\/v2\/product_tag?post=749918"}],"curies":[{"name":"wp","href":"https:\/\/api.w.org\/{rel}","templated":true}]}}