{"id":749916,"date":"2025-08-28T04:07:44","date_gmt":"2025-08-28T01:07:44","guid":{"rendered":"https:\/\/roveyayinevi.com.tr\/index.php\/urun\/bagdat-saati\/"},"modified":"2026-04-16T03:03:29","modified_gmt":"2026-04-16T00:03:29","slug":"bagdat-saati","status":"publish","type":"product","link":"https:\/\/roveyayinevi.com.tr\/index.php\/urun\/bagdat-saati\/","title":{"rendered":"Ba\u011fdat Saati"},"content":{"rendered":"<p>2018 Edinburgh \u0130lk Roman \u00d6d\u00fcl\u00fcBa\u011fdat, 1991. Birinci K\u00f6rfez Sava\u015f\u0131\u2019n\u0131n ortas\u0131nda, gen\u00e7 bir Irakl\u0131 k\u0131z, bir hava sald\u0131r\u0131s\u0131 s\u0131\u011f\u0131na\u011f\u0131nda kom\u015fular\u0131yla bir araya gelir ve orada Nadia ile tan\u0131\u015f\u0131r. \u0130ki k\u0131z \u00e7abucak dost olurlar ve birlikte sava\u015f\u0131n par\u00e7alamad\u0131\u011f\u0131 hayallerini, umutlar\u0131n\u0131, arzular\u0131n\u0131 ve ilk a\u015fklar\u0131n\u0131 payla\u015facaklar\u0131 bir d\u00fcnyan\u0131n hayalini kurarlar. Fakat ya\u015flar\u0131 ilerledik\u00e7e ve bombalar d\u00fc\u015fmeye devam ettik\u00e7e, uluslararas\u0131 yapt\u0131r\u0131mlar kendini g\u00f6sterir ve arkada\u015flar\u0131 \u00fclkeden ka\u00e7maya ba\u015flar. K\u0131zlar hayatlar\u0131n\u0131n bir daha asla eskisi gibi olmayaca\u011f\u0131 ger\u00e7e\u011fiyle y\u00fczle\u015fmek zorunda kal\u0131rlar.<\/p>\n","protected":false},"excerpt":{"rendered":"<p>2018 Edinburgh \u0130lk Roman \u00d6d\u00fcl\u00fcBa\u011fdat, 1991. Birinci K\u00f6rfez Sava\u015f\u0131\u2019n\u0131n ortas\u0131nda, gen\u00e7 bir Irakl\u0131 k\u0131z, bir hava sald\u0131r\u0131s\u0131 s\u0131\u011f\u0131na\u011f\u0131nda kom\u015fular\u0131yla bir araya gelir ve orada Nadia ile<span class=\"excerpt-hellip\"> [\u2026]<\/span><\/p>\n","protected":false},"featured_media":0,"template":"","meta":{"_monsterinsights_skip_tracking":false,"_monsterinsights_sitenote_active":false,"_monsterinsights_sitenote_note":"","_monsterinsights_sitenote_category":0},"product_brand":[],"product_cat":[12291,12711],"product_tag":[],"class_list":{"0":"post-749916","1":"product","2":"type-product","3":"status-publish","5":"product_cat-edebiyat","6":"product_cat-roman-oyku","7":"pa_cilt-ciltsiz","8":"pa_tur-kitap","9":"pa_yayinevi-peta-kitap","10":"pa_yazar-shahad-al-rawi","12":"first","13":"instock","14":"sale","15":"shipping-taxable","16":"purchasable","17":"product-type-simple"},"_links":{"self":[{"href":"https:\/\/roveyayinevi.com.tr\/index.php\/wp-json\/wp\/v2\/product\/749916","targetHints":{"allow":["GET"]}}],"collection":[{"href":"https:\/\/roveyayinevi.com.tr\/index.php\/wp-json\/wp\/v2\/product"}],"about":[{"href":"https:\/\/roveyayinevi.com.tr\/index.php\/wp-json\/wp\/v2\/types\/product"}],"wp:attachment":[{"href":"https:\/\/roveyayinevi.com.tr\/index.php\/wp-json\/wp\/v2\/media?parent=749916"}],"wp:term":[{"taxonomy":"product_brand","embeddable":true,"href":"https:\/\/roveyayinevi.com.tr\/index.php\/wp-json\/wp\/v2\/product_brand?post=749916"},{"taxonomy":"product_cat","embeddable":true,"href":"https:\/\/roveyayinevi.com.tr\/index.php\/wp-json\/wp\/v2\/product_cat?post=749916"},{"taxonomy":"product_tag","embeddable":true,"href":"https:\/\/roveyayinevi.com.tr\/index.php\/wp-json\/wp\/v2\/product_tag?post=749916"}],"curies":[{"name":"wp","href":"https:\/\/api.w.org\/{rel}","templated":true}]}}