{"id":749914,"date":"2025-08-28T04:07:41","date_gmt":"2025-08-28T01:07:41","guid":{"rendered":"https:\/\/roveyayinevi.com.tr\/index.php\/urun\/katlamali-buyume-stratejisi\/"},"modified":"2026-04-16T03:03:29","modified_gmt":"2026-04-16T00:03:29","slug":"katlamali-buyume-stratejisi","status":"publish","type":"product","link":"https:\/\/roveyayinevi.com.tr\/index.php\/urun\/katlamali-buyume-stratejisi\/","title":{"rendered":"Katlamal\u0131 B\u00fcy\u00fcme Stratejisi"},"content":{"rendered":"<p>\u0130nsano\u011flu gen\u00e7li\u011finden gelen fikirleri sever ve bu fikirler zamanla al\u0131\u015fkanl\u0131\u011fa d\u00f6n\u00fc\u015f\u00fcr. Al\u0131\u015fkanl\u0131\u011fa d\u00f6n\u00fc\u015fmesi, insan\u0131n do\u011fruyu bulmas\u0131n\u0131 ve de\u011fi\u015fimi yakalamas\u0131n\u0131 engeller. Bu s\u00fcre\u00e7 kurumlar i\u00e7in de genellikle b\u00f6yle devam eder. Organizasyonlar zaman i\u00e7inde edindikleri al\u0131\u015fkanl\u0131klar nedeniyle ger\u00e7e\u011fi g\u00f6remezler. Bu durum bazen egoya, bazen y\u0131lg\u0131nl\u0131\u011fa ve bazen de b\u00fcy\u00fckl\u00fck kibri ile kaprise d\u00f6n\u00fc\u015f\u00fcr.Soru \u015fu: B\u00fcy\u00fcmeye mi yoksa de\u011fi\u015fime mi cevap vermeliyiz? B\u00fcy\u00fcmek i\u00e7in b\u00fcy\u00fcmek, kanserli bir h\u00fccrenin ideolojisidir. Elbette buradaki s\u0131r, de\u011fi\u015fimdir; co\u015fkuyla, istekle ve her kademesinde emekle gelen de\u011fi\u015fim\u2026 Ve bu de\u011fi\u015fimin \u00f6n\u00fcnde kimse duramaz. Herkes topa bakarken siz sahaya, yani o alana odaklanmal\u0131s\u0131n\u0131z. Herkes topa odaklanm\u0131\u015fken siz topun gidece\u011fi yere bakmal\u0131s\u0131n\u0131z. G\u00f6r\u00fcnmeyene odaklanmak, de\u011fi\u015fimin olmazsa olmaz ilk \u015fart\u0131d\u0131r.Olay kutunun i\u00e7inde d\u00fc\u015f\u00fcnmek, kutunun d\u0131\u015f\u0131nda d\u00fc\u015f\u00fcnmek veya hi\u00e7 kutu olmad\u0131\u011f\u0131n\u0131 d\u00fc\u015f\u00fcnmek de\u011fildir. E\u011fer hi\u00e7bir \u015feyiniz olmad\u0131\u011f\u0131n\u0131 d\u00fc\u015f\u00fcn\u00fcrseniz sizi s\u0131n\u0131rlayan b\u00fct\u00fcn etkenlerde kurtulup de\u011fi\u015fime ve yenili\u011fe ba\u015flayabilirsiniz.<\/p>\n","protected":false},"excerpt":{"rendered":"<p>\u0130nsano\u011flu gen\u00e7li\u011finden gelen fikirleri sever ve bu fikirler zamanla al\u0131\u015fkanl\u0131\u011fa d\u00f6n\u00fc\u015f\u00fcr. Al\u0131\u015fkanl\u0131\u011fa d\u00f6n\u00fc\u015fmesi, insan\u0131n do\u011fruyu bulmas\u0131n\u0131 ve de\u011fi\u015fimi yakalamas\u0131n\u0131 engeller. Bu s\u00fcre\u00e7 kurumlar i\u00e7in de genellikle<span class=\"excerpt-hellip\"> [\u2026]<\/span><\/p>\n","protected":false},"featured_media":0,"template":"","meta":{"_monsterinsights_skip_tracking":false,"_monsterinsights_sitenote_active":false,"_monsterinsights_sitenote_note":"","_monsterinsights_sitenote_category":0},"product_brand":[],"product_cat":[13043,17647],"product_tag":[],"class_list":{"0":"post-749914","1":"product","2":"type-product","3":"status-publish","5":"product_cat-ekonomi","6":"product_cat-is-dunyasi","7":"pa_cilt-ciltsiz","8":"pa_tur-kitap","9":"pa_yayinevi-peta-kitap","10":"pa_yazar-yavuz-altun","12":"first","13":"instock","14":"sale","15":"shipping-taxable","16":"purchasable","17":"product-type-simple"},"_links":{"self":[{"href":"https:\/\/roveyayinevi.com.tr\/index.php\/wp-json\/wp\/v2\/product\/749914","targetHints":{"allow":["GET"]}}],"collection":[{"href":"https:\/\/roveyayinevi.com.tr\/index.php\/wp-json\/wp\/v2\/product"}],"about":[{"href":"https:\/\/roveyayinevi.com.tr\/index.php\/wp-json\/wp\/v2\/types\/product"}],"wp:attachment":[{"href":"https:\/\/roveyayinevi.com.tr\/index.php\/wp-json\/wp\/v2\/media?parent=749914"}],"wp:term":[{"taxonomy":"product_brand","embeddable":true,"href":"https:\/\/roveyayinevi.com.tr\/index.php\/wp-json\/wp\/v2\/product_brand?post=749914"},{"taxonomy":"product_cat","embeddable":true,"href":"https:\/\/roveyayinevi.com.tr\/index.php\/wp-json\/wp\/v2\/product_cat?post=749914"},{"taxonomy":"product_tag","embeddable":true,"href":"https:\/\/roveyayinevi.com.tr\/index.php\/wp-json\/wp\/v2\/product_tag?post=749914"}],"curies":[{"name":"wp","href":"https:\/\/api.w.org\/{rel}","templated":true}]}}