{"id":749906,"date":"2025-08-28T04:07:30","date_gmt":"2025-08-28T01:07:30","guid":{"rendered":"https:\/\/roveyayinevi.com.tr\/index.php\/urun\/acelesi-olanlar-icin-astrofizik\/"},"modified":"2026-04-16T03:03:28","modified_gmt":"2026-04-16T00:03:28","slug":"acelesi-olanlar-icin-astrofizik","status":"publish","type":"product","link":"https:\/\/roveyayinevi.com.tr\/index.php\/urun\/acelesi-olanlar-icin-astrofizik\/","title":{"rendered":"Acelesi Olanlar \u0130\u00e7in Astrofizik"},"content":{"rendered":"<p>Uzay ve zaman\u0131n ne anlama geldi\u011fi; evrenin, galaksilerin, gezegenlerin, y\u0131ld\u0131zlar\u0131n ve d\u00fcnyam\u0131z\u0131n nas\u0131l olu\u015ftu\u011fu; madde, karanl\u0131k madde, enerji ve \u0131\u015f\u0131\u011f\u0131n ne oldu\u011fu gibi ufuk a\u00e7\u0131c\u0131 sorulara cevap ararken \u00fcnl\u00fc astrofizik\u00e7i Neil deGrasse Tyson\u2019dan daha iyi bir rehber d\u00fc\u015f\u00fcn\u00fclemez.G\u00fcn\u00fcm\u00fczde pek az\u0131m\u0131z kozmosu anlamak i\u00e7in vakit ay\u0131rabiliyoruz. B\u00fcy\u00fck Patlama\u2019dan karadeliklere, kuarklardan kuantum mekani\u011fine, gezegen aray\u0131\u015f\u0131ndan evrende ba\u015fka ya\u015famlar bulma giri\u015fimlerine kadar kozmosu ilgilendiren bir\u00e7ok konuya de\u011finen Acelesi Olanlar \u0130\u00e7in Astrofizik, her an her yerde kolayca okuyabilece\u011finiz, k\u0131sa ancak ayd\u0131nlat\u0131c\u0131 ve keyifli b\u00f6l\u00fcmlerle evreni aya\u011f\u0131n\u0131za getiriyor.\u201cTyson, evrenimizin hik\u00e2yesini on iki k\u0131sa b\u00f6l\u00fcmde muhte\u015fem bir \u015fekilde anlat\u0131yor. Kitab\u0131 bir \u00e7\u0131rp\u0131da bitireceksiniz.\u201d\u2013BBC\u201cEvreni tan\u0131mak i\u00e7in Dr. Tyson\u2019dan daha iyi bir kozmik tur rehberi d\u00fc\u015f\u00fcnemiyorum.\u201d\u2013Michio Kaku<\/p>\n","protected":false},"excerpt":{"rendered":"<p>Uzay ve zaman\u0131n ne anlama geldi\u011fi; evrenin, galaksilerin, gezegenlerin, y\u0131ld\u0131zlar\u0131n ve d\u00fcnyam\u0131z\u0131n nas\u0131l olu\u015ftu\u011fu; madde, karanl\u0131k madde, enerji ve \u0131\u015f\u0131\u011f\u0131n ne oldu\u011fu gibi ufuk a\u00e7\u0131c\u0131 sorulara<span class=\"excerpt-hellip\"> [\u2026]<\/span><\/p>\n","protected":false},"featured_media":0,"template":"","meta":{"_monsterinsights_skip_tracking":false,"_monsterinsights_sitenote_active":false,"_monsterinsights_sitenote_note":"","_monsterinsights_sitenote_category":0},"product_brand":[],"product_cat":[13005,13006],"product_tag":[],"class_list":{"0":"post-749906","1":"product","2":"type-product","3":"status-publish","5":"product_cat-bilim-muhendislik","6":"product_cat-populer-bilim","7":"pa_cilt-ciltsiz","8":"pa_tur-kitap","9":"pa_yayinevi-nova-kitap","10":"pa_yazar-neil-degrasse-tyson","12":"first","13":"instock","14":"sale","15":"shipping-taxable","16":"purchasable","17":"product-type-simple"},"_links":{"self":[{"href":"https:\/\/roveyayinevi.com.tr\/index.php\/wp-json\/wp\/v2\/product\/749906","targetHints":{"allow":["GET"]}}],"collection":[{"href":"https:\/\/roveyayinevi.com.tr\/index.php\/wp-json\/wp\/v2\/product"}],"about":[{"href":"https:\/\/roveyayinevi.com.tr\/index.php\/wp-json\/wp\/v2\/types\/product"}],"wp:attachment":[{"href":"https:\/\/roveyayinevi.com.tr\/index.php\/wp-json\/wp\/v2\/media?parent=749906"}],"wp:term":[{"taxonomy":"product_brand","embeddable":true,"href":"https:\/\/roveyayinevi.com.tr\/index.php\/wp-json\/wp\/v2\/product_brand?post=749906"},{"taxonomy":"product_cat","embeddable":true,"href":"https:\/\/roveyayinevi.com.tr\/index.php\/wp-json\/wp\/v2\/product_cat?post=749906"},{"taxonomy":"product_tag","embeddable":true,"href":"https:\/\/roveyayinevi.com.tr\/index.php\/wp-json\/wp\/v2\/product_tag?post=749906"}],"curies":[{"name":"wp","href":"https:\/\/api.w.org\/{rel}","templated":true}]}}