{"id":749902,"date":"2025-08-28T04:07:22","date_gmt":"2025-08-28T01:07:22","guid":{"rendered":"https:\/\/roveyayinevi.com.tr\/index.php\/urun\/fareler-ve-insanlar\/"},"modified":"2026-04-16T03:03:28","modified_gmt":"2026-04-16T00:03:28","slug":"fareler-ve-insanlar","status":"publish","type":"product","link":"https:\/\/roveyayinevi.com.tr\/index.php\/urun\/fareler-ve-insanlar\/","title":{"rendered":"Fareler ve \u0130nsanlar"},"content":{"rendered":"<p>Fareler ve I\u0307nsanlar,insan dog\u0306as\u0131n\u0131n kadim c\u0327\u0131kmazlar\u0131na dair usta is\u0327i bir John Steinbeck kitab\u0131.Birbirlerine hic\u0327 mi hic\u0327 benzemeyen iki arkadas\u0327\u0131n; ufak tefek ve zeki George ile iriyar\u0131 ve akl\u0131 k\u0131t Lennie\u2019nin hika\u0302yesini kaleme al\u0131yor Steinbeck. Salinas Vadisi\u2019ndeki bir c\u0327iftlikte gu\u0308c\u0327bela is\u0327 bulan ikili hayallerini gerc\u0327ekles\u0327tirme planlar\u0131 yapmaya bas\u0327lar. Fakat ku\u0308c\u0327u\u0308k bir toprak parc\u0327as\u0131 al\u0131p c\u0327iftc\u0327ilik yaparak kendi kendilerine yetme hayalleri, birkac\u0327 gu\u0308nde yas\u0327anan olaylarla bir c\u0327\u0131kmaz yola girer.Fareler ve I\u0307nsanlar, Bu\u0308yu\u0308k Bunal\u0131m do\u0308neminin binbir zorlug\u0306uyla mu\u0308cadele eden tar\u0131m is\u0327c\u0327ilerine dog\u0306rultulan bir du\u0308rbu\u0308n, uzaklar\u0131 go\u0308z o\u0308nu\u0308ne getiren c\u0327arp\u0131c\u0131 bir novella. \u201cFareler ve I\u0307nsanlar, duygusal olmaya cesaret edebildig\u0306i ic\u0327in iyi bir novellad\u0131r.\u201d ANTHONY BURGESS \u201cBu hika\u0302ye yaln\u0131zca tarihin belirli bir an\u0131nda ve u\u0308lkenin belirli bir bo\u0308lgesinde yas\u0327anan bir Amerikan dram\u0131 deg\u0306ildir; meka\u0302ns\u0131z ve zamans\u0131z bir insanl\u0131k dram\u0131d\u0131r.\u201d CHARLOTTE COOK HADELLA <\/p>\n","protected":false},"excerpt":{"rendered":"<p>Fareler ve I\u0307nsanlar,insan dog\u0306as\u0131n\u0131n kadim c\u0327\u0131kmazlar\u0131na dair usta is\u0327i bir John Steinbeck kitab\u0131.Birbirlerine hic\u0327 mi hic\u0327 benzemeyen iki arkadas\u0327\u0131n; ufak tefek ve zeki George ile iriyar\u0131<span class=\"excerpt-hellip\"> [\u2026]<\/span><\/p>\n","protected":false},"featured_media":0,"template":"","meta":{"_monsterinsights_skip_tracking":false,"_monsterinsights_sitenote_active":false,"_monsterinsights_sitenote_note":"","_monsterinsights_sitenote_category":0},"product_brand":[],"product_cat":[12291,12711],"product_tag":[],"class_list":{"0":"post-749902","1":"product","2":"type-product","3":"status-publish","5":"product_cat-edebiyat","6":"product_cat-roman-oyku","7":"pa_cilt-ciltsiz","8":"pa_tur-kitap","9":"pa_yayinevi-iletisim-yayinlari","10":"pa_yazar-john-steinbeck","12":"first","13":"instock","14":"sale","15":"shipping-taxable","16":"purchasable","17":"product-type-simple"},"_links":{"self":[{"href":"https:\/\/roveyayinevi.com.tr\/index.php\/wp-json\/wp\/v2\/product\/749902","targetHints":{"allow":["GET"]}}],"collection":[{"href":"https:\/\/roveyayinevi.com.tr\/index.php\/wp-json\/wp\/v2\/product"}],"about":[{"href":"https:\/\/roveyayinevi.com.tr\/index.php\/wp-json\/wp\/v2\/types\/product"}],"wp:attachment":[{"href":"https:\/\/roveyayinevi.com.tr\/index.php\/wp-json\/wp\/v2\/media?parent=749902"}],"wp:term":[{"taxonomy":"product_brand","embeddable":true,"href":"https:\/\/roveyayinevi.com.tr\/index.php\/wp-json\/wp\/v2\/product_brand?post=749902"},{"taxonomy":"product_cat","embeddable":true,"href":"https:\/\/roveyayinevi.com.tr\/index.php\/wp-json\/wp\/v2\/product_cat?post=749902"},{"taxonomy":"product_tag","embeddable":true,"href":"https:\/\/roveyayinevi.com.tr\/index.php\/wp-json\/wp\/v2\/product_tag?post=749902"}],"curies":[{"name":"wp","href":"https:\/\/api.w.org\/{rel}","templated":true}]}}