{"id":749899,"date":"2025-08-28T04:07:17","date_gmt":"2025-08-28T01:07:17","guid":{"rendered":"https:\/\/roveyayinevi.com.tr\/index.php\/urun\/evcil-insan-barinagi\/"},"modified":"2026-04-16T03:03:28","modified_gmt":"2026-04-16T00:03:28","slug":"evcil-insan-barinagi","status":"publish","type":"product","link":"https:\/\/roveyayinevi.com.tr\/index.php\/urun\/evcil-insan-barinagi\/","title":{"rendered":"Evcil \u0130nsan Bar\u0131na\u011f\u0131"},"content":{"rendered":"<p>Bir sabah, bir kutunun i\u00e7inde, k\u00f6peklerin insanlara h\u00fckmetti\u011fi yeni bir d\u00fczene uyand\u0131\u011f\u0131n\u0131z\u0131 d\u00fc\u015f\u00fcn\u00fcn. \u201cSahip olanlar\u201d ve \u201csahiplenilenler\u201d yer de\u011fi\u015ftirmi\u015f. \u00d6ncesi yok. \u0130nsanl\u0131\u011f\u0131n ortak bir ge\u00e7mi\u015fi yok. Her \u015fey burada ba\u015fl\u0131yor. Peki, burada m\u0131 bitecek?Serhan Kansu, bu de\u011fi\u015fim \u00fczerine kurdu\u011fu distopik anlat\u0131s\u0131 Evcil \u0130nsan Bar\u0131na\u011f\u0131\u2019nda, iki u\u00e7 noktan\u0131n, empati ve vah\u015fetin s\u0131n\u0131rlar\u0131nda insan\u0131n neler yapabilece\u011fini anlat\u0131yor. Bir k\u00f6pek gibi d\u00fc\u015f\u00fcnebilmek, bir insan gibi teslim olmak i\u00e7in.\u201cEskiden bir ailem vard\u0131. Bir annem ve babam, bir de k\u00f6pe\u011fim. \u015eimdi bulan\u0131k bir resim gibi geliyorlard\u0131 g\u00f6z\u00fcm\u00fcn \u00f6n\u00fcne. Annemin s\u0131rt\u0131 d\u00f6n\u00fck, y\u00fcz\u00fc belirsiz. Bu, d\u00fcnyaya yeni gelmi\u015f gen\u00e7 bir bedenin kendini savunma \u015fekli olmal\u0131yd\u0131. Ya\u015fl\u0131 bir adam\u0131n, ge\u00e7mi\u015fini tam olarak hat\u0131rlayamamas\u0131&#8230;E\u011fer \u00f6l\u00fcm zihni tam olarak siliyorsa ve tekrar d\u00fcnyaya geliyorsak, tekrar d\u00fcnyaya gelmenin hi\u00e7bir anlam\u0131 olmazd\u0131. Ne kazand\u0131\u011f\u0131m\u0131z\u0131 ya da ne kaybetti\u011fimizi bilmeden, hi\u00e7bir ders almadan ya da ders vermeden ba\u015fa d\u00f6nmek. Hi\u00e7 ya\u015famam\u0131\u015f gibi, en ba\u015f\u0131ndan tekrar ba\u015flamak.\u201d<\/p>\n","protected":false},"excerpt":{"rendered":"<p>Bir sabah, bir kutunun i\u00e7inde, k\u00f6peklerin insanlara h\u00fckmetti\u011fi yeni bir d\u00fczene uyand\u0131\u011f\u0131n\u0131z\u0131 d\u00fc\u015f\u00fcn\u00fcn. \u201cSahip olanlar\u201d ve \u201csahiplenilenler\u201d yer de\u011fi\u015ftirmi\u015f. \u00d6ncesi yok. \u0130nsanl\u0131\u011f\u0131n ortak bir ge\u00e7mi\u015fi yok.<span class=\"excerpt-hellip\"> [\u2026]<\/span><\/p>\n","protected":false},"featured_media":0,"template":"","meta":{"_monsterinsights_skip_tracking":false,"_monsterinsights_sitenote_active":false,"_monsterinsights_sitenote_note":"","_monsterinsights_sitenote_category":0},"product_brand":[],"product_cat":[12291,12711],"product_tag":[],"class_list":{"0":"post-749899","1":"product","2":"type-product","3":"status-publish","5":"product_cat-edebiyat","6":"product_cat-roman-oyku","7":"pa_cilt-ciltsiz","8":"pa_tur-kitap","9":"pa_yayinevi-ithaki-yayinlari","10":"pa_yazar-serhan-kansu","12":"first","13":"instock","14":"sale","15":"shipping-taxable","16":"purchasable","17":"product-type-simple"},"_links":{"self":[{"href":"https:\/\/roveyayinevi.com.tr\/index.php\/wp-json\/wp\/v2\/product\/749899","targetHints":{"allow":["GET"]}}],"collection":[{"href":"https:\/\/roveyayinevi.com.tr\/index.php\/wp-json\/wp\/v2\/product"}],"about":[{"href":"https:\/\/roveyayinevi.com.tr\/index.php\/wp-json\/wp\/v2\/types\/product"}],"wp:attachment":[{"href":"https:\/\/roveyayinevi.com.tr\/index.php\/wp-json\/wp\/v2\/media?parent=749899"}],"wp:term":[{"taxonomy":"product_brand","embeddable":true,"href":"https:\/\/roveyayinevi.com.tr\/index.php\/wp-json\/wp\/v2\/product_brand?post=749899"},{"taxonomy":"product_cat","embeddable":true,"href":"https:\/\/roveyayinevi.com.tr\/index.php\/wp-json\/wp\/v2\/product_cat?post=749899"},{"taxonomy":"product_tag","embeddable":true,"href":"https:\/\/roveyayinevi.com.tr\/index.php\/wp-json\/wp\/v2\/product_tag?post=749899"}],"curies":[{"name":"wp","href":"https:\/\/api.w.org\/{rel}","templated":true}]}}