{"id":749897,"date":"2025-08-28T04:07:14","date_gmt":"2025-08-28T01:07:14","guid":{"rendered":"https:\/\/roveyayinevi.com.tr\/index.php\/urun\/kuresellesme-ve-mikro-milliyetcilik\/"},"modified":"2025-11-10T09:02:37","modified_gmt":"2025-11-10T06:02:37","slug":"kuresellesme-ve-mikro-milliyetcilik","status":"publish","type":"product","link":"https:\/\/roveyayinevi.com.tr\/index.php\/urun\/kuresellesme-ve-mikro-milliyetcilik\/","title":{"rendered":"K\u00fcreselle\u015fme ve Mikro Milliyet\u00e7ilik"},"content":{"rendered":"<p>Bu kitapta yer alan bilgilerin \u00e7o\u011fu, titiz ve yo\u011fun ara\u015ft\u0131rmalar sonucunda elde edilen bilgilerden derlenen al\u0131nt\u0131lard\u0131r. Kitab\u0131n ba\u015flang\u0131c\u0131nda Yahudili\u011fin tarihini anlatmaya \u00e7al\u0131\u015ft\u0131m. Bir\u00e7ok eserde bu tarih, ayr\u0131nt\u0131lar\u0131yla verilmi\u015ftir. Benim amac\u0131m, Yahudi tarihini anlatmakla kalmay\u0131p g\u00fcn\u00fcm\u00fczde etkisi iyice hissedilen k\u00fcreselle\u015fmenin, yeni bir kavram olan mikro milliyet\u00e7ilik \u00fczerindeki tesirini ara\u015ft\u0131rmakt\u0131r. Yahudili\u011fin tarihinden neden bahsetti\u011fimiz sorusunun cevab\u0131na gelince\u2026 \u201cK\u00fcresel sermayeyi elinde tutanlar\u0131n hemen hepsi Yahudi k\u00f6kenli i\u015f insanlar\u0131d\u0131r.\u201d Bu nedenle Yahudileri biraz olsun tan\u0131mam\u0131z gerekti\u011fini d\u00fc\u015f\u00fcn\u00fcyorum. Kitab\u0131 elimden geldi\u011fince komplo teorilerinden uzak tutmaya \u00e7al\u0131\u015ft\u0131m. K\u00fcresel sermaye sahipleri kimlerdir ve bu insanlar ne istiyorlar? \u00d6nce bunu anlamaya \u00e7al\u0131\u015ft\u0131m. Tarih boyunca kime kar\u015f\u0131 kimleri desteklediler? Hitler\u2019i de onlar destekledi, Lenin\u2019i de onlar destekledi desem, \u00e7ok mu ileri gitmi\u015f olurum? Umar\u0131m cevab\u0131 kitab\u0131n i\u00e7inde bulacaks\u0131n\u0131z.<\/p>\n","protected":false},"excerpt":{"rendered":"<p>Bu kitapta yer alan bilgilerin \u00e7o\u011fu, titiz ve yo\u011fun ara\u015ft\u0131rmalar sonucunda elde edilen bilgilerden derlenen al\u0131nt\u0131lard\u0131r. Kitab\u0131n ba\u015flang\u0131c\u0131nda Yahudili\u011fin tarihini anlatmaya \u00e7al\u0131\u015ft\u0131m. Bir\u00e7ok eserde bu tarih,<span class=\"excerpt-hellip\"> [\u2026]<\/span><\/p>\n","protected":false},"featured_media":0,"template":"","meta":{"_monsterinsights_skip_tracking":false,"_monsterinsights_sitenote_active":false,"_monsterinsights_sitenote_note":"","_monsterinsights_sitenote_category":0},"product_brand":[],"product_cat":[12370,12304],"product_tag":[],"class_list":{"0":"post-749897","1":"product","2":"type-product","3":"status-publish","5":"product_cat-arastirma-inceleme","6":"product_cat-tarih","7":"pa_cilt-ciltsiz","8":"pa_tur-kitap","9":"pa_yayinevi-platanus-publishing","10":"pa_yazar-yilmaz-eskibina","12":"first","13":"instock","14":"sale","15":"shipping-taxable","16":"purchasable","17":"product-type-simple"},"_links":{"self":[{"href":"https:\/\/roveyayinevi.com.tr\/index.php\/wp-json\/wp\/v2\/product\/749897","targetHints":{"allow":["GET"]}}],"collection":[{"href":"https:\/\/roveyayinevi.com.tr\/index.php\/wp-json\/wp\/v2\/product"}],"about":[{"href":"https:\/\/roveyayinevi.com.tr\/index.php\/wp-json\/wp\/v2\/types\/product"}],"wp:attachment":[{"href":"https:\/\/roveyayinevi.com.tr\/index.php\/wp-json\/wp\/v2\/media?parent=749897"}],"wp:term":[{"taxonomy":"product_brand","embeddable":true,"href":"https:\/\/roveyayinevi.com.tr\/index.php\/wp-json\/wp\/v2\/product_brand?post=749897"},{"taxonomy":"product_cat","embeddable":true,"href":"https:\/\/roveyayinevi.com.tr\/index.php\/wp-json\/wp\/v2\/product_cat?post=749897"},{"taxonomy":"product_tag","embeddable":true,"href":"https:\/\/roveyayinevi.com.tr\/index.php\/wp-json\/wp\/v2\/product_tag?post=749897"}],"curies":[{"name":"wp","href":"https:\/\/api.w.org\/{rel}","templated":true}]}}