{"id":749896,"date":"2025-08-28T04:07:13","date_gmt":"2025-08-28T01:07:13","guid":{"rendered":"https:\/\/roveyayinevi.com.tr\/index.php\/urun\/hey-ben-yanlik\/"},"modified":"2026-04-16T03:03:13","modified_gmt":"2026-04-16T00:03:13","slug":"hey-ben-yanlik","status":"publish","type":"product","link":"https:\/\/roveyayinevi.com.tr\/index.php\/urun\/hey-ben-yanlik\/","title":{"rendered":"Hey Ben Yanl\u0131k"},"content":{"rendered":"<p>&#8220;A-aa&#8230; \u015eu an ger\u00e7ekten kitab\u0131n arka sayfas\u0131n\u0131 m\u0131 okuyorsun? \u00c7ok ilgin\u00e7. \u00c7\u00fcnk\u00fc inan arka kapa\u011fa ne yaz\u0131l\u0131r bilmiyorum. Sana nas\u0131l anlatabilirim? Bu kitap, s\u00fcre\u00e7 i\u00e7inde zihninin yans\u0131mas\u0131 olacak. Hep yapmak istedi\u011fin ama yapamad\u0131\u011f\u0131n, belki de benzerini deneyimlemek isteyip deneyimleyemedi\u011fin olaylara k\u00f6pr\u00fc olacak.&#8221;<\/p>\n","protected":false},"excerpt":{"rendered":"<p>&#8220;A-aa&#8230; \u015eu an ger\u00e7ekten kitab\u0131n arka sayfas\u0131n\u0131 m\u0131 okuyorsun? \u00c7ok ilgin\u00e7. \u00c7\u00fcnk\u00fc inan arka kapa\u011fa ne yaz\u0131l\u0131r bilmiyorum. Sana nas\u0131l anlatabilirim? Bu kitap, s\u00fcre\u00e7 i\u00e7inde zihninin<span class=\"excerpt-hellip\"> [\u2026]<\/span><\/p>\n","protected":false},"featured_media":0,"template":"","meta":{"_monsterinsights_skip_tracking":false,"_monsterinsights_sitenote_active":false,"_monsterinsights_sitenote_note":"","_monsterinsights_sitenote_category":0},"product_brand":[],"product_cat":[13488],"product_tag":[],"class_list":{"0":"post-749896","1":"product","2":"type-product","3":"status-publish","5":"product_cat-toplum-ve-insan","6":"pa_cilt-ciltsiz","7":"pa_tur-kitap","8":"pa_yayinevi-yediveren-yayinlari","9":"pa_yazar-dogukan-adal","11":"first","12":"instock","13":"sale","14":"shipping-taxable","15":"purchasable","16":"product-type-simple"},"_links":{"self":[{"href":"https:\/\/roveyayinevi.com.tr\/index.php\/wp-json\/wp\/v2\/product\/749896","targetHints":{"allow":["GET"]}}],"collection":[{"href":"https:\/\/roveyayinevi.com.tr\/index.php\/wp-json\/wp\/v2\/product"}],"about":[{"href":"https:\/\/roveyayinevi.com.tr\/index.php\/wp-json\/wp\/v2\/types\/product"}],"wp:attachment":[{"href":"https:\/\/roveyayinevi.com.tr\/index.php\/wp-json\/wp\/v2\/media?parent=749896"}],"wp:term":[{"taxonomy":"product_brand","embeddable":true,"href":"https:\/\/roveyayinevi.com.tr\/index.php\/wp-json\/wp\/v2\/product_brand?post=749896"},{"taxonomy":"product_cat","embeddable":true,"href":"https:\/\/roveyayinevi.com.tr\/index.php\/wp-json\/wp\/v2\/product_cat?post=749896"},{"taxonomy":"product_tag","embeddable":true,"href":"https:\/\/roveyayinevi.com.tr\/index.php\/wp-json\/wp\/v2\/product_tag?post=749896"}],"curies":[{"name":"wp","href":"https:\/\/api.w.org\/{rel}","templated":true}]}}