{"id":749894,"date":"2025-08-28T04:07:10","date_gmt":"2025-08-28T01:07:10","guid":{"rendered":"https:\/\/roveyayinevi.com.tr\/index.php\/urun\/narnia-gunlukleri-4-prens-caspian\/"},"modified":"2025-09-15T15:18:25","modified_gmt":"2025-09-15T12:18:25","slug":"narnia-gunlukleri-4-prens-caspian","status":"publish","type":"product","link":"https:\/\/roveyayinevi.com.tr\/index.php\/urun\/narnia-gunlukleri-4-prens-caspian\/","title":{"rendered":"Narnia G\u00fcnl\u00fckleri 4 &#8211; Prens Caspian"},"content":{"rendered":"<p>UZAKLARDAN GELEN \u00c7A\u011eRI K\u00f6t\u00fc bir h\u00fck\u00fcmdar\u0131n emrinde, halk\u0131n\u0131n tarihini unuttu\u011fu bir \u00fclke: NARN\u0130A Peter, Susan, Edmund ve Lucy, istasyonda kendilerini okullar\u0131na g\u00f6t\u00fcrecek trenleri beklerken b\u00fcy\u00fcn\u00fcn etkisini yine \u00fczerlerinde hissederler. Narnia taht\u0131n\u0131n yeni v\u00e2risi, \u00e7aresizlik i\u00e7inde yard\u0131ma ihtiya\u00e7 duymaktad\u0131r. <\/p>\n","protected":false},"excerpt":{"rendered":"<p>UZAKLARDAN GELEN \u00c7A\u011eRI K\u00f6t\u00fc bir h\u00fck\u00fcmdar\u0131n emrinde, halk\u0131n\u0131n tarihini unuttu\u011fu bir \u00fclke: NARN\u0130A Peter, Susan, Edmund ve Lucy, istasyonda kendilerini okullar\u0131na g\u00f6t\u00fcrecek trenleri beklerken b\u00fcy\u00fcn\u00fcn etkisini<span class=\"excerpt-hellip\"> [\u2026]<\/span><\/p>\n","protected":false},"featured_media":0,"template":"","meta":{"_monsterinsights_skip_tracking":false,"_monsterinsights_sitenote_active":false,"_monsterinsights_sitenote_note":"","_monsterinsights_sitenote_category":0},"product_brand":[],"product_cat":[12689,12274],"product_tag":[],"class_list":{"0":"post-749894","1":"product","2":"type-product","3":"status-publish","5":"product_cat-cizgi-roman-cocuk-ve-genclik-kitaplari","6":"product_cat-cocuk-ve-genclik-kitaplari","7":"pa_cilt-ciltsiz","8":"pa_tur-kitap","9":"pa_yayinevi-dogan-cocuk","10":"pa_yazar-c-s-lewis","12":"first","13":"instock","14":"sale","15":"shipping-taxable","16":"purchasable","17":"product-type-simple"},"_links":{"self":[{"href":"https:\/\/roveyayinevi.com.tr\/index.php\/wp-json\/wp\/v2\/product\/749894","targetHints":{"allow":["GET"]}}],"collection":[{"href":"https:\/\/roveyayinevi.com.tr\/index.php\/wp-json\/wp\/v2\/product"}],"about":[{"href":"https:\/\/roveyayinevi.com.tr\/index.php\/wp-json\/wp\/v2\/types\/product"}],"wp:attachment":[{"href":"https:\/\/roveyayinevi.com.tr\/index.php\/wp-json\/wp\/v2\/media?parent=749894"}],"wp:term":[{"taxonomy":"product_brand","embeddable":true,"href":"https:\/\/roveyayinevi.com.tr\/index.php\/wp-json\/wp\/v2\/product_brand?post=749894"},{"taxonomy":"product_cat","embeddable":true,"href":"https:\/\/roveyayinevi.com.tr\/index.php\/wp-json\/wp\/v2\/product_cat?post=749894"},{"taxonomy":"product_tag","embeddable":true,"href":"https:\/\/roveyayinevi.com.tr\/index.php\/wp-json\/wp\/v2\/product_tag?post=749894"}],"curies":[{"name":"wp","href":"https:\/\/api.w.org\/{rel}","templated":true}]}}